{"id":1243,"date":"2021-08-05T19:04:30","date_gmt":"2021-08-05T19:04:30","guid":{"rendered":"https:\/\/implanmorelia.org\/site\/?page_id=1243"},"modified":"2023-04-12T16:09:41","modified_gmt":"2023-04-12T16:09:41","slug":"bipem","status":"publish","type":"page","link":"https:\/\/implanmorelia.org\/site\/bipem\/","title":{"rendered":"BIPEM"},"content":{"rendered":"\n<div class=\"wp-block-image\"><figure class=\"aligncenter size-large is-resized\"><img loading=\"lazy\" decoding=\"async\" src=\"https:\/\/implanmorelia.org\/site\/wp-content\/themes\/implan\/img\/BIPEM.png\" alt=\"\" width=\"334\" height=\"167\"\/><\/figure><\/div>\n\n\n\n<p class=\"has-text-align-center has-medium-font-size\"><strong>\u00bfQu\u00e9 es el BIPEM? <\/strong><\/p>\n\n\n\n<p>El BIPEM es el <strong>B<\/strong>anco de<strong> I<\/strong>nstrumentos y <strong>P<\/strong>royectos <strong>E<\/strong>strat\u00e9gicos del Municipio de <strong>M<\/strong>orelia en el cual podr\u00e1s encontrar por un lado un repositorio de los instrumentos de planeaci\u00f3n estatales, regionales y municipales tales como planes de desarrollo, programas de desarrollo urbano, programas de ordenamiento territorial entre otros; y por otro lado un repositorio de proyectos estrat\u00e9gicos principalmente de infraestructura del municipio de Morelia ya sea que se hayan ejecutados en el pasado o que a\u00fan no se ejecutan y contribuyen al desarrollo sostenible del municipio y a conseguir la imagen objetivo de los instrumentos de planeaci\u00f3n.<\/p>\n\n\n\n<p><\/p>\n","protected":false},"excerpt":{"rendered":"<p>\u00bfQu\u00e9 es el BIPEM? El BIPEM es el Banco de Instrumentos y Proyectos Estrat\u00e9gicos del Municipio de Morelia en el cual podr\u00e1s encontrar por un lado un repositorio de los instrumentos de planeaci\u00f3n","protected":false},"author":1,"featured_media":0,"parent":0,"menu_order":0,"comment_status":"closed","ping_status":"closed","template":"","meta":{"_acf_changed":false,"inline_featured_image":false,"footnotes":""},"class_list":["post-1243","page","type-page","status-publish","hentry"],"acf":[],"yoast_head":"<!-- This site is optimized with the Yoast SEO plugin v24.2 - https:\/\/yoast.com\/wordpress\/plugins\/seo\/ -->\n<title>BIPEM - IMPLAN Morelia<\/title>\n<meta name=\"robots\" content=\"index, follow, max-snippet:-1, max-image-preview:large, max-video-preview:-1\" \/>\n<link rel=\"canonical\" href=\"https:\/\/implanmorelia.org\/site\/bipem\/\" \/>\n<meta property=\"og:locale\" content=\"es_MX\" \/>\n<meta property=\"og:type\" content=\"article\" \/>\n<meta property=\"og:title\" content=\"BIPEM - IMPLAN Morelia\" \/>\n<meta property=\"og:description\" content=\"\u00bfQu\u00e9 es el BIPEM? El BIPEM es el Banco de Instrumentos y Proyectos Estrat\u00e9gicos del Municipio de Morelia en el cual podr\u00e1s encontrar por un lado un repositorio de los instrumentos de planeaci\u00f3n estatales, regionales y municipales tales como planes de desarrollo, programas de desarrollo urbano, programas de ordenamiento territorial entre otros; y por otro [&hellip;]\" \/>\n<meta property=\"og:url\" content=\"https:\/\/implanmorelia.org\/site\/bipem\/\" \/>\n<meta property=\"og:site_name\" content=\"IMPLAN Morelia\" \/>\n<meta property=\"article:publisher\" content=\"https:\/\/www.facebook.com\/IMPLANmorelia\/\" \/>\n<meta property=\"article:modified_time\" content=\"2023-04-12T16:09:41+00:00\" \/>\n<meta property=\"og:image\" content=\"https:\/\/implanmorelia.org\/site\/wp-content\/themes\/implan\/img\/BIPEM.png\" \/>\n<meta name=\"twitter:card\" content=\"summary_large_image\" \/>\n<meta name=\"twitter:site\" content=\"@implanmorelia\" \/>\n<meta name=\"twitter:label1\" content=\"Tiempo de lectura\" \/>\n\t<meta name=\"twitter:data1\" content=\"1 minuto\" \/>\n<script type=\"application\/ld+json\" class=\"yoast-schema-graph\">{\"@context\":\"https:\/\/schema.org\",\"@graph\":[{\"@type\":\"WebPage\",\"@id\":\"https:\/\/implanmorelia.org\/site\/bipem\/\",\"url\":\"https:\/\/implanmorelia.org\/site\/bipem\/\",\"name\":\"BIPEM - IMPLAN Morelia\",\"isPartOf\":{\"@id\":\"https:\/\/implanmorelia.org\/site\/#website\"},\"primaryImageOfPage\":{\"@id\":\"https:\/\/implanmorelia.org\/site\/bipem\/#primaryimage\"},\"image\":{\"@id\":\"https:\/\/implanmorelia.org\/site\/bipem\/#primaryimage\"},\"thumbnailUrl\":\"https:\/\/implanmorelia.org\/site\/wp-content\/themes\/implan\/img\/BIPEM.png\",\"datePublished\":\"2021-08-05T19:04:30+00:00\",\"dateModified\":\"2023-04-12T16:09:41+00:00\",\"breadcrumb\":{\"@id\":\"https:\/\/implanmorelia.org\/site\/bipem\/#breadcrumb\"},\"inLanguage\":\"es\",\"potentialAction\":[{\"@type\":\"ReadAction\",\"target\":[\"https:\/\/implanmorelia.org\/site\/bipem\/\"]}]},{\"@type\":\"ImageObject\",\"inLanguage\":\"es\",\"@id\":\"https:\/\/implanmorelia.org\/site\/bipem\/#primaryimage\",\"url\":\"https:\/\/implanmorelia.org\/site\/wp-content\/themes\/implan\/img\/BIPEM.png\",\"contentUrl\":\"https:\/\/implanmorelia.org\/site\/wp-content\/themes\/implan\/img\/BIPEM.png\"},{\"@type\":\"BreadcrumbList\",\"@id\":\"https:\/\/implanmorelia.org\/site\/bipem\/#breadcrumb\",\"itemListElement\":[{\"@type\":\"ListItem\",\"position\":1,\"name\":\"Inicio\",\"item\":\"https:\/\/implanmorelia.org\/site\/\"},{\"@type\":\"ListItem\",\"position\":2,\"name\":\"BIPEM\"}]},{\"@type\":\"WebSite\",\"@id\":\"https:\/\/implanmorelia.org\/site\/#website\",\"url\":\"https:\/\/implanmorelia.org\/site\/\",\"name\":\"IMPLAN Morelia\",\"description\":\"Instituto Municipal de Planeci\u00f3n Morelia\",\"publisher\":{\"@id\":\"https:\/\/implanmorelia.org\/site\/#organization\"},\"potentialAction\":[{\"@type\":\"SearchAction\",\"target\":{\"@type\":\"EntryPoint\",\"urlTemplate\":\"https:\/\/implanmorelia.org\/site\/?s={search_term_string}\"},\"query-input\":{\"@type\":\"PropertyValueSpecification\",\"valueRequired\":true,\"valueName\":\"search_term_string\"}}],\"inLanguage\":\"es\"},{\"@type\":\"Organization\",\"@id\":\"https:\/\/implanmorelia.org\/site\/#organization\",\"name\":\"Instituto Municipal de Planeaci\u00f3n Morelia\",\"url\":\"https:\/\/implanmorelia.org\/site\/\",\"logo\":{\"@type\":\"ImageObject\",\"inLanguage\":\"es\",\"@id\":\"https:\/\/implanmorelia.org\/site\/#\/schema\/logo\/image\/\",\"url\":\"https:\/\/implanmorelia.org\/site\/wp-content\/uploads\/2020\/03\/IMPLAN-color.png\",\"contentUrl\":\"https:\/\/implanmorelia.org\/site\/wp-content\/uploads\/2020\/03\/IMPLAN-color.png\",\"width\":719,\"height\":381,\"caption\":\"Instituto Municipal de Planeaci\u00f3n Morelia\"},\"image\":{\"@id\":\"https:\/\/implanmorelia.org\/site\/#\/schema\/logo\/image\/\"},\"sameAs\":[\"https:\/\/www.facebook.com\/IMPLANmorelia\/\",\"https:\/\/x.com\/implanmorelia\",\"https:\/\/www.youtube.com\/channel\/UCfGOm_ex__MURcsr5L5JAwQ\"]}]}<\/script>\n<!-- \/ Yoast SEO plugin. -->","yoast_head_json":{"title":"BIPEM - IMPLAN Morelia","robots":{"index":"index","follow":"follow","max-snippet":"max-snippet:-1","max-image-preview":"max-image-preview:large","max-video-preview":"max-video-preview:-1"},"canonical":"https:\/\/implanmorelia.org\/site\/bipem\/","og_locale":"es_MX","og_type":"article","og_title":"BIPEM - IMPLAN Morelia","og_description":"\u00bfQu\u00e9 es el BIPEM? El BIPEM es el Banco de Instrumentos y Proyectos Estrat\u00e9gicos del Municipio de Morelia en el cual podr\u00e1s encontrar por un lado un repositorio de los instrumentos de planeaci\u00f3n estatales, regionales y municipales tales como planes de desarrollo, programas de desarrollo urbano, programas de ordenamiento territorial entre otros; y por otro [&hellip;]","og_url":"https:\/\/implanmorelia.org\/site\/bipem\/","og_site_name":"IMPLAN Morelia","article_publisher":"https:\/\/www.facebook.com\/IMPLANmorelia\/","article_modified_time":"2023-04-12T16:09:41+00:00","og_image":[{"url":"https:\/\/implanmorelia.org\/site\/wp-content\/themes\/implan\/img\/BIPEM.png","type":"","width":"","height":""}],"twitter_card":"summary_large_image","twitter_site":"@implanmorelia","twitter_misc":{"Tiempo de lectura":"1 minuto"},"schema":{"@context":"https:\/\/schema.org","@graph":[{"@type":"WebPage","@id":"https:\/\/implanmorelia.org\/site\/bipem\/","url":"https:\/\/implanmorelia.org\/site\/bipem\/","name":"BIPEM - IMPLAN Morelia","isPartOf":{"@id":"https:\/\/implanmorelia.org\/site\/#website"},"primaryImageOfPage":{"@id":"https:\/\/implanmorelia.org\/site\/bipem\/#primaryimage"},"image":{"@id":"https:\/\/implanmorelia.org\/site\/bipem\/#primaryimage"},"thumbnailUrl":"https:\/\/implanmorelia.org\/site\/wp-content\/themes\/implan\/img\/BIPEM.png","datePublished":"2021-08-05T19:04:30+00:00","dateModified":"2023-04-12T16:09:41+00:00","breadcrumb":{"@id":"https:\/\/implanmorelia.org\/site\/bipem\/#breadcrumb"},"inLanguage":"es","potentialAction":[{"@type":"ReadAction","target":["https:\/\/implanmorelia.org\/site\/bipem\/"]}]},{"@type":"ImageObject","inLanguage":"es","@id":"https:\/\/implanmorelia.org\/site\/bipem\/#primaryimage","url":"https:\/\/implanmorelia.org\/site\/wp-content\/themes\/implan\/img\/BIPEM.png","contentUrl":"https:\/\/implanmorelia.org\/site\/wp-content\/themes\/implan\/img\/BIPEM.png"},{"@type":"BreadcrumbList","@id":"https:\/\/implanmorelia.org\/site\/bipem\/#breadcrumb","itemListElement":[{"@type":"ListItem","position":1,"name":"Inicio","item":"https:\/\/implanmorelia.org\/site\/"},{"@type":"ListItem","position":2,"name":"BIPEM"}]},{"@type":"WebSite","@id":"https:\/\/implanmorelia.org\/site\/#website","url":"https:\/\/implanmorelia.org\/site\/","name":"IMPLAN Morelia","description":"Instituto Municipal de Planeci\u00f3n Morelia","publisher":{"@id":"https:\/\/implanmorelia.org\/site\/#organization"},"potentialAction":[{"@type":"SearchAction","target":{"@type":"EntryPoint","urlTemplate":"https:\/\/implanmorelia.org\/site\/?s={search_term_string}"},"query-input":{"@type":"PropertyValueSpecification","valueRequired":true,"valueName":"search_term_string"}}],"inLanguage":"es"},{"@type":"Organization","@id":"https:\/\/implanmorelia.org\/site\/#organization","name":"Instituto Municipal de Planeaci\u00f3n Morelia","url":"https:\/\/implanmorelia.org\/site\/","logo":{"@type":"ImageObject","inLanguage":"es","@id":"https:\/\/implanmorelia.org\/site\/#\/schema\/logo\/image\/","url":"https:\/\/implanmorelia.org\/site\/wp-content\/uploads\/2020\/03\/IMPLAN-color.png","contentUrl":"https:\/\/implanmorelia.org\/site\/wp-content\/uploads\/2020\/03\/IMPLAN-color.png","width":719,"height":381,"caption":"Instituto Municipal de Planeaci\u00f3n Morelia"},"image":{"@id":"https:\/\/implanmorelia.org\/site\/#\/schema\/logo\/image\/"},"sameAs":["https:\/\/www.facebook.com\/IMPLANmorelia\/","https:\/\/x.com\/implanmorelia","https:\/\/www.youtube.com\/channel\/UCfGOm_ex__MURcsr5L5JAwQ"]}]}},"_links":{"self":[{"href":"https:\/\/implanmorelia.org\/site\/wp-json\/wp\/v2\/pages\/1243","targetHints":{"allow":["GET"]}}],"collection":[{"href":"https:\/\/implanmorelia.org\/site\/wp-json\/wp\/v2\/pages"}],"about":[{"href":"https:\/\/implanmorelia.org\/site\/wp-json\/wp\/v2\/types\/page"}],"author":[{"embeddable":true,"href":"https:\/\/implanmorelia.org\/site\/wp-json\/wp\/v2\/users\/1"}],"replies":[{"embeddable":true,"href":"https:\/\/implanmorelia.org\/site\/wp-json\/wp\/v2\/comments?post=1243"}],"version-history":[{"count":4,"href":"https:\/\/implanmorelia.org\/site\/wp-json\/wp\/v2\/pages\/1243\/revisions"}],"predecessor-version":[{"id":6987,"href":"https:\/\/implanmorelia.org\/site\/wp-json\/wp\/v2\/pages\/1243\/revisions\/6987"}],"wp:attachment":[{"href":"https:\/\/implanmorelia.org\/site\/wp-json\/wp\/v2\/media?parent=1243"}],"curies":[{"name":"wp","href":"https:\/\/api.w.org\/{rel}","templated":true}]}}