{"id":1540,"date":"2021-08-31T22:29:42","date_gmt":"2021-08-31T22:29:42","guid":{"rendered":"https:\/\/implanmorelia.org\/site\/?page_id=1540"},"modified":"2022-02-22T19:52:13","modified_gmt":"2022-02-22T19:52:13","slug":"servicios-ecosistemicos","status":"publish","type":"page","link":"https:\/\/implanmorelia.org\/site\/servicios-ecosistemicos\/","title":{"rendered":"Servicios Ecosist\u00e9micos"},"content":{"rendered":"\n<div class=\"wp-block-group\"><div class=\"wp-block-group__inner-container is-layout-flow wp-block-group-is-layout-flow\">\n<ul class=\"wp-block-list\"><li> <strong>Acciones Clim\u00e1ticas Locales<\/strong> <ul><li><strong>Huertos Urbanos Comunitarios<\/strong><\/li><\/ul><\/li><\/ul>\n\n\n\n<p> El proyecto de \u201cImplementaci\u00f3n de un sistema integral de alimentaci\u00f3n\u201d fue desarrollado por la GIZ a trav\u00e9s de la la <strong>A.C. Banco de Alimentos de Michoac\u00e1n<\/strong>, se enfoc\u00f3 en establecer tres huertos comunitarios en espacios p\u00fablicos municipales en distintas colonias de la ciudad de Morelia. Estos huertos se adaptaron a las caracter\u00edsticas de cada lugar, con la finalidad de producir diversas hortalizas que contribuyan a la seguridad alimentaria de los habitantes de las colonias seleccionadas, ya que las personas beneficiarias dispusieron y disponen de los cultivos para complementar su alimentaci\u00f3n en cualquier momento; asegurando que sea nutricionalmente adecuada en t\u00e9rminos de calidad, cantidad y variedad. <\/p>\n<\/div><\/div>\n\n\n<style>.wp-block-kadence-spacer.kt-block-spacer-_dd8a12-25 .kt-block-spacer{height:70px;}.wp-block-kadence-spacer.kt-block-spacer-_dd8a12-25 .kt-divider{border-top-width:1px;height:1px;border-top-color:#eee;width:80%;border-top-style:solid;}<\/style>\n<div class=\"wp-block-kadence-spacer aligncenter kt-block-spacer-_dd8a12-25\"><div class=\"kt-block-spacer kt-block-spacer-halign-center\" style=\"height:70px\"><hr class=\"kt-divider\" style=\"border-top-color:rgba(238, 238, 238, 1);border-top-width:1px;width:80%;border-top-style:solid\"\/><\/div><\/div>\n\n\n\n<ul class=\"wp-block-list\"><li> <strong>Herramientas de Gesti\u00f3n<\/strong><ul><li><strong>Programa de Pago por Servicios Ambientales en Morelia <\/strong><\/li><\/ul><\/li><\/ul>\n\n\n\n<div class=\"wp-block-image\"><figure class=\"aligncenter size-large\"><img loading=\"lazy\" decoding=\"async\" width=\"800\" height=\"536\" src=\"https:\/\/implanmorelia.org\/site\/wp-content\/uploads\/2021\/08\/PSA_01_PAG.png\" alt=\"\" class=\"wp-image-1546\" srcset=\"https:\/\/implanmorelia.org\/site\/wp-content\/uploads\/2021\/08\/PSA_01_PAG.png 800w, https:\/\/implanmorelia.org\/site\/wp-content\/uploads\/2021\/08\/PSA_01_PAG-300x201.png 300w, https:\/\/implanmorelia.org\/site\/wp-content\/uploads\/2021\/08\/PSA_01_PAG-768x515.png 768w\" sizes=\"auto, (max-width: 800px) 100vw, 800px\" \/><\/figure><\/div>\n\n\n\n<p>Dicho estudio fue desarrollado por&nbsp; Conservation Strategy Fund (CSF), presenta los resultados del estudio Integraci\u00f3n de valoraci\u00f3n m\u00faltiple de Servicios Ecosist\u00e9micos en herramientas y decisiones de planeaci\u00f3n de tres ciudades mexicanas, en este caso para el municipio de Morelia, Michoac\u00e1n. Dentro de los temas medioambientales, una de las acciones es brindar acompa\u00f1amiento a un proceso de gobernanza y sensibilizaci\u00f3n para integrar los servicios ecosist\u00e9micos (SSEE) en la planeaci\u00f3n urbana. Dicho estudio tuvo como objetivo, identificar y estimar el valor de los SSEE que juegan un papel relevante en el municipio de Morelia, as\u00ed como asesorar a actores clave para que los valores identificados puedan incluirse en instrumentos de planeaci\u00f3n. A su vez, el estudio propone un mecanismo de financiamiento que tiene como objetivo contribuir con la conservaci\u00f3n de los SSEE identificados.\t<\/p>\n\n\n\n<p>En este trabajo se discute de manera general los elementos para el dise\u00f1o de un mecanismo de financiamiento para asegurar la provisi\u00f3n del SSEE de provisi\u00f3n de agua potable, en este caso un mecanismo de pago por servicios ambientales. <\/p>\n\n\n\n<p>Te invitamos a conocer un poco m\u00e1s acerca de este proyecto, a continuaci\u00f3n, en el siguiente URL podr\u00e1s descargar, visualizar y consultar el documento oficial.<\/p>\n\n\n<style>.wp-block-kadence-spacer.kt-block-spacer-_ff25b1-9a .kt-block-spacer{height:20px;}.wp-block-kadence-spacer.kt-block-spacer-_ff25b1-9a .kt-divider{border-top-width:1px;height:1px;border-top-color:#eee;width:80%;border-top-style:solid;}<\/style>\n<div class=\"wp-block-kadence-spacer aligncenter kt-block-spacer-_ff25b1-9a\"><div class=\"kt-block-spacer kt-block-spacer-halign-center\" style=\"height:20px\"><hr class=\"kt-divider\" style=\"border-top-color:rgba(238, 238, 238, 1);border-top-width:1px;width:80%;border-top-style:solid\"\/><\/div><\/div>\n\n\n\n<div class=\"wp-block-file\"><a href=\"https:\/\/implanmorelia.org\/site\/wp-content\/uploads\/2021\/08\/ES7-PSA.pdf\" target=\"_blank\" rel=\"noreferrer noopener\">PAGO POR SERVICIOS AMBIENTALES<\/a><a href=\"https:\/\/implanmorelia.org\/site\/wp-content\/uploads\/2021\/08\/ES7-PSA.pdf\" class=\"wp-block-file__button\" download>Descarga<\/a><\/div>\n\n\n<style>.wp-block-kadence-spacer.kt-block-spacer-_4921a0-5c .kt-block-spacer{height:50px;}.wp-block-kadence-spacer.kt-block-spacer-_4921a0-5c .kt-divider{border-top-width:1px;height:1px;border-top-color:#eee;width:80%;border-top-style:solid;}<\/style>\n<div class=\"wp-block-kadence-spacer aligncenter kt-block-spacer-_4921a0-5c\"><div class=\"kt-block-spacer kt-block-spacer-halign-center\" style=\"height:50px\"><hr class=\"kt-divider\" style=\"border-top-color:rgba(238, 238, 238, 1);border-top-width:1px;width:80%;border-top-style:solid\"\/><\/div><\/div>\n\n\n\n<ul class=\"wp-block-list\"><li><strong>Programa de Manejo de la Microcuenca de R\u00edo Chiquito<\/strong><\/li><\/ul>\n\n\n\n<div class=\"wp-block-image\"><figure class=\"aligncenter size-large is-resized\"><img loading=\"lazy\" decoding=\"async\" src=\"https:\/\/implanmorelia.org\/site\/wp-content\/uploads\/2021\/08\/imagen_2021-08-31_174919.png\" alt=\"\" class=\"wp-image-1552\" width=\"691\" height=\"654\" srcset=\"https:\/\/implanmorelia.org\/site\/wp-content\/uploads\/2021\/08\/imagen_2021-08-31_174919.png 796w, https:\/\/implanmorelia.org\/site\/wp-content\/uploads\/2021\/08\/imagen_2021-08-31_174919-300x284.png 300w, https:\/\/implanmorelia.org\/site\/wp-content\/uploads\/2021\/08\/imagen_2021-08-31_174919-768x727.png 768w\" sizes=\"auto, (max-width: 691px) 100vw, 691px\" \/><\/figure><\/div>\n\n\n<style>.wp-block-kadence-spacer.kt-block-spacer-_65b678-52 .kt-block-spacer{height:20px;}.wp-block-kadence-spacer.kt-block-spacer-_65b678-52 .kt-divider{border-top-width:1px;height:1px;border-top-color:#eee;width:80%;border-top-style:solid;}<\/style>\n<div class=\"wp-block-kadence-spacer aligncenter kt-block-spacer-_65b678-52\"><div class=\"kt-block-spacer kt-block-spacer-halign-center\" style=\"height:20px\"><hr class=\"kt-divider\" style=\"border-top-color:rgba(238, 238, 238, 1);border-top-width:1px;width:80%;border-top-style:solid\"\/><\/div><\/div>\n\n\n\n<p>Esta consultor\u00eda fue realizada por <strong>Reforestamos M\u00e9xico, A.C.<\/strong> titulada <em>\u201cInvolucrar a los actores locales en un proceso de planeaci\u00f3n territorial (diagn\u00f3stico, visi\u00f3n e implementaci\u00f3n de acciones) para el manejo de la microcuenca del r\u00edo Chiquito y evaluar el proceso como un modelo de aproximaci\u00f3n social replicable en otras microcuencas del municipio de Morelia\u201d.<\/em>  De esta colaboraci\u00f3n resultaron tres productos, el primero fue el <strong>Programa de manejo de la microcuenca del r\u00edo Chiquito<\/strong> elaborado de manera participativa. <\/p>\n\n\n\n<p>&nbsp;Reforestamos M\u00e9xico, A.C. sistematiz\u00f3 la informaci\u00f3n que se gener\u00f3 con base en el an\u00e1lisis y la reflexi\u00f3n sobre las experiencias de este proceso, este ejercicio es el segundo de los productos elaborados; <strong><em>Sistematizaci\u00f3n del proceso de involucramiento social para la planeaci\u00f3n del manejo integral la microcuenca del r\u00edo Chiquito, en Morelia, Michoac\u00e1n<\/em><\/strong>. Finalmente, se plasm\u00f3 en una <strong><em>Gu\u00eda para el involucramiento social en procesos de planeaci\u00f3n territorial con enfoque de cuenca <\/em><\/strong>una serie de recomendaciones que brinden orientaci\u00f3n tanto a Morelia, como a otros municipios y personas interesadas en detonar procesos participativos de planeaci\u00f3n territorial. En tal sentido, este documento recoge un recuento y an\u00e1lisis detallados de las actividades que se realizaron para el involucramiento social, las metodolog\u00edas que se aplicaron, as\u00ed como los resultados que se obtuvieron para la microcuenca.<\/p>\n\n\n\n<p>Te invitamos a conocer un poco m\u00e1s acerca de estos proyectos, a continuaci\u00f3n, en el siguiente URL podr\u00e1s descargar, visualizar y consultar los documentos oficiales:<br><\/p>\n\n\n<style>.wp-block-kadence-spacer.kt-block-spacer-_08cd07-5c .kt-block-spacer{height:20px;}.wp-block-kadence-spacer.kt-block-spacer-_08cd07-5c .kt-divider{border-top-width:1px;height:1px;border-top-color:#eee;width:80%;border-top-style:solid;}<\/style>\n<div class=\"wp-block-kadence-spacer aligncenter kt-block-spacer-_08cd07-5c\"><div class=\"kt-block-spacer kt-block-spacer-halign-center\" style=\"height:20px\"><hr class=\"kt-divider\" style=\"border-top-color:rgba(238, 238, 238, 1);border-top-width:1px;width:80%;border-top-style:solid\"\/><\/div><\/div>\n\n\n\n<div class=\"wp-block-file\"><a href=\"https:\/\/implanmorelia.org\/site\/wp-content\/uploads\/2021\/08\/MANEJO_INTEGRAL_RIO_CHIQUITO_MORELIA_V191129-12.06.pdf\">MANEJO INTEGRAL RIO CHIQUITO MORELIA<\/a><a href=\"https:\/\/implanmorelia.org\/site\/wp-content\/uploads\/2021\/08\/MANEJO_INTEGRAL_RIO_CHIQUITO_MORELIA_V191129-12.06.pdf\" class=\"wp-block-file__button\" download>Descarga<\/a><\/div>\n\n\n\n<div class=\"wp-block-file\"><a href=\"https:\/\/implanmorelia.org\/site\/wp-content\/uploads\/2021\/08\/Sistematizaci\u00f3n-r\u00edo-Chiquito_2019-ch.pdf\">SISTEMATIZACI\u00d3N RIO CHIQUITO MORELIA<\/a><a href=\"https:\/\/implanmorelia.org\/site\/wp-content\/uploads\/2021\/08\/Sistematizaci\u00f3n-r\u00edo-Chiquito_2019-ch.pdf\" class=\"wp-block-file__button\" download>Descarga<\/a><\/div>\n\n\n\n<div class=\"wp-block-file\"><a href=\"https:\/\/implanmorelia.org\/site\/wp-content\/uploads\/2021\/08\/Gui\u00eca-ri\u00eco-chiquito.pdf\">GUIA RIO CHIQUITO MORELIA<\/a><a href=\"https:\/\/implanmorelia.org\/site\/wp-content\/uploads\/2021\/08\/Gui\u00eca-ri\u00eco-chiquito.pdf\" class=\"wp-block-file__button\" download>Descarga<\/a><\/div>\n\n\n<style>.wp-block-kadence-spacer.kt-block-spacer-_44588a-fa .kt-block-spacer{height:50px;}.wp-block-kadence-spacer.kt-block-spacer-_44588a-fa .kt-divider{border-top-width:1px;height:1px;border-top-color:#eee;width:80%;border-top-style:solid;}<\/style>\n<div class=\"wp-block-kadence-spacer aligncenter kt-block-spacer-_44588a-fa\"><div class=\"kt-block-spacer kt-block-spacer-halign-center\" style=\"height:50px\"><hr class=\"kt-divider\" style=\"border-top-color:rgba(238, 238, 238, 1);border-top-width:1px;width:80%;border-top-style:solid\"\/><\/div><\/div>\n\n\n\n<ul class=\"wp-block-list\"><li><strong>Bases T\u00e9cnicas del Sistema Municipal de \u00c1reas de Valor Ambiental (SMAVA)<\/strong><\/li><\/ul>\n\n\n\n<div class=\"wp-block-image\"><figure class=\"aligncenter size-large\"><img loading=\"lazy\" decoding=\"async\" width=\"684\" height=\"487\" src=\"https:\/\/implanmorelia.org\/site\/wp-content\/uploads\/2021\/09\/imagen_2021-09-01_125807.png\" alt=\"\" class=\"wp-image-1563\" srcset=\"https:\/\/implanmorelia.org\/site\/wp-content\/uploads\/2021\/09\/imagen_2021-09-01_125807.png 684w, https:\/\/implanmorelia.org\/site\/wp-content\/uploads\/2021\/09\/imagen_2021-09-01_125807-300x214.png 300w\" sizes=\"auto, (max-width: 684px) 100vw, 684px\" \/><\/figure><\/div>\n\n\n\n<p> El objetivo principal de este estudio es cuantificar y mapear la provisi\u00f3n potencial de los servicios ecosist\u00e9micos de provisi\u00f3n superficial de agua, retenci\u00f3n de sedimentos, infiltraci\u00f3n de agua y almacenamiento de carbono, as\u00ed como identificar zonas prioritarias de provisi\u00f3n de servicios ecosist\u00e9micos bajo una perspectiva conceptual del paisaje urbano y su relaci\u00f3n a la vulnerabilidad h\u00eddrica y social. <\/p>\n\n\n\n<p>Te invitamos a conocer un poco m\u00e1s acerca de este proyecto, a continuaci\u00f3n, en el siguiente URL podr\u00e1s descargar, visualizar y consultar el documento oficial:<br><\/p>\n\n\n\n<div class=\"wp-block-file\"><a href=\"https:\/\/implanmorelia.org\/site\/wp-content\/uploads\/2021\/09\/ES2-MAPEO-SE-MORELIA.pdf\">MAPEO SERVICIOS ECOSIST\u00c9MICOS MORELIA<\/a><a href=\"https:\/\/implanmorelia.org\/site\/wp-content\/uploads\/2021\/09\/ES2-MAPEO-SE-MORELIA.pdf\" class=\"wp-block-file__button\" download>Descarga<\/a><\/div>\n\n\n<style>.wp-block-kadence-spacer.kt-block-spacer-_622236-ed .kt-block-spacer{height:60px;}.wp-block-kadence-spacer.kt-block-spacer-_622236-ed .kt-divider{border-top-width:1px;height:1px;border-top-color:#eee;width:80%;border-top-style:solid;}<\/style>\n<div class=\"wp-block-kadence-spacer aligncenter kt-block-spacer-_622236-ed\"><div class=\"kt-block-spacer kt-block-spacer-halign-center\" style=\"height:60px\"><hr class=\"kt-divider\" style=\"border-top-color:rgba(238, 238, 238, 1);border-top-width:1px;width:80%;border-top-style:solid\"\/><\/div><\/div>\n\n\n\n<p><br><\/p>\n","protected":false},"excerpt":{"rendered":"<p>Acciones Clim\u00e1ticas Locales Huertos Urbanos Comunitarios El proyecto de \u201cImplementaci\u00f3n de un sistema integral de alimentaci\u00f3n\u201d fue desarrollado por la GIZ a trav\u00e9s de la la A.C. Banco de Alimentos","protected":false},"author":1,"featured_media":1542,"parent":0,"menu_order":0,"comment_status":"closed","ping_status":"closed","template":"","meta":{"_acf_changed":false,"inline_featured_image":false,"footnotes":""},"class_list":["post-1540","page","type-page","status-publish","has-post-thumbnail","hentry"],"acf":[],"yoast_head":"<!-- This site is optimized with the Yoast SEO plugin v24.2 - https:\/\/yoast.com\/wordpress\/plugins\/seo\/ -->\n<title>Servicios Ecosist\u00e9micos - IMPLAN Morelia<\/title>\n<meta name=\"robots\" content=\"index, follow, max-snippet:-1, max-image-preview:large, max-video-preview:-1\" \/>\n<link rel=\"canonical\" href=\"https:\/\/implanmorelia.org\/site\/servicios-ecosistemicos\/\" \/>\n<meta property=\"og:locale\" content=\"es_MX\" \/>\n<meta property=\"og:type\" content=\"article\" \/>\n<meta property=\"og:title\" content=\"Servicios Ecosist\u00e9micos - IMPLAN Morelia\" \/>\n<meta property=\"og:description\" content=\"Acciones Clim\u00e1ticas Locales Huertos Urbanos Comunitarios El proyecto de \u201cImplementaci\u00f3n de un sistema integral de alimentaci\u00f3n\u201d fue desarrollado por la GIZ a trav\u00e9s de la la A.C. Banco de Alimentos de Michoac\u00e1n, se enfoc\u00f3 en establecer tres huertos comunitarios en espacios p\u00fablicos municipales en distintas colonias de la ciudad de Morelia. Estos huertos se adaptaron [&hellip;]\" \/>\n<meta property=\"og:url\" content=\"https:\/\/implanmorelia.org\/site\/servicios-ecosistemicos\/\" \/>\n<meta property=\"og:site_name\" content=\"IMPLAN Morelia\" \/>\n<meta property=\"article:publisher\" content=\"https:\/\/www.facebook.com\/IMPLANmorelia\/\" \/>\n<meta property=\"article:modified_time\" content=\"2022-02-22T19:52:13+00:00\" \/>\n<meta property=\"og:image\" content=\"https:\/\/implanmorelia.org\/site\/wp-content\/uploads\/2021\/08\/Servicios-Ecosist\u00e9micos_destacada.jpg\" \/>\n\t<meta property=\"og:image:width\" content=\"800\" \/>\n\t<meta property=\"og:image:height\" content=\"600\" \/>\n\t<meta property=\"og:image:type\" content=\"image\/jpeg\" \/>\n<meta name=\"twitter:card\" content=\"summary_large_image\" \/>\n<meta name=\"twitter:site\" content=\"@implanmorelia\" \/>\n<meta name=\"twitter:label1\" content=\"Tiempo de lectura\" \/>\n\t<meta name=\"twitter:data1\" content=\"4 minutos\" \/>\n<script type=\"application\/ld+json\" class=\"yoast-schema-graph\">{\"@context\":\"https:\/\/schema.org\",\"@graph\":[{\"@type\":\"WebPage\",\"@id\":\"https:\/\/implanmorelia.org\/site\/servicios-ecosistemicos\/\",\"url\":\"https:\/\/implanmorelia.org\/site\/servicios-ecosistemicos\/\",\"name\":\"Servicios Ecosist\u00e9micos - IMPLAN Morelia\",\"isPartOf\":{\"@id\":\"https:\/\/implanmorelia.org\/site\/#website\"},\"primaryImageOfPage\":{\"@id\":\"https:\/\/implanmorelia.org\/site\/servicios-ecosistemicos\/#primaryimage\"},\"image\":{\"@id\":\"https:\/\/implanmorelia.org\/site\/servicios-ecosistemicos\/#primaryimage\"},\"thumbnailUrl\":\"https:\/\/implanmorelia.org\/site\/wp-content\/uploads\/2021\/08\/Servicios-Ecosist\u00e9micos_destacada.jpg\",\"datePublished\":\"2021-08-31T22:29:42+00:00\",\"dateModified\":\"2022-02-22T19:52:13+00:00\",\"breadcrumb\":{\"@id\":\"https:\/\/implanmorelia.org\/site\/servicios-ecosistemicos\/#breadcrumb\"},\"inLanguage\":\"es\",\"potentialAction\":[{\"@type\":\"ReadAction\",\"target\":[\"https:\/\/implanmorelia.org\/site\/servicios-ecosistemicos\/\"]}]},{\"@type\":\"ImageObject\",\"inLanguage\":\"es\",\"@id\":\"https:\/\/implanmorelia.org\/site\/servicios-ecosistemicos\/#primaryimage\",\"url\":\"https:\/\/implanmorelia.org\/site\/wp-content\/uploads\/2021\/08\/Servicios-Ecosist\u00e9micos_destacada.jpg\",\"contentUrl\":\"https:\/\/implanmorelia.org\/site\/wp-content\/uploads\/2021\/08\/Servicios-Ecosist\u00e9micos_destacada.jpg\",\"width\":800,\"height\":600},{\"@type\":\"BreadcrumbList\",\"@id\":\"https:\/\/implanmorelia.org\/site\/servicios-ecosistemicos\/#breadcrumb\",\"itemListElement\":[{\"@type\":\"ListItem\",\"position\":1,\"name\":\"Inicio\",\"item\":\"https:\/\/implanmorelia.org\/site\/\"},{\"@type\":\"ListItem\",\"position\":2,\"name\":\"Servicios Ecosist\u00e9micos\"}]},{\"@type\":\"WebSite\",\"@id\":\"https:\/\/implanmorelia.org\/site\/#website\",\"url\":\"https:\/\/implanmorelia.org\/site\/\",\"name\":\"IMPLAN Morelia\",\"description\":\"Instituto Municipal de Planeci\u00f3n Morelia\",\"publisher\":{\"@id\":\"https:\/\/implanmorelia.org\/site\/#organization\"},\"potentialAction\":[{\"@type\":\"SearchAction\",\"target\":{\"@type\":\"EntryPoint\",\"urlTemplate\":\"https:\/\/implanmorelia.org\/site\/?s={search_term_string}\"},\"query-input\":{\"@type\":\"PropertyValueSpecification\",\"valueRequired\":true,\"valueName\":\"search_term_string\"}}],\"inLanguage\":\"es\"},{\"@type\":\"Organization\",\"@id\":\"https:\/\/implanmorelia.org\/site\/#organization\",\"name\":\"Instituto Municipal de Planeaci\u00f3n Morelia\",\"url\":\"https:\/\/implanmorelia.org\/site\/\",\"logo\":{\"@type\":\"ImageObject\",\"inLanguage\":\"es\",\"@id\":\"https:\/\/implanmorelia.org\/site\/#\/schema\/logo\/image\/\",\"url\":\"https:\/\/implanmorelia.org\/site\/wp-content\/uploads\/2020\/03\/IMPLAN-color.png\",\"contentUrl\":\"https:\/\/implanmorelia.org\/site\/wp-content\/uploads\/2020\/03\/IMPLAN-color.png\",\"width\":719,\"height\":381,\"caption\":\"Instituto Municipal de Planeaci\u00f3n Morelia\"},\"image\":{\"@id\":\"https:\/\/implanmorelia.org\/site\/#\/schema\/logo\/image\/\"},\"sameAs\":[\"https:\/\/www.facebook.com\/IMPLANmorelia\/\",\"https:\/\/x.com\/implanmorelia\",\"https:\/\/www.youtube.com\/channel\/UCfGOm_ex__MURcsr5L5JAwQ\"]}]}<\/script>\n<!-- \/ Yoast SEO plugin. -->","yoast_head_json":{"title":"Servicios Ecosist\u00e9micos - IMPLAN Morelia","robots":{"index":"index","follow":"follow","max-snippet":"max-snippet:-1","max-image-preview":"max-image-preview:large","max-video-preview":"max-video-preview:-1"},"canonical":"https:\/\/implanmorelia.org\/site\/servicios-ecosistemicos\/","og_locale":"es_MX","og_type":"article","og_title":"Servicios Ecosist\u00e9micos - IMPLAN Morelia","og_description":"Acciones Clim\u00e1ticas Locales Huertos Urbanos Comunitarios El proyecto de \u201cImplementaci\u00f3n de un sistema integral de alimentaci\u00f3n\u201d fue desarrollado por la GIZ a trav\u00e9s de la la A.C. Banco de Alimentos de Michoac\u00e1n, se enfoc\u00f3 en establecer tres huertos comunitarios en espacios p\u00fablicos municipales en distintas colonias de la ciudad de Morelia. Estos huertos se adaptaron [&hellip;]","og_url":"https:\/\/implanmorelia.org\/site\/servicios-ecosistemicos\/","og_site_name":"IMPLAN Morelia","article_publisher":"https:\/\/www.facebook.com\/IMPLANmorelia\/","article_modified_time":"2022-02-22T19:52:13+00:00","og_image":[{"width":800,"height":600,"url":"https:\/\/implanmorelia.org\/site\/wp-content\/uploads\/2021\/08\/Servicios-Ecosist\u00e9micos_destacada.jpg","type":"image\/jpeg"}],"twitter_card":"summary_large_image","twitter_site":"@implanmorelia","twitter_misc":{"Tiempo de lectura":"4 minutos"},"schema":{"@context":"https:\/\/schema.org","@graph":[{"@type":"WebPage","@id":"https:\/\/implanmorelia.org\/site\/servicios-ecosistemicos\/","url":"https:\/\/implanmorelia.org\/site\/servicios-ecosistemicos\/","name":"Servicios Ecosist\u00e9micos - IMPLAN Morelia","isPartOf":{"@id":"https:\/\/implanmorelia.org\/site\/#website"},"primaryImageOfPage":{"@id":"https:\/\/implanmorelia.org\/site\/servicios-ecosistemicos\/#primaryimage"},"image":{"@id":"https:\/\/implanmorelia.org\/site\/servicios-ecosistemicos\/#primaryimage"},"thumbnailUrl":"https:\/\/implanmorelia.org\/site\/wp-content\/uploads\/2021\/08\/Servicios-Ecosist\u00e9micos_destacada.jpg","datePublished":"2021-08-31T22:29:42+00:00","dateModified":"2022-02-22T19:52:13+00:00","breadcrumb":{"@id":"https:\/\/implanmorelia.org\/site\/servicios-ecosistemicos\/#breadcrumb"},"inLanguage":"es","potentialAction":[{"@type":"ReadAction","target":["https:\/\/implanmorelia.org\/site\/servicios-ecosistemicos\/"]}]},{"@type":"ImageObject","inLanguage":"es","@id":"https:\/\/implanmorelia.org\/site\/servicios-ecosistemicos\/#primaryimage","url":"https:\/\/implanmorelia.org\/site\/wp-content\/uploads\/2021\/08\/Servicios-Ecosist\u00e9micos_destacada.jpg","contentUrl":"https:\/\/implanmorelia.org\/site\/wp-content\/uploads\/2021\/08\/Servicios-Ecosist\u00e9micos_destacada.jpg","width":800,"height":600},{"@type":"BreadcrumbList","@id":"https:\/\/implanmorelia.org\/site\/servicios-ecosistemicos\/#breadcrumb","itemListElement":[{"@type":"ListItem","position":1,"name":"Inicio","item":"https:\/\/implanmorelia.org\/site\/"},{"@type":"ListItem","position":2,"name":"Servicios Ecosist\u00e9micos"}]},{"@type":"WebSite","@id":"https:\/\/implanmorelia.org\/site\/#website","url":"https:\/\/implanmorelia.org\/site\/","name":"IMPLAN Morelia","description":"Instituto Municipal de Planeci\u00f3n Morelia","publisher":{"@id":"https:\/\/implanmorelia.org\/site\/#organization"},"potentialAction":[{"@type":"SearchAction","target":{"@type":"EntryPoint","urlTemplate":"https:\/\/implanmorelia.org\/site\/?s={search_term_string}"},"query-input":{"@type":"PropertyValueSpecification","valueRequired":true,"valueName":"search_term_string"}}],"inLanguage":"es"},{"@type":"Organization","@id":"https:\/\/implanmorelia.org\/site\/#organization","name":"Instituto Municipal de Planeaci\u00f3n Morelia","url":"https:\/\/implanmorelia.org\/site\/","logo":{"@type":"ImageObject","inLanguage":"es","@id":"https:\/\/implanmorelia.org\/site\/#\/schema\/logo\/image\/","url":"https:\/\/implanmorelia.org\/site\/wp-content\/uploads\/2020\/03\/IMPLAN-color.png","contentUrl":"https:\/\/implanmorelia.org\/site\/wp-content\/uploads\/2020\/03\/IMPLAN-color.png","width":719,"height":381,"caption":"Instituto Municipal de Planeaci\u00f3n Morelia"},"image":{"@id":"https:\/\/implanmorelia.org\/site\/#\/schema\/logo\/image\/"},"sameAs":["https:\/\/www.facebook.com\/IMPLANmorelia\/","https:\/\/x.com\/implanmorelia","https:\/\/www.youtube.com\/channel\/UCfGOm_ex__MURcsr5L5JAwQ"]}]}},"_links":{"self":[{"href":"https:\/\/implanmorelia.org\/site\/wp-json\/wp\/v2\/pages\/1540","targetHints":{"allow":["GET"]}}],"collection":[{"href":"https:\/\/implanmorelia.org\/site\/wp-json\/wp\/v2\/pages"}],"about":[{"href":"https:\/\/implanmorelia.org\/site\/wp-json\/wp\/v2\/types\/page"}],"author":[{"embeddable":true,"href":"https:\/\/implanmorelia.org\/site\/wp-json\/wp\/v2\/users\/1"}],"replies":[{"embeddable":true,"href":"https:\/\/implanmorelia.org\/site\/wp-json\/wp\/v2\/comments?post=1540"}],"version-history":[{"count":4,"href":"https:\/\/implanmorelia.org\/site\/wp-json\/wp\/v2\/pages\/1540\/revisions"}],"predecessor-version":[{"id":2071,"href":"https:\/\/implanmorelia.org\/site\/wp-json\/wp\/v2\/pages\/1540\/revisions\/2071"}],"wp:featuredmedia":[{"embeddable":true,"href":"https:\/\/implanmorelia.org\/site\/wp-json\/wp\/v2\/media\/1542"}],"wp:attachment":[{"href":"https:\/\/implanmorelia.org\/site\/wp-json\/wp\/v2\/media?parent=1540"}],"curies":[{"name":"wp","href":"https:\/\/api.w.org\/{rel}","templated":true}]}}