{"id":1566,"date":"2021-09-01T18:25:30","date_gmt":"2021-09-01T18:25:30","guid":{"rendered":"https:\/\/implanmorelia.org\/site\/?page_id=1566"},"modified":"2021-09-01T18:26:31","modified_gmt":"2021-09-01T18:26:31","slug":"planeacion-urbana","status":"publish","type":"page","link":"https:\/\/implanmorelia.org\/site\/planeacion-urbana\/","title":{"rendered":"Planeaci\u00f3n Urbana"},"content":{"rendered":"<style>.wp-block-kadence-spacer.kt-block-spacer-_f5b94a-2e .kt-block-spacer{height:20px;}.wp-block-kadence-spacer.kt-block-spacer-_f5b94a-2e .kt-divider{border-top-width:1px;height:1px;border-top-color:#eee;width:80%;border-top-style:solid;}<\/style>\n<div class=\"wp-block-kadence-spacer aligncenter kt-block-spacer-_f5b94a-2e\"><div class=\"kt-block-spacer kt-block-spacer-halign-center\" style=\"height:20px\"><hr class=\"kt-divider\" style=\"border-top-color:rgba(238, 238, 238, 1);border-top-width:1px;width:80%;border-top-style:solid\"\/><\/div><\/div>\n\n\n\n<ul class=\"wp-block-list\"><li><strong>Escenarios de densificaci\u00f3n urbana en la ciudad de Morelia -CAPSUS<\/strong><\/li><\/ul>\n\n\n\n<div class=\"wp-block-image\"><figure class=\"aligncenter size-large\"><img loading=\"lazy\" decoding=\"async\" width=\"793\" height=\"349\" src=\"https:\/\/implanmorelia.org\/site\/wp-content\/uploads\/2021\/09\/imagen_2021-09-01_132008.png\" alt=\"\" class=\"wp-image-1569\" srcset=\"https:\/\/implanmorelia.org\/site\/wp-content\/uploads\/2021\/09\/imagen_2021-09-01_132008.png 793w, https:\/\/implanmorelia.org\/site\/wp-content\/uploads\/2021\/09\/imagen_2021-09-01_132008-300x132.png 300w, https:\/\/implanmorelia.org\/site\/wp-content\/uploads\/2021\/09\/imagen_2021-09-01_132008-768x338.png 768w\" sizes=\"auto, (max-width: 793px) 100vw, 793px\" \/><\/figure><\/div>\n\n\n\n<p>Como parte del componente de planeaci\u00f3n urbana, la Metodolog\u00eda para Evaluar los Beneficios de la Densificaci\u00f3n Urbana en la Ciudad de Morelia, de Capital Sustentable (CAPSUS), estableci\u00f3 mecanismos de medici\u00f3n sobre los beneficios de la implementaci\u00f3n del dise\u00f1o de acciones, los planes de infraestructura y las pol\u00edticas p\u00fablicas. Las tem\u00e1ticas est\u00e1n relacionadas con los aspectos ambientales, sociales y econ\u00f3micos que contribuyen al cambio clim\u00e1tico de Morelia, con lo que se originan indicadores. Los escenarios se plantearon con base a las problem\u00e1ticas urbanas y posibles acciones de pol\u00edticas identificadas entre el IMPLAN y GIZ, partiendo de la definici\u00f3n de indicadores, m\u00e9todos y palancas de pol\u00edtica p\u00fablica, recopilando la informaci\u00f3n tabular y espacial y configurando los escenarios. <\/p>\n\n\n\n<p>Te invitamos a conocer un poco m\u00e1s acerca de este proyecto, a continuaci\u00f3n, en el siguiente URL podr\u00e1s descargar, visualizar y consultar el documento oficial.<\/p>\n\n\n\n<div class=\"wp-block-file\"><a href=\"https:\/\/implanmorelia.org\/site\/wp-content\/uploads\/2021\/09\/ES3-CAPSUS-2018_EDCMM.pdf\">CAPSUS MORELIA<\/a><a href=\"https:\/\/implanmorelia.org\/site\/wp-content\/uploads\/2021\/09\/ES3-CAPSUS-2018_EDCMM.pdf\" class=\"wp-block-file__button\" download>Descarga<\/a><\/div>\n\n\n<style>.wp-block-kadence-spacer.kt-block-spacer-_cfb0fd-3a .kt-block-spacer{height:60px;}.wp-block-kadence-spacer.kt-block-spacer-_cfb0fd-3a .kt-divider{border-top-width:1px;height:1px;border-top-color:#eee;width:80%;border-top-style:solid;}<\/style>\n<div class=\"wp-block-kadence-spacer aligncenter kt-block-spacer-_cfb0fd-3a\"><div class=\"kt-block-spacer kt-block-spacer-halign-center\" style=\"height:60px\"><hr class=\"kt-divider\" style=\"border-top-color:rgba(238, 238, 238, 1);border-top-width:1px;width:80%;border-top-style:solid\"\/><\/div><\/div>\n","protected":false},"excerpt":{"rendered":"<p>Escenarios de densificaci\u00f3n urbana en la ciudad de Morelia -CAPSUS Como parte del componente de planeaci\u00f3n urbana, la Metodolog\u00eda para Evaluar los Beneficios de la Densificaci\u00f3n Urbana en la Ciudad","protected":false},"author":1,"featured_media":1567,"parent":0,"menu_order":0,"comment_status":"closed","ping_status":"closed","template":"","meta":{"_acf_changed":false,"inline_featured_image":false,"footnotes":""},"class_list":["post-1566","page","type-page","status-publish","has-post-thumbnail","hentry"],"acf":[],"yoast_head":"<!-- This site is optimized with the Yoast SEO plugin v24.2 - https:\/\/yoast.com\/wordpress\/plugins\/seo\/ -->\n<title>Planeaci\u00f3n Urbana - IMPLAN Morelia<\/title>\n<meta name=\"robots\" content=\"index, follow, max-snippet:-1, max-image-preview:large, max-video-preview:-1\" \/>\n<link rel=\"canonical\" href=\"https:\/\/implanmorelia.org\/site\/planeacion-urbana\/\" \/>\n<meta property=\"og:locale\" content=\"es_MX\" \/>\n<meta property=\"og:type\" content=\"article\" \/>\n<meta property=\"og:title\" content=\"Planeaci\u00f3n Urbana - IMPLAN Morelia\" \/>\n<meta property=\"og:description\" content=\"Escenarios de densificaci\u00f3n urbana en la ciudad de Morelia -CAPSUS Como parte del componente de planeaci\u00f3n urbana, la Metodolog\u00eda para Evaluar los Beneficios de la Densificaci\u00f3n Urbana en la Ciudad de Morelia, de Capital Sustentable (CAPSUS), estableci\u00f3 mecanismos de medici\u00f3n sobre los beneficios de la implementaci\u00f3n del dise\u00f1o de acciones, los planes de infraestructura y [&hellip;]\" \/>\n<meta property=\"og:url\" content=\"https:\/\/implanmorelia.org\/site\/planeacion-urbana\/\" \/>\n<meta property=\"og:site_name\" content=\"IMPLAN Morelia\" \/>\n<meta property=\"article:publisher\" content=\"https:\/\/www.facebook.com\/IMPLANmorelia\/\" \/>\n<meta property=\"article:modified_time\" content=\"2021-09-01T18:26:31+00:00\" \/>\n<meta property=\"og:image\" content=\"https:\/\/implanmorelia.org\/site\/wp-content\/uploads\/2021\/09\/Planeaci\u00f3n-Urbana_destacada.jpg\" \/>\n\t<meta property=\"og:image:width\" content=\"800\" \/>\n\t<meta property=\"og:image:height\" content=\"600\" \/>\n\t<meta property=\"og:image:type\" content=\"image\/jpeg\" \/>\n<meta name=\"twitter:card\" content=\"summary_large_image\" \/>\n<meta name=\"twitter:site\" content=\"@implanmorelia\" \/>\n<meta name=\"twitter:label1\" content=\"Tiempo de lectura\" \/>\n\t<meta name=\"twitter:data1\" content=\"1 minuto\" \/>\n<script type=\"application\/ld+json\" class=\"yoast-schema-graph\">{\"@context\":\"https:\/\/schema.org\",\"@graph\":[{\"@type\":\"WebPage\",\"@id\":\"https:\/\/implanmorelia.org\/site\/planeacion-urbana\/\",\"url\":\"https:\/\/implanmorelia.org\/site\/planeacion-urbana\/\",\"name\":\"Planeaci\u00f3n Urbana - IMPLAN Morelia\",\"isPartOf\":{\"@id\":\"https:\/\/implanmorelia.org\/site\/#website\"},\"primaryImageOfPage\":{\"@id\":\"https:\/\/implanmorelia.org\/site\/planeacion-urbana\/#primaryimage\"},\"image\":{\"@id\":\"https:\/\/implanmorelia.org\/site\/planeacion-urbana\/#primaryimage\"},\"thumbnailUrl\":\"https:\/\/implanmorelia.org\/site\/wp-content\/uploads\/2021\/09\/Planeaci\u00f3n-Urbana_destacada.jpg\",\"datePublished\":\"2021-09-01T18:25:30+00:00\",\"dateModified\":\"2021-09-01T18:26:31+00:00\",\"breadcrumb\":{\"@id\":\"https:\/\/implanmorelia.org\/site\/planeacion-urbana\/#breadcrumb\"},\"inLanguage\":\"es\",\"potentialAction\":[{\"@type\":\"ReadAction\",\"target\":[\"https:\/\/implanmorelia.org\/site\/planeacion-urbana\/\"]}]},{\"@type\":\"ImageObject\",\"inLanguage\":\"es\",\"@id\":\"https:\/\/implanmorelia.org\/site\/planeacion-urbana\/#primaryimage\",\"url\":\"https:\/\/implanmorelia.org\/site\/wp-content\/uploads\/2021\/09\/Planeaci\u00f3n-Urbana_destacada.jpg\",\"contentUrl\":\"https:\/\/implanmorelia.org\/site\/wp-content\/uploads\/2021\/09\/Planeaci\u00f3n-Urbana_destacada.jpg\",\"width\":800,\"height\":600},{\"@type\":\"BreadcrumbList\",\"@id\":\"https:\/\/implanmorelia.org\/site\/planeacion-urbana\/#breadcrumb\",\"itemListElement\":[{\"@type\":\"ListItem\",\"position\":1,\"name\":\"Inicio\",\"item\":\"https:\/\/implanmorelia.org\/site\/\"},{\"@type\":\"ListItem\",\"position\":2,\"name\":\"Planeaci\u00f3n Urbana\"}]},{\"@type\":\"WebSite\",\"@id\":\"https:\/\/implanmorelia.org\/site\/#website\",\"url\":\"https:\/\/implanmorelia.org\/site\/\",\"name\":\"IMPLAN Morelia\",\"description\":\"Instituto Municipal de Planeci\u00f3n Morelia\",\"publisher\":{\"@id\":\"https:\/\/implanmorelia.org\/site\/#organization\"},\"potentialAction\":[{\"@type\":\"SearchAction\",\"target\":{\"@type\":\"EntryPoint\",\"urlTemplate\":\"https:\/\/implanmorelia.org\/site\/?s={search_term_string}\"},\"query-input\":{\"@type\":\"PropertyValueSpecification\",\"valueRequired\":true,\"valueName\":\"search_term_string\"}}],\"inLanguage\":\"es\"},{\"@type\":\"Organization\",\"@id\":\"https:\/\/implanmorelia.org\/site\/#organization\",\"name\":\"Instituto Municipal de Planeaci\u00f3n Morelia\",\"url\":\"https:\/\/implanmorelia.org\/site\/\",\"logo\":{\"@type\":\"ImageObject\",\"inLanguage\":\"es\",\"@id\":\"https:\/\/implanmorelia.org\/site\/#\/schema\/logo\/image\/\",\"url\":\"https:\/\/implanmorelia.org\/site\/wp-content\/uploads\/2020\/03\/IMPLAN-color.png\",\"contentUrl\":\"https:\/\/implanmorelia.org\/site\/wp-content\/uploads\/2020\/03\/IMPLAN-color.png\",\"width\":719,\"height\":381,\"caption\":\"Instituto Municipal de Planeaci\u00f3n Morelia\"},\"image\":{\"@id\":\"https:\/\/implanmorelia.org\/site\/#\/schema\/logo\/image\/\"},\"sameAs\":[\"https:\/\/www.facebook.com\/IMPLANmorelia\/\",\"https:\/\/x.com\/implanmorelia\",\"https:\/\/www.youtube.com\/channel\/UCfGOm_ex__MURcsr5L5JAwQ\"]}]}<\/script>\n<!-- \/ Yoast SEO plugin. -->","yoast_head_json":{"title":"Planeaci\u00f3n Urbana - IMPLAN Morelia","robots":{"index":"index","follow":"follow","max-snippet":"max-snippet:-1","max-image-preview":"max-image-preview:large","max-video-preview":"max-video-preview:-1"},"canonical":"https:\/\/implanmorelia.org\/site\/planeacion-urbana\/","og_locale":"es_MX","og_type":"article","og_title":"Planeaci\u00f3n Urbana - IMPLAN Morelia","og_description":"Escenarios de densificaci\u00f3n urbana en la ciudad de Morelia -CAPSUS Como parte del componente de planeaci\u00f3n urbana, la Metodolog\u00eda para Evaluar los Beneficios de la Densificaci\u00f3n Urbana en la Ciudad de Morelia, de Capital Sustentable (CAPSUS), estableci\u00f3 mecanismos de medici\u00f3n sobre los beneficios de la implementaci\u00f3n del dise\u00f1o de acciones, los planes de infraestructura y [&hellip;]","og_url":"https:\/\/implanmorelia.org\/site\/planeacion-urbana\/","og_site_name":"IMPLAN Morelia","article_publisher":"https:\/\/www.facebook.com\/IMPLANmorelia\/","article_modified_time":"2021-09-01T18:26:31+00:00","og_image":[{"width":800,"height":600,"url":"https:\/\/implanmorelia.org\/site\/wp-content\/uploads\/2021\/09\/Planeaci\u00f3n-Urbana_destacada.jpg","type":"image\/jpeg"}],"twitter_card":"summary_large_image","twitter_site":"@implanmorelia","twitter_misc":{"Tiempo de lectura":"1 minuto"},"schema":{"@context":"https:\/\/schema.org","@graph":[{"@type":"WebPage","@id":"https:\/\/implanmorelia.org\/site\/planeacion-urbana\/","url":"https:\/\/implanmorelia.org\/site\/planeacion-urbana\/","name":"Planeaci\u00f3n Urbana - IMPLAN Morelia","isPartOf":{"@id":"https:\/\/implanmorelia.org\/site\/#website"},"primaryImageOfPage":{"@id":"https:\/\/implanmorelia.org\/site\/planeacion-urbana\/#primaryimage"},"image":{"@id":"https:\/\/implanmorelia.org\/site\/planeacion-urbana\/#primaryimage"},"thumbnailUrl":"https:\/\/implanmorelia.org\/site\/wp-content\/uploads\/2021\/09\/Planeaci\u00f3n-Urbana_destacada.jpg","datePublished":"2021-09-01T18:25:30+00:00","dateModified":"2021-09-01T18:26:31+00:00","breadcrumb":{"@id":"https:\/\/implanmorelia.org\/site\/planeacion-urbana\/#breadcrumb"},"inLanguage":"es","potentialAction":[{"@type":"ReadAction","target":["https:\/\/implanmorelia.org\/site\/planeacion-urbana\/"]}]},{"@type":"ImageObject","inLanguage":"es","@id":"https:\/\/implanmorelia.org\/site\/planeacion-urbana\/#primaryimage","url":"https:\/\/implanmorelia.org\/site\/wp-content\/uploads\/2021\/09\/Planeaci\u00f3n-Urbana_destacada.jpg","contentUrl":"https:\/\/implanmorelia.org\/site\/wp-content\/uploads\/2021\/09\/Planeaci\u00f3n-Urbana_destacada.jpg","width":800,"height":600},{"@type":"BreadcrumbList","@id":"https:\/\/implanmorelia.org\/site\/planeacion-urbana\/#breadcrumb","itemListElement":[{"@type":"ListItem","position":1,"name":"Inicio","item":"https:\/\/implanmorelia.org\/site\/"},{"@type":"ListItem","position":2,"name":"Planeaci\u00f3n Urbana"}]},{"@type":"WebSite","@id":"https:\/\/implanmorelia.org\/site\/#website","url":"https:\/\/implanmorelia.org\/site\/","name":"IMPLAN Morelia","description":"Instituto Municipal de Planeci\u00f3n Morelia","publisher":{"@id":"https:\/\/implanmorelia.org\/site\/#organization"},"potentialAction":[{"@type":"SearchAction","target":{"@type":"EntryPoint","urlTemplate":"https:\/\/implanmorelia.org\/site\/?s={search_term_string}"},"query-input":{"@type":"PropertyValueSpecification","valueRequired":true,"valueName":"search_term_string"}}],"inLanguage":"es"},{"@type":"Organization","@id":"https:\/\/implanmorelia.org\/site\/#organization","name":"Instituto Municipal de Planeaci\u00f3n Morelia","url":"https:\/\/implanmorelia.org\/site\/","logo":{"@type":"ImageObject","inLanguage":"es","@id":"https:\/\/implanmorelia.org\/site\/#\/schema\/logo\/image\/","url":"https:\/\/implanmorelia.org\/site\/wp-content\/uploads\/2020\/03\/IMPLAN-color.png","contentUrl":"https:\/\/implanmorelia.org\/site\/wp-content\/uploads\/2020\/03\/IMPLAN-color.png","width":719,"height":381,"caption":"Instituto Municipal de Planeaci\u00f3n Morelia"},"image":{"@id":"https:\/\/implanmorelia.org\/site\/#\/schema\/logo\/image\/"},"sameAs":["https:\/\/www.facebook.com\/IMPLANmorelia\/","https:\/\/x.com\/implanmorelia","https:\/\/www.youtube.com\/channel\/UCfGOm_ex__MURcsr5L5JAwQ"]}]}},"_links":{"self":[{"href":"https:\/\/implanmorelia.org\/site\/wp-json\/wp\/v2\/pages\/1566","targetHints":{"allow":["GET"]}}],"collection":[{"href":"https:\/\/implanmorelia.org\/site\/wp-json\/wp\/v2\/pages"}],"about":[{"href":"https:\/\/implanmorelia.org\/site\/wp-json\/wp\/v2\/types\/page"}],"author":[{"embeddable":true,"href":"https:\/\/implanmorelia.org\/site\/wp-json\/wp\/v2\/users\/1"}],"replies":[{"embeddable":true,"href":"https:\/\/implanmorelia.org\/site\/wp-json\/wp\/v2\/comments?post=1566"}],"version-history":[{"count":3,"href":"https:\/\/implanmorelia.org\/site\/wp-json\/wp\/v2\/pages\/1566\/revisions"}],"predecessor-version":[{"id":1574,"href":"https:\/\/implanmorelia.org\/site\/wp-json\/wp\/v2\/pages\/1566\/revisions\/1574"}],"wp:featuredmedia":[{"embeddable":true,"href":"https:\/\/implanmorelia.org\/site\/wp-json\/wp\/v2\/media\/1567"}],"wp:attachment":[{"href":"https:\/\/implanmorelia.org\/site\/wp-json\/wp\/v2\/media?parent=1566"}],"curies":[{"name":"wp","href":"https:\/\/api.w.org\/{rel}","templated":true}]}}