{"id":1889,"date":"2022-01-24T21:29:28","date_gmt":"2022-01-24T21:29:28","guid":{"rendered":"https:\/\/implanmorelia.org\/site\/?page_id=1889"},"modified":"2025-07-08T18:42:41","modified_gmt":"2025-07-08T18:42:41","slug":"lcdimplan","status":"publish","type":"page","link":"https:\/\/implanmorelia.org\/site\/lcdimplan\/","title":{"rendered":"Consejo Directivo IMPLAN Morelia"},"content":{"rendered":"\n<!DOCTYPE html>\n<html>\n<head>\n<style>\ntable {\n  font-family: arial, sans-serif;\n  border-collapse: collapse;\n  width: 100%;\n}\n\ntd, th {\n  border: 1px solid #dddddd;\n  text-align: left;\n  padding: 8px;\n}\n\ntr:nth-child(even) {\n  background-color: #dbebb5;\n}\n<\/style>\n<\/head>\n<body>\n\n<table>\n  <tr>\n    <th>Nombre<\/th>\n    <th>Cargo<\/th>\n  <\/tr>\n  <tr>\n    <td>Ing. Alfonso Mart\u00ednez Alc\u00e1zar<\/td>\n    <td>Presidente Del Consejo Directivo <\/td>\n  <\/tr>\n  <tr>\n    <td>C.P. Susan Melissa V\u00e1squez P\u00e9rez<\/td>\n    <td>S\u00edndica Municipal<\/td>\n  <\/tr>\n  <tr>\n    <td>Mtra. Mar\u00eda del Carmen L\u00f3pez Herrej\u00f3n<\/td>\n    <td>Contralora Municipal<\/td>\n  <\/tr>\n  <tr>\n    <td>C. Ver\u00f3nica Zamudio Ibarra<\/td>\n    <td>Regidora<\/td>\n  <\/tr>\n  <tr>\n    <td>C. Fausto Eduardo Vallejo Mora<\/td>\n    <td>Regidor<\/td>\n  <\/tr>\n  <tr>\n    <td>C. Lucila Mart\u00ednez Manr\u00edquez<\/td>\n    <td>Regidora<\/td>\n  <\/tr>\n  <tr>\n    <td>C. Huber Hugo Serv\u00edn Ch\u00e1vez<\/td>\n    <td>Regidor<\/td>\n  <\/tr>\n  <tr>\n    <td>C. Alejandro Gonz\u00e1lez Mart\u00ednez<\/td>\n    <td>Regidor<\/td>\n  <\/tr>\n  <tr>\n    <td>Mtra. Sandra Margarita Jim\u00e9nez L\u00f3pez<\/td>\n    <td>Vocal Ciudadano<\/td>\n  <\/tr>\n  <tr>\n    <td>C.P. \u00c1lvaro Torres Arenal<\/td>\n    <td>Vocal Ciudadano<\/td>\n  <\/tr>\n  <tr>\n    <td>Ing. Carlos Eduardo Garza Herrera<\/td>\n    <td>Vocal Ciudadano<\/td>\n  <\/tr>\n  <tr>\n    <td>Arq. Socorro Adriana Aguilar Gami\u00f1o<\/td>\n    <td>Vocal Ciudadano<\/td>\n  <\/tr>\n  <tr>\n    <td>C.P.C. Ma. de Lourdes V\u00e1zquez Moreno<\/td>\n    <td>Vocal Ciudadano<\/td>\n  <\/tr>\n  <tr>\n    <td>Dr. Rafael de Jes\u00fas Huacuz El\u00edas<\/td>\n    <td>Vocal Ciudadano<\/td>\n  <\/tr>\n    <tr>\n    <td>Mtra. Ma. Luisa Melgoza Del \u00c1ngel<\/td>\n    <td>Vocal Ciudadano<\/td>\n  <\/tr>\n    <tr>\n    <td>Mtra. Margarita Cano Villal\u00f3n<\/td>\n    <td>Vocal Ciudadano<\/td>\n  <\/tr>\n    <tr>\n    <td>Lic. Luisa Estela Le\u00f3n Mar\u00edn<\/td>\n    <td>Vocal Ciudadano<\/td>\n  <\/tr>\n    <tr>\n    <td>Mtro. Jes\u00fas Ismael Hern\u00e1ndez Garc\u00eda <\/td>\n    <td>Vocal Ciudadano<\/td>\n  <\/tr>\n    <tr>\n    <td>Mtro. Ra\u00fal Coria Tinoco<\/td>\n    <td>Vocal Ciudadano<\/td>\n  <\/tr>\n    <tr>\n    <td>Mtro. Eduardo Zaragoza Zu\u00f1iga<\/td>\n    <td>Vocal Ciudadano<\/td>\n  <\/tr>\n  <tr>\n    <td>Mtro. Rub\u00e9n Flores Mu\u00f1oz <\/td>\n    <td>Secretaria T\u00e9cnico Y Directora General <\/td>\n  <\/tr>\n<\/table>\n\n<\/body>\n<\/html>\n\n\n<style>.wp-block-kadence-spacer.kt-block-spacer-_9e30a3-d9 .kt-block-spacer{height:120px;}.wp-block-kadence-spacer.kt-block-spacer-_9e30a3-d9 .kt-divider{border-top-width:1px;height:1px;border-top-color:#eee;width:80%;border-top-style:solid;}<\/style>\n<div class=\"wp-block-kadence-spacer aligncenter kt-block-spacer-_9e30a3-d9\"><div class=\"kt-block-spacer kt-block-spacer-halign-center\" style=\"height:120px\"><hr class=\"kt-divider\" style=\"border-top-color:rgba(238, 238, 238, 1);border-top-width:1px;width:80%;border-top-style:solid\"\/><\/div><\/div>\n","protected":false},"excerpt":{"rendered":"<p>Nombre Cargo Ing. Alfonso Mart\u00ednez Alc\u00e1zar Presidente Del Consejo Directivo C.P. Susan Melissa V\u00e1squez P\u00e9rez S\u00edndica Municipal Mtra. Mar\u00eda del Carmen L\u00f3pez Herrej\u00f3n Contralora Municipal C. Ver\u00f3nica","protected":false},"author":1,"featured_media":0,"parent":0,"menu_order":0,"comment_status":"closed","ping_status":"closed","template":"","meta":{"_acf_changed":false,"inline_featured_image":false,"footnotes":""},"class_list":["post-1889","page","type-page","status-publish","hentry"],"acf":[],"yoast_head":"<!-- This site is optimized with the Yoast SEO plugin v24.2 - https:\/\/yoast.com\/wordpress\/plugins\/seo\/ -->\n<title>Consejo Directivo IMPLAN Morelia - IMPLAN Morelia<\/title>\n<meta name=\"robots\" content=\"index, follow, max-snippet:-1, max-image-preview:large, max-video-preview:-1\" \/>\n<link rel=\"canonical\" href=\"https:\/\/implanmorelia.org\/site\/lcdimplan\/\" \/>\n<meta property=\"og:locale\" content=\"es_MX\" \/>\n<meta property=\"og:type\" content=\"article\" \/>\n<meta property=\"og:title\" content=\"Consejo Directivo IMPLAN Morelia - IMPLAN Morelia\" \/>\n<meta property=\"og:description\" content=\"Nombre Cargo Ing. Alfonso Mart\u00ednez Alc\u00e1zar Presidente Del Consejo Directivo C.P. Susan Melissa V\u00e1squez P\u00e9rez S\u00edndica Municipal Mtra. Mar\u00eda del Carmen L\u00f3pez Herrej\u00f3n Contralora Municipal C. Ver\u00f3nica Zamudio Ibarra Regidora C. Fausto Eduardo Vallejo Mora Regidor C. Lucila Mart\u00ednez Manr\u00edquez Regidora C. Huber Hugo Serv\u00edn Ch\u00e1vez Regidor C. Alejandro Gonz\u00e1lez Mart\u00ednez Regidor Mtra. Sandra Margarita [&hellip;]\" \/>\n<meta property=\"og:url\" content=\"https:\/\/implanmorelia.org\/site\/lcdimplan\/\" \/>\n<meta property=\"og:site_name\" content=\"IMPLAN Morelia\" \/>\n<meta property=\"article:publisher\" content=\"https:\/\/www.facebook.com\/IMPLANmorelia\/\" \/>\n<meta property=\"article:modified_time\" content=\"2025-07-08T18:42:41+00:00\" \/>\n<meta name=\"twitter:card\" content=\"summary_large_image\" \/>\n<meta name=\"twitter:site\" content=\"@implanmorelia\" \/>\n<meta name=\"twitter:label1\" content=\"Tiempo de lectura\" \/>\n\t<meta name=\"twitter:data1\" content=\"1 minuto\" \/>\n<script type=\"application\/ld+json\" class=\"yoast-schema-graph\">{\"@context\":\"https:\/\/schema.org\",\"@graph\":[{\"@type\":\"WebPage\",\"@id\":\"https:\/\/implanmorelia.org\/site\/lcdimplan\/\",\"url\":\"https:\/\/implanmorelia.org\/site\/lcdimplan\/\",\"name\":\"Consejo Directivo IMPLAN Morelia - IMPLAN Morelia\",\"isPartOf\":{\"@id\":\"https:\/\/implanmorelia.org\/site\/#website\"},\"datePublished\":\"2022-01-24T21:29:28+00:00\",\"dateModified\":\"2025-07-08T18:42:41+00:00\",\"breadcrumb\":{\"@id\":\"https:\/\/implanmorelia.org\/site\/lcdimplan\/#breadcrumb\"},\"inLanguage\":\"es\",\"potentialAction\":[{\"@type\":\"ReadAction\",\"target\":[\"https:\/\/implanmorelia.org\/site\/lcdimplan\/\"]}]},{\"@type\":\"BreadcrumbList\",\"@id\":\"https:\/\/implanmorelia.org\/site\/lcdimplan\/#breadcrumb\",\"itemListElement\":[{\"@type\":\"ListItem\",\"position\":1,\"name\":\"Inicio\",\"item\":\"https:\/\/implanmorelia.org\/site\/\"},{\"@type\":\"ListItem\",\"position\":2,\"name\":\"Consejo Directivo IMPLAN Morelia\"}]},{\"@type\":\"WebSite\",\"@id\":\"https:\/\/implanmorelia.org\/site\/#website\",\"url\":\"https:\/\/implanmorelia.org\/site\/\",\"name\":\"IMPLAN Morelia\",\"description\":\"Instituto Municipal de Planeci\u00f3n Morelia\",\"publisher\":{\"@id\":\"https:\/\/implanmorelia.org\/site\/#organization\"},\"potentialAction\":[{\"@type\":\"SearchAction\",\"target\":{\"@type\":\"EntryPoint\",\"urlTemplate\":\"https:\/\/implanmorelia.org\/site\/?s={search_term_string}\"},\"query-input\":{\"@type\":\"PropertyValueSpecification\",\"valueRequired\":true,\"valueName\":\"search_term_string\"}}],\"inLanguage\":\"es\"},{\"@type\":\"Organization\",\"@id\":\"https:\/\/implanmorelia.org\/site\/#organization\",\"name\":\"Instituto Municipal de Planeaci\u00f3n Morelia\",\"url\":\"https:\/\/implanmorelia.org\/site\/\",\"logo\":{\"@type\":\"ImageObject\",\"inLanguage\":\"es\",\"@id\":\"https:\/\/implanmorelia.org\/site\/#\/schema\/logo\/image\/\",\"url\":\"https:\/\/implanmorelia.org\/site\/wp-content\/uploads\/2020\/03\/IMPLAN-color.png\",\"contentUrl\":\"https:\/\/implanmorelia.org\/site\/wp-content\/uploads\/2020\/03\/IMPLAN-color.png\",\"width\":719,\"height\":381,\"caption\":\"Instituto Municipal de Planeaci\u00f3n Morelia\"},\"image\":{\"@id\":\"https:\/\/implanmorelia.org\/site\/#\/schema\/logo\/image\/\"},\"sameAs\":[\"https:\/\/www.facebook.com\/IMPLANmorelia\/\",\"https:\/\/x.com\/implanmorelia\",\"https:\/\/www.youtube.com\/channel\/UCfGOm_ex__MURcsr5L5JAwQ\"]}]}<\/script>\n<!-- \/ Yoast SEO plugin. -->","yoast_head_json":{"title":"Consejo Directivo IMPLAN Morelia - IMPLAN Morelia","robots":{"index":"index","follow":"follow","max-snippet":"max-snippet:-1","max-image-preview":"max-image-preview:large","max-video-preview":"max-video-preview:-1"},"canonical":"https:\/\/implanmorelia.org\/site\/lcdimplan\/","og_locale":"es_MX","og_type":"article","og_title":"Consejo Directivo IMPLAN Morelia - IMPLAN Morelia","og_description":"Nombre Cargo Ing. Alfonso Mart\u00ednez Alc\u00e1zar Presidente Del Consejo Directivo C.P. Susan Melissa V\u00e1squez P\u00e9rez S\u00edndica Municipal Mtra. Mar\u00eda del Carmen L\u00f3pez Herrej\u00f3n Contralora Municipal C. Ver\u00f3nica Zamudio Ibarra Regidora C. Fausto Eduardo Vallejo Mora Regidor C. Lucila Mart\u00ednez Manr\u00edquez Regidora C. Huber Hugo Serv\u00edn Ch\u00e1vez Regidor C. Alejandro Gonz\u00e1lez Mart\u00ednez Regidor Mtra. Sandra Margarita [&hellip;]","og_url":"https:\/\/implanmorelia.org\/site\/lcdimplan\/","og_site_name":"IMPLAN Morelia","article_publisher":"https:\/\/www.facebook.com\/IMPLANmorelia\/","article_modified_time":"2025-07-08T18:42:41+00:00","twitter_card":"summary_large_image","twitter_site":"@implanmorelia","twitter_misc":{"Tiempo de lectura":"1 minuto"},"schema":{"@context":"https:\/\/schema.org","@graph":[{"@type":"WebPage","@id":"https:\/\/implanmorelia.org\/site\/lcdimplan\/","url":"https:\/\/implanmorelia.org\/site\/lcdimplan\/","name":"Consejo Directivo IMPLAN Morelia - IMPLAN Morelia","isPartOf":{"@id":"https:\/\/implanmorelia.org\/site\/#website"},"datePublished":"2022-01-24T21:29:28+00:00","dateModified":"2025-07-08T18:42:41+00:00","breadcrumb":{"@id":"https:\/\/implanmorelia.org\/site\/lcdimplan\/#breadcrumb"},"inLanguage":"es","potentialAction":[{"@type":"ReadAction","target":["https:\/\/implanmorelia.org\/site\/lcdimplan\/"]}]},{"@type":"BreadcrumbList","@id":"https:\/\/implanmorelia.org\/site\/lcdimplan\/#breadcrumb","itemListElement":[{"@type":"ListItem","position":1,"name":"Inicio","item":"https:\/\/implanmorelia.org\/site\/"},{"@type":"ListItem","position":2,"name":"Consejo Directivo IMPLAN Morelia"}]},{"@type":"WebSite","@id":"https:\/\/implanmorelia.org\/site\/#website","url":"https:\/\/implanmorelia.org\/site\/","name":"IMPLAN Morelia","description":"Instituto Municipal de Planeci\u00f3n Morelia","publisher":{"@id":"https:\/\/implanmorelia.org\/site\/#organization"},"potentialAction":[{"@type":"SearchAction","target":{"@type":"EntryPoint","urlTemplate":"https:\/\/implanmorelia.org\/site\/?s={search_term_string}"},"query-input":{"@type":"PropertyValueSpecification","valueRequired":true,"valueName":"search_term_string"}}],"inLanguage":"es"},{"@type":"Organization","@id":"https:\/\/implanmorelia.org\/site\/#organization","name":"Instituto Municipal de Planeaci\u00f3n Morelia","url":"https:\/\/implanmorelia.org\/site\/","logo":{"@type":"ImageObject","inLanguage":"es","@id":"https:\/\/implanmorelia.org\/site\/#\/schema\/logo\/image\/","url":"https:\/\/implanmorelia.org\/site\/wp-content\/uploads\/2020\/03\/IMPLAN-color.png","contentUrl":"https:\/\/implanmorelia.org\/site\/wp-content\/uploads\/2020\/03\/IMPLAN-color.png","width":719,"height":381,"caption":"Instituto Municipal de Planeaci\u00f3n Morelia"},"image":{"@id":"https:\/\/implanmorelia.org\/site\/#\/schema\/logo\/image\/"},"sameAs":["https:\/\/www.facebook.com\/IMPLANmorelia\/","https:\/\/x.com\/implanmorelia","https:\/\/www.youtube.com\/channel\/UCfGOm_ex__MURcsr5L5JAwQ"]}]}},"_links":{"self":[{"href":"https:\/\/implanmorelia.org\/site\/wp-json\/wp\/v2\/pages\/1889","targetHints":{"allow":["GET"]}}],"collection":[{"href":"https:\/\/implanmorelia.org\/site\/wp-json\/wp\/v2\/pages"}],"about":[{"href":"https:\/\/implanmorelia.org\/site\/wp-json\/wp\/v2\/types\/page"}],"author":[{"embeddable":true,"href":"https:\/\/implanmorelia.org\/site\/wp-json\/wp\/v2\/users\/1"}],"replies":[{"embeddable":true,"href":"https:\/\/implanmorelia.org\/site\/wp-json\/wp\/v2\/comments?post=1889"}],"version-history":[{"count":4,"href":"https:\/\/implanmorelia.org\/site\/wp-json\/wp\/v2\/pages\/1889\/revisions"}],"predecessor-version":[{"id":8428,"href":"https:\/\/implanmorelia.org\/site\/wp-json\/wp\/v2\/pages\/1889\/revisions\/8428"}],"wp:attachment":[{"href":"https:\/\/implanmorelia.org\/site\/wp-json\/wp\/v2\/media?parent=1889"}],"curies":[{"name":"wp","href":"https:\/\/api.w.org\/{rel}","templated":true}]}}