{"id":1978,"date":"2022-02-02T16:31:19","date_gmt":"2022-02-02T16:31:19","guid":{"rendered":"https:\/\/implanmorelia.org\/site\/?page_id=1978"},"modified":"2022-11-25T17:58:13","modified_gmt":"2022-11-25T17:58:13","slug":"ipppduznm","status":"publish","type":"page","link":"https:\/\/implanmorelia.org\/site\/ipppduznm\/","title":{"rendered":"Programa Parcial de Desarrollo Urbano de la Zona Norte Morelia"},"content":{"rendered":"\n<div class=\"wp-block-group\"><div class=\"wp-block-group__inner-container is-layout-flow wp-block-group-is-layout-flow\">\n<p> En esta secci\u00f3n se hace p\u00fablica la informaci\u00f3n relevante en esta materia:<\/p>\n\n\n\n<!DOCTYPE html>\n<html>\n<head>\n<meta name=\"viewport\" content=\"width=device-width, initial-scale=1\">\n<style>\n* {\n  box-sizing: border-box;\n\n}\n\nfont{\n    font-size: 15px;\n}\n\n#myInput {\n  background-image: url('\/css\/searchicon.png');\n  background-position: 10px 10px;\n  background-repeat: no-repeat;\n  width: 100%;\n  font-size: 16px;\n  padding: 12px 20px 12px 40px;\n  border: 1px solid #ddd;\n  margin-bottom: 12px;\n}\n\n#myTable {\n  border-collapse: collapse;\n  width: 100%;\n  border: 1px solid #ddd;\n  font-size: 18px;\n}\n\n#myTable th, #myTable td {\n  text-align:left;\n  padding: 12px;\n}\n\nth{\n\tfont-size: 16px; \n}\n#myTable tr {\n  border-bottom: 1px solid #ddd;\n}\n\n#myTable tr.header, #myTable tr:hover {\n  background-color: #f1f1f1;\n}\n<\/style>\n<\/head>\n<body>\n\n<input type=\"text\" id=\"myInput\" onkeyup=\"myFunction()\" placeholder=\"Buscar archivo...\" title=\"Type in a name\">\n\n<table id=\"myTable\">\n  <tr class=\"header\">\n    <!-- <th style=\"width:30%;text-align:left;\">Ejercicio<\/th> -->\n    <th style=\"width:70%;text-align:left;\">Descripci\u00f3n del documento<\/th>\n    <th style=\"width:30%;\">Archivo<\/th>\n  <\/tr>\n\n  <tr>\n    \n    <!-- <td><font size=4;color=#808080;>2022<\/font><\/td> -->\n \n    <td><font size=4;color=#808080;>Programa Parcial de Desarrollo Urbano de la Zona Norte (PPDUZN) de Morelia 2012 &#8211; Versi\u00f3n abreviada (POE)<\/font><\/td>\n \n    <td><a title=\"pdf\" href=\"https:\/\/implanmorelia.org\/site\/wp-content\/uploads\/2022\/02\/4_2_DECRETO_PROGRAMAS_PARCIALES.pdf\" target=\"_blank\" rel=\"noopener noreferrer\"><img decoding=\"async\" src=\"https:\/\/implanmorelia.org\/site\/wp-content\/uploads\/2022\/11\/ICONO_PDFF.png\" &ensp; style=\"width:10%;min-height:16px\"><\/td>\n \n   <\/tr>\n  \n  <tr>\n    \n   <!-- <td><font size=4;color=#808080;>2022<\/font><\/td> -->\n\n   <td><font size=4;color=#808080;>PPDUZN de Morelia 2012 &#8211; Versi\u00f3n extensa<\/font><\/td>\n\n   <td><a title=\"pdf\" href=\"https:\/\/implanmorelia.org\/site\/wp-content\/uploads\/2022\/02\/4_1_PROGRAMA_PARCIAL_DESARROLLO_URBANO_ZONA_NORTE_MORELIA_2012.pdf\" target=\"_blank\" rel=\"noopener noreferrer\"><img decoding=\"async\" src=\"https:\/\/implanmorelia.org\/site\/wp-content\/uploads\/2022\/11\/ICONO_PDFF.png\" &ensp; style=\"width:10%;min-height:16px\"><\/td>\n\n  <\/tr>\n\n   <tr>\n    \n    <!-- <td><font size=4;color=#808080;>2022<\/font><\/td> -->\n \n    <td><font size=4;color=#808080;>Zonificaci\u00f3n Secundaria de la Zona Norte Morelia<\/font><\/td>\n \n    <td><a title=\"pdf\" href=\"https:\/\/implanmorelia.org\/site\/wp-content\/uploads\/2022\/02\/4_3_ZONIF_SECUNDARIA_ZONA_NORTE_MORELIA_2012.pdf\" target=\"_blank\" rel=\"noopener noreferrer\"><img decoding=\"async\" src=\"https:\/\/implanmorelia.org\/site\/wp-content\/uploads\/2022\/11\/ICONO_PDFF.png\" &ensp; style=\"width:10%;min-height:16px\"><\/td>\n \n   <\/tr>\n\n<\/table>\n\n<script>\nfunction myFunction() {\n  var input, filter, table, tr, td, i;\n  input = document.getElementById(\"myInput\");\n  filter = input.value.toUpperCase();\n  table = document.getElementById(\"myTable\");\n  tr = table.getElementsByTagName(\"tr\");\n  for (i = 0; i < tr.length; i++) {\n    td = tr[i].getElementsByTagName(\"td\")[0];\n    if (td) {\n      if (td.innerHTML.toUpperCase().indexOf(filter) > -1) {\n        tr[i].style.display = \"\";\n      } else {\n        tr[i].style.display = \"none\";\n      }\n    }       \n  }\n}\n<\/script>\n\n<\/body>\n<\/html>\n\n\n<style>.wp-block-kadence-spacer.kt-block-spacer-_03c93d-d5 .kt-block-spacer{height:160px;}.wp-block-kadence-spacer.kt-block-spacer-_03c93d-d5 .kt-divider{border-top-width:1px;height:1px;border-top-color:#eee;width:80%;border-top-style:solid;}<\/style>\n<div class=\"wp-block-kadence-spacer aligncenter kt-block-spacer-_03c93d-d5\"><div class=\"kt-block-spacer kt-block-spacer-halign-center\" style=\"height:160px\"><hr class=\"kt-divider\" style=\"border-top-color:rgba(238, 238, 238, 1);border-top-width:1px;width:80%;border-top-style:solid\"\/><\/div><\/div>\n<\/div><\/div>\n","protected":false},"excerpt":{"rendered":"<p>En esta secci\u00f3n se hace p\u00fablica la informaci\u00f3n relevante en esta materia: Descripci\u00f3n del documento Archivo Programa Parcial de Desarrollo Urbano de la Zona Norte (PPDUZN) de Morelia 2012 &#8211;","protected":false},"author":1,"featured_media":0,"parent":0,"menu_order":0,"comment_status":"closed","ping_status":"closed","template":"","meta":{"_acf_changed":false,"inline_featured_image":false,"footnotes":""},"class_list":["post-1978","page","type-page","status-publish","hentry"],"acf":[],"yoast_head":"<!-- This site is optimized with the Yoast SEO plugin v24.2 - https:\/\/yoast.com\/wordpress\/plugins\/seo\/ -->\n<title>Programa Parcial de Desarrollo Urbano de la Zona Norte Morelia - IMPLAN Morelia<\/title>\n<meta name=\"robots\" content=\"index, follow, max-snippet:-1, max-image-preview:large, max-video-preview:-1\" \/>\n<link rel=\"canonical\" href=\"https:\/\/implanmorelia.org\/site\/ipppduznm\/\" \/>\n<meta property=\"og:locale\" content=\"es_MX\" \/>\n<meta property=\"og:type\" content=\"article\" \/>\n<meta property=\"og:title\" content=\"Programa Parcial de Desarrollo Urbano de la Zona Norte Morelia - IMPLAN Morelia\" \/>\n<meta property=\"og:description\" content=\"En esta secci\u00f3n se hace p\u00fablica la informaci\u00f3n relevante en esta materia: Descripci\u00f3n del documento Archivo Programa Parcial de Desarrollo Urbano de la Zona Norte (PPDUZN) de Morelia 2012 &#8211; Versi\u00f3n abreviada (POE) PPDUZN de Morelia 2012 &#8211; Versi\u00f3n extensa Zonificaci\u00f3n Secundaria de la Zona Norte Morelia\" \/>\n<meta property=\"og:url\" content=\"https:\/\/implanmorelia.org\/site\/ipppduznm\/\" \/>\n<meta property=\"og:site_name\" content=\"IMPLAN Morelia\" \/>\n<meta property=\"article:publisher\" content=\"https:\/\/www.facebook.com\/IMPLANmorelia\/\" \/>\n<meta property=\"article:modified_time\" content=\"2022-11-25T17:58:13+00:00\" \/>\n<meta property=\"og:image\" content=\"https:\/\/implanmorelia.org\/site\/wp-content\/uploads\/2022\/11\/ICONO_PDFF.png\" \/>\n<meta name=\"twitter:card\" content=\"summary_large_image\" \/>\n<meta name=\"twitter:site\" content=\"@implanmorelia\" \/>\n<script type=\"application\/ld+json\" class=\"yoast-schema-graph\">{\"@context\":\"https:\/\/schema.org\",\"@graph\":[{\"@type\":\"WebPage\",\"@id\":\"https:\/\/implanmorelia.org\/site\/ipppduznm\/\",\"url\":\"https:\/\/implanmorelia.org\/site\/ipppduznm\/\",\"name\":\"Programa Parcial de Desarrollo Urbano de la Zona Norte Morelia - IMPLAN Morelia\",\"isPartOf\":{\"@id\":\"https:\/\/implanmorelia.org\/site\/#website\"},\"primaryImageOfPage\":{\"@id\":\"https:\/\/implanmorelia.org\/site\/ipppduznm\/#primaryimage\"},\"image\":{\"@id\":\"https:\/\/implanmorelia.org\/site\/ipppduznm\/#primaryimage\"},\"thumbnailUrl\":\"https:\/\/implanmorelia.org\/site\/wp-content\/uploads\/2022\/11\/ICONO_PDFF.png\",\"datePublished\":\"2022-02-02T16:31:19+00:00\",\"dateModified\":\"2022-11-25T17:58:13+00:00\",\"breadcrumb\":{\"@id\":\"https:\/\/implanmorelia.org\/site\/ipppduznm\/#breadcrumb\"},\"inLanguage\":\"es\",\"potentialAction\":[{\"@type\":\"ReadAction\",\"target\":[\"https:\/\/implanmorelia.org\/site\/ipppduznm\/\"]}]},{\"@type\":\"ImageObject\",\"inLanguage\":\"es\",\"@id\":\"https:\/\/implanmorelia.org\/site\/ipppduznm\/#primaryimage\",\"url\":\"https:\/\/implanmorelia.org\/site\/wp-content\/uploads\/2022\/11\/ICONO_PDFF.png\",\"contentUrl\":\"https:\/\/implanmorelia.org\/site\/wp-content\/uploads\/2022\/11\/ICONO_PDFF.png\",\"width\":147,\"height\":168},{\"@type\":\"BreadcrumbList\",\"@id\":\"https:\/\/implanmorelia.org\/site\/ipppduznm\/#breadcrumb\",\"itemListElement\":[{\"@type\":\"ListItem\",\"position\":1,\"name\":\"Inicio\",\"item\":\"https:\/\/implanmorelia.org\/site\/\"},{\"@type\":\"ListItem\",\"position\":2,\"name\":\"Programa Parcial de Desarrollo Urbano de la Zona Norte Morelia\"}]},{\"@type\":\"WebSite\",\"@id\":\"https:\/\/implanmorelia.org\/site\/#website\",\"url\":\"https:\/\/implanmorelia.org\/site\/\",\"name\":\"IMPLAN Morelia\",\"description\":\"Instituto Municipal de Planeci\u00f3n Morelia\",\"publisher\":{\"@id\":\"https:\/\/implanmorelia.org\/site\/#organization\"},\"potentialAction\":[{\"@type\":\"SearchAction\",\"target\":{\"@type\":\"EntryPoint\",\"urlTemplate\":\"https:\/\/implanmorelia.org\/site\/?s={search_term_string}\"},\"query-input\":{\"@type\":\"PropertyValueSpecification\",\"valueRequired\":true,\"valueName\":\"search_term_string\"}}],\"inLanguage\":\"es\"},{\"@type\":\"Organization\",\"@id\":\"https:\/\/implanmorelia.org\/site\/#organization\",\"name\":\"Instituto Municipal de Planeaci\u00f3n Morelia\",\"url\":\"https:\/\/implanmorelia.org\/site\/\",\"logo\":{\"@type\":\"ImageObject\",\"inLanguage\":\"es\",\"@id\":\"https:\/\/implanmorelia.org\/site\/#\/schema\/logo\/image\/\",\"url\":\"https:\/\/implanmorelia.org\/site\/wp-content\/uploads\/2020\/03\/IMPLAN-color.png\",\"contentUrl\":\"https:\/\/implanmorelia.org\/site\/wp-content\/uploads\/2020\/03\/IMPLAN-color.png\",\"width\":719,\"height\":381,\"caption\":\"Instituto Municipal de Planeaci\u00f3n Morelia\"},\"image\":{\"@id\":\"https:\/\/implanmorelia.org\/site\/#\/schema\/logo\/image\/\"},\"sameAs\":[\"https:\/\/www.facebook.com\/IMPLANmorelia\/\",\"https:\/\/x.com\/implanmorelia\",\"https:\/\/www.youtube.com\/channel\/UCfGOm_ex__MURcsr5L5JAwQ\"]}]}<\/script>\n<!-- \/ Yoast SEO plugin. -->","yoast_head_json":{"title":"Programa Parcial de Desarrollo Urbano de la Zona Norte Morelia - IMPLAN Morelia","robots":{"index":"index","follow":"follow","max-snippet":"max-snippet:-1","max-image-preview":"max-image-preview:large","max-video-preview":"max-video-preview:-1"},"canonical":"https:\/\/implanmorelia.org\/site\/ipppduznm\/","og_locale":"es_MX","og_type":"article","og_title":"Programa Parcial de Desarrollo Urbano de la Zona Norte Morelia - IMPLAN Morelia","og_description":"En esta secci\u00f3n se hace p\u00fablica la informaci\u00f3n relevante en esta materia: Descripci\u00f3n del documento Archivo Programa Parcial de Desarrollo Urbano de la Zona Norte (PPDUZN) de Morelia 2012 &#8211; Versi\u00f3n abreviada (POE) PPDUZN de Morelia 2012 &#8211; Versi\u00f3n extensa Zonificaci\u00f3n Secundaria de la Zona Norte Morelia","og_url":"https:\/\/implanmorelia.org\/site\/ipppduznm\/","og_site_name":"IMPLAN Morelia","article_publisher":"https:\/\/www.facebook.com\/IMPLANmorelia\/","article_modified_time":"2022-11-25T17:58:13+00:00","og_image":[{"url":"https:\/\/implanmorelia.org\/site\/wp-content\/uploads\/2022\/11\/ICONO_PDFF.png","type":"","width":"","height":""}],"twitter_card":"summary_large_image","twitter_site":"@implanmorelia","schema":{"@context":"https:\/\/schema.org","@graph":[{"@type":"WebPage","@id":"https:\/\/implanmorelia.org\/site\/ipppduznm\/","url":"https:\/\/implanmorelia.org\/site\/ipppduznm\/","name":"Programa Parcial de Desarrollo Urbano de la Zona Norte Morelia - IMPLAN Morelia","isPartOf":{"@id":"https:\/\/implanmorelia.org\/site\/#website"},"primaryImageOfPage":{"@id":"https:\/\/implanmorelia.org\/site\/ipppduznm\/#primaryimage"},"image":{"@id":"https:\/\/implanmorelia.org\/site\/ipppduznm\/#primaryimage"},"thumbnailUrl":"https:\/\/implanmorelia.org\/site\/wp-content\/uploads\/2022\/11\/ICONO_PDFF.png","datePublished":"2022-02-02T16:31:19+00:00","dateModified":"2022-11-25T17:58:13+00:00","breadcrumb":{"@id":"https:\/\/implanmorelia.org\/site\/ipppduznm\/#breadcrumb"},"inLanguage":"es","potentialAction":[{"@type":"ReadAction","target":["https:\/\/implanmorelia.org\/site\/ipppduznm\/"]}]},{"@type":"ImageObject","inLanguage":"es","@id":"https:\/\/implanmorelia.org\/site\/ipppduznm\/#primaryimage","url":"https:\/\/implanmorelia.org\/site\/wp-content\/uploads\/2022\/11\/ICONO_PDFF.png","contentUrl":"https:\/\/implanmorelia.org\/site\/wp-content\/uploads\/2022\/11\/ICONO_PDFF.png","width":147,"height":168},{"@type":"BreadcrumbList","@id":"https:\/\/implanmorelia.org\/site\/ipppduznm\/#breadcrumb","itemListElement":[{"@type":"ListItem","position":1,"name":"Inicio","item":"https:\/\/implanmorelia.org\/site\/"},{"@type":"ListItem","position":2,"name":"Programa Parcial de Desarrollo Urbano de la Zona Norte Morelia"}]},{"@type":"WebSite","@id":"https:\/\/implanmorelia.org\/site\/#website","url":"https:\/\/implanmorelia.org\/site\/","name":"IMPLAN Morelia","description":"Instituto Municipal de Planeci\u00f3n Morelia","publisher":{"@id":"https:\/\/implanmorelia.org\/site\/#organization"},"potentialAction":[{"@type":"SearchAction","target":{"@type":"EntryPoint","urlTemplate":"https:\/\/implanmorelia.org\/site\/?s={search_term_string}"},"query-input":{"@type":"PropertyValueSpecification","valueRequired":true,"valueName":"search_term_string"}}],"inLanguage":"es"},{"@type":"Organization","@id":"https:\/\/implanmorelia.org\/site\/#organization","name":"Instituto Municipal de Planeaci\u00f3n Morelia","url":"https:\/\/implanmorelia.org\/site\/","logo":{"@type":"ImageObject","inLanguage":"es","@id":"https:\/\/implanmorelia.org\/site\/#\/schema\/logo\/image\/","url":"https:\/\/implanmorelia.org\/site\/wp-content\/uploads\/2020\/03\/IMPLAN-color.png","contentUrl":"https:\/\/implanmorelia.org\/site\/wp-content\/uploads\/2020\/03\/IMPLAN-color.png","width":719,"height":381,"caption":"Instituto Municipal de Planeaci\u00f3n Morelia"},"image":{"@id":"https:\/\/implanmorelia.org\/site\/#\/schema\/logo\/image\/"},"sameAs":["https:\/\/www.facebook.com\/IMPLANmorelia\/","https:\/\/x.com\/implanmorelia","https:\/\/www.youtube.com\/channel\/UCfGOm_ex__MURcsr5L5JAwQ"]}]}},"_links":{"self":[{"href":"https:\/\/implanmorelia.org\/site\/wp-json\/wp\/v2\/pages\/1978","targetHints":{"allow":["GET"]}}],"collection":[{"href":"https:\/\/implanmorelia.org\/site\/wp-json\/wp\/v2\/pages"}],"about":[{"href":"https:\/\/implanmorelia.org\/site\/wp-json\/wp\/v2\/types\/page"}],"author":[{"embeddable":true,"href":"https:\/\/implanmorelia.org\/site\/wp-json\/wp\/v2\/users\/1"}],"replies":[{"embeddable":true,"href":"https:\/\/implanmorelia.org\/site\/wp-json\/wp\/v2\/comments?post=1978"}],"version-history":[{"count":4,"href":"https:\/\/implanmorelia.org\/site\/wp-json\/wp\/v2\/pages\/1978\/revisions"}],"predecessor-version":[{"id":3982,"href":"https:\/\/implanmorelia.org\/site\/wp-json\/wp\/v2\/pages\/1978\/revisions\/3982"}],"wp:attachment":[{"href":"https:\/\/implanmorelia.org\/site\/wp-json\/wp\/v2\/media?parent=1978"}],"curies":[{"name":"wp","href":"https:\/\/api.w.org\/{rel}","templated":true}]}}