{"id":253,"date":"2020-02-10T21:05:36","date_gmt":"2020-02-10T21:05:36","guid":{"rendered":"https:\/\/implanmorelia.org\/site\/?page_id=253"},"modified":"2022-11-23T21:54:10","modified_gmt":"2022-11-23T21:54:10","slug":"datos-por-tema","status":"publish","type":"page","link":"https:\/\/implanmorelia.org\/site\/datos-por-tema\/","title":{"rendered":"Morelia en Datos"},"content":{"rendered":"\n<p>En esta secci\u00f3n podr\u00e1s encontrar informaci\u00f3n estad\u00edstica de calidad, pertinente, veraz y oportuna. En esta secci\u00f3n se recuperan datos de distintas fuentes y escalas, con la finalidad de que esta sirva en el mejor conocimiento del municipio y apoyar la toma de decisiones en el municipio y la regi\u00f3n.<\/p>\n\n\n\n<p>En el <strong>IMPLAN<\/strong> Morelia seguimos trabajando, te invitamos a conocer nuestro nuevo apartado de <strong><a rel=\"noreferrer noopener\" aria-label=\"Fichas Tem\u00e1ticas (abre en una nueva pesta\u00f1a)\" href=\"https:\/\/implanmorelia.org\/site\/fichas-tematicas-morelia\/\" target=\"_blank\">Fichas Tem\u00e1ticas<\/a><\/strong>, en este mismo podr\u00e1s encontrar datos actualizados, los cuales brindan informaci\u00f3n \u00fatil y conveniente acerca del el Municipio de Morelia.<\/p>\n\n\n<style>.wp-block-kadence-advancedbtn.kb-btns_3c86b7-1e{gap:var(--global-kb-gap-xs, 0.5rem );justify-content:center;align-items:center;}.kt-btns_3c86b7-1e .kt-button{font-family:Tahoma, Geneva, sans-serif;font-weight:bold;font-style:normal;text-transform:uppercase;}.kt-btns_3c86b7-1e .kt-btn-wrap-0{margin-right:5px;}.wp-block-kadence-advancedbtn.kt-btns_3c86b7-1e .kt-btn-wrap-0 .kt-button{color:#eeeeee;font-size:22px;background:#00833e;border-color:#555555;}.wp-block-kadence-advancedbtn.kt-btns_3c86b7-1e .kt-btn-wrap-0 .kt-button:hover, .wp-block-kadence-advancedbtn.kt-btns_3c86b7-1e .kt-btn-wrap-0 .kt-button:focus{color:#ffffff;border-color:#444444;}.wp-block-kadence-advancedbtn.kt-btns_3c86b7-1e .kt-btn-wrap-0 .kt-button::before{display:none;}.wp-block-kadence-advancedbtn.kt-btns_3c86b7-1e .kt-btn-wrap-0 .kt-button:hover, .wp-block-kadence-advancedbtn.kt-btns_3c86b7-1e .kt-btn-wrap-0 .kt-button:focus{background:#444444;}<\/style>\n<div class=\"wp-block-kadence-advancedbtn kt-btn-align-center kt-btn-tablet-align-inherit kt-btn-mobile-align-inherit kt-btns-wrap kt-btns_3c86b7-1e\"><div class=\"kt-btn-wrap kt-btn-wrap-0\"><a class=\"kt-button button kt-btn-0-action kt-btn-size-standard kt-btn-style-basic kt-btn-svg-show-always kt-btn-has-text-true kt-btn-has-svg-false\" href=\"https:\/\/implanmorelia.org\/site\/fichas-tematicas-morelia\/\" target=\"_blank\" rel=\"noreferrer noopener\" style=\"letter-spacing:5.3px\"><span class=\"kt-btn-inner-text\">Fichas Tem\u00e1ticas Morelia<\/span><\/a><\/div><\/div>\n","protected":false},"excerpt":{"rendered":"<p>En esta secci\u00f3n podr\u00e1s encontrar informaci\u00f3n estad\u00edstica de calidad, pertinente, veraz y oportuna. En esta secci\u00f3n se recuperan datos de distintas fuentes y escalas, con la finalidad de que esta","protected":false},"author":1,"featured_media":0,"parent":0,"menu_order":0,"comment_status":"closed","ping_status":"closed","template":"","meta":{"_acf_changed":false,"inline_featured_image":false,"footnotes":""},"class_list":["post-253","page","type-page","status-publish","hentry"],"acf":[],"yoast_head":"<!-- This site is optimized with the Yoast SEO plugin v24.2 - https:\/\/yoast.com\/wordpress\/plugins\/seo\/ -->\n<title>Morelia en Datos - IMPLAN Morelia<\/title>\n<meta name=\"robots\" content=\"index, follow, max-snippet:-1, max-image-preview:large, max-video-preview:-1\" \/>\n<link rel=\"canonical\" href=\"https:\/\/implanmorelia.org\/site\/datos-por-tema\/\" \/>\n<meta property=\"og:locale\" content=\"es_MX\" \/>\n<meta property=\"og:type\" content=\"article\" \/>\n<meta property=\"og:title\" content=\"Morelia en Datos - IMPLAN Morelia\" \/>\n<meta property=\"og:description\" content=\"En esta secci\u00f3n podr\u00e1s encontrar informaci\u00f3n estad\u00edstica de calidad, pertinente, veraz y oportuna. En esta secci\u00f3n se recuperan datos de distintas fuentes y escalas, con la finalidad de que esta sirva en el mejor conocimiento del municipio y apoyar la toma de decisiones en el municipio y la regi\u00f3n. En el IMPLAN Morelia seguimos trabajando, [&hellip;]\" \/>\n<meta property=\"og:url\" content=\"https:\/\/implanmorelia.org\/site\/datos-por-tema\/\" \/>\n<meta property=\"og:site_name\" content=\"IMPLAN Morelia\" \/>\n<meta property=\"article:publisher\" content=\"https:\/\/www.facebook.com\/IMPLANmorelia\/\" \/>\n<meta property=\"article:modified_time\" content=\"2022-11-23T21:54:10+00:00\" \/>\n<meta name=\"twitter:card\" content=\"summary_large_image\" \/>\n<meta name=\"twitter:site\" content=\"@implanmorelia\" \/>\n<script type=\"application\/ld+json\" class=\"yoast-schema-graph\">{\"@context\":\"https:\/\/schema.org\",\"@graph\":[{\"@type\":\"WebPage\",\"@id\":\"https:\/\/implanmorelia.org\/site\/datos-por-tema\/\",\"url\":\"https:\/\/implanmorelia.org\/site\/datos-por-tema\/\",\"name\":\"Morelia en Datos - IMPLAN Morelia\",\"isPartOf\":{\"@id\":\"https:\/\/implanmorelia.org\/site\/#website\"},\"datePublished\":\"2020-02-10T21:05:36+00:00\",\"dateModified\":\"2022-11-23T21:54:10+00:00\",\"breadcrumb\":{\"@id\":\"https:\/\/implanmorelia.org\/site\/datos-por-tema\/#breadcrumb\"},\"inLanguage\":\"es\",\"potentialAction\":[{\"@type\":\"ReadAction\",\"target\":[\"https:\/\/implanmorelia.org\/site\/datos-por-tema\/\"]}]},{\"@type\":\"BreadcrumbList\",\"@id\":\"https:\/\/implanmorelia.org\/site\/datos-por-tema\/#breadcrumb\",\"itemListElement\":[{\"@type\":\"ListItem\",\"position\":1,\"name\":\"Inicio\",\"item\":\"https:\/\/implanmorelia.org\/site\/\"},{\"@type\":\"ListItem\",\"position\":2,\"name\":\"Morelia en Datos\"}]},{\"@type\":\"WebSite\",\"@id\":\"https:\/\/implanmorelia.org\/site\/#website\",\"url\":\"https:\/\/implanmorelia.org\/site\/\",\"name\":\"IMPLAN Morelia\",\"description\":\"Instituto Municipal de Planeci\u00f3n Morelia\",\"publisher\":{\"@id\":\"https:\/\/implanmorelia.org\/site\/#organization\"},\"potentialAction\":[{\"@type\":\"SearchAction\",\"target\":{\"@type\":\"EntryPoint\",\"urlTemplate\":\"https:\/\/implanmorelia.org\/site\/?s={search_term_string}\"},\"query-input\":{\"@type\":\"PropertyValueSpecification\",\"valueRequired\":true,\"valueName\":\"search_term_string\"}}],\"inLanguage\":\"es\"},{\"@type\":\"Organization\",\"@id\":\"https:\/\/implanmorelia.org\/site\/#organization\",\"name\":\"Instituto Municipal de Planeaci\u00f3n Morelia\",\"url\":\"https:\/\/implanmorelia.org\/site\/\",\"logo\":{\"@type\":\"ImageObject\",\"inLanguage\":\"es\",\"@id\":\"https:\/\/implanmorelia.org\/site\/#\/schema\/logo\/image\/\",\"url\":\"https:\/\/implanmorelia.org\/site\/wp-content\/uploads\/2020\/03\/IMPLAN-color.png\",\"contentUrl\":\"https:\/\/implanmorelia.org\/site\/wp-content\/uploads\/2020\/03\/IMPLAN-color.png\",\"width\":719,\"height\":381,\"caption\":\"Instituto Municipal de Planeaci\u00f3n Morelia\"},\"image\":{\"@id\":\"https:\/\/implanmorelia.org\/site\/#\/schema\/logo\/image\/\"},\"sameAs\":[\"https:\/\/www.facebook.com\/IMPLANmorelia\/\",\"https:\/\/x.com\/implanmorelia\",\"https:\/\/www.youtube.com\/channel\/UCfGOm_ex__MURcsr5L5JAwQ\"]}]}<\/script>\n<!-- \/ Yoast SEO plugin. -->","yoast_head_json":{"title":"Morelia en Datos - IMPLAN Morelia","robots":{"index":"index","follow":"follow","max-snippet":"max-snippet:-1","max-image-preview":"max-image-preview:large","max-video-preview":"max-video-preview:-1"},"canonical":"https:\/\/implanmorelia.org\/site\/datos-por-tema\/","og_locale":"es_MX","og_type":"article","og_title":"Morelia en Datos - IMPLAN Morelia","og_description":"En esta secci\u00f3n podr\u00e1s encontrar informaci\u00f3n estad\u00edstica de calidad, pertinente, veraz y oportuna. En esta secci\u00f3n se recuperan datos de distintas fuentes y escalas, con la finalidad de que esta sirva en el mejor conocimiento del municipio y apoyar la toma de decisiones en el municipio y la regi\u00f3n. En el IMPLAN Morelia seguimos trabajando, [&hellip;]","og_url":"https:\/\/implanmorelia.org\/site\/datos-por-tema\/","og_site_name":"IMPLAN Morelia","article_publisher":"https:\/\/www.facebook.com\/IMPLANmorelia\/","article_modified_time":"2022-11-23T21:54:10+00:00","twitter_card":"summary_large_image","twitter_site":"@implanmorelia","schema":{"@context":"https:\/\/schema.org","@graph":[{"@type":"WebPage","@id":"https:\/\/implanmorelia.org\/site\/datos-por-tema\/","url":"https:\/\/implanmorelia.org\/site\/datos-por-tema\/","name":"Morelia en Datos - IMPLAN Morelia","isPartOf":{"@id":"https:\/\/implanmorelia.org\/site\/#website"},"datePublished":"2020-02-10T21:05:36+00:00","dateModified":"2022-11-23T21:54:10+00:00","breadcrumb":{"@id":"https:\/\/implanmorelia.org\/site\/datos-por-tema\/#breadcrumb"},"inLanguage":"es","potentialAction":[{"@type":"ReadAction","target":["https:\/\/implanmorelia.org\/site\/datos-por-tema\/"]}]},{"@type":"BreadcrumbList","@id":"https:\/\/implanmorelia.org\/site\/datos-por-tema\/#breadcrumb","itemListElement":[{"@type":"ListItem","position":1,"name":"Inicio","item":"https:\/\/implanmorelia.org\/site\/"},{"@type":"ListItem","position":2,"name":"Morelia en Datos"}]},{"@type":"WebSite","@id":"https:\/\/implanmorelia.org\/site\/#website","url":"https:\/\/implanmorelia.org\/site\/","name":"IMPLAN Morelia","description":"Instituto Municipal de Planeci\u00f3n Morelia","publisher":{"@id":"https:\/\/implanmorelia.org\/site\/#organization"},"potentialAction":[{"@type":"SearchAction","target":{"@type":"EntryPoint","urlTemplate":"https:\/\/implanmorelia.org\/site\/?s={search_term_string}"},"query-input":{"@type":"PropertyValueSpecification","valueRequired":true,"valueName":"search_term_string"}}],"inLanguage":"es"},{"@type":"Organization","@id":"https:\/\/implanmorelia.org\/site\/#organization","name":"Instituto Municipal de Planeaci\u00f3n Morelia","url":"https:\/\/implanmorelia.org\/site\/","logo":{"@type":"ImageObject","inLanguage":"es","@id":"https:\/\/implanmorelia.org\/site\/#\/schema\/logo\/image\/","url":"https:\/\/implanmorelia.org\/site\/wp-content\/uploads\/2020\/03\/IMPLAN-color.png","contentUrl":"https:\/\/implanmorelia.org\/site\/wp-content\/uploads\/2020\/03\/IMPLAN-color.png","width":719,"height":381,"caption":"Instituto Municipal de Planeaci\u00f3n Morelia"},"image":{"@id":"https:\/\/implanmorelia.org\/site\/#\/schema\/logo\/image\/"},"sameAs":["https:\/\/www.facebook.com\/IMPLANmorelia\/","https:\/\/x.com\/implanmorelia","https:\/\/www.youtube.com\/channel\/UCfGOm_ex__MURcsr5L5JAwQ"]}]}},"_links":{"self":[{"href":"https:\/\/implanmorelia.org\/site\/wp-json\/wp\/v2\/pages\/253","targetHints":{"allow":["GET"]}}],"collection":[{"href":"https:\/\/implanmorelia.org\/site\/wp-json\/wp\/v2\/pages"}],"about":[{"href":"https:\/\/implanmorelia.org\/site\/wp-json\/wp\/v2\/types\/page"}],"author":[{"embeddable":true,"href":"https:\/\/implanmorelia.org\/site\/wp-json\/wp\/v2\/users\/1"}],"replies":[{"embeddable":true,"href":"https:\/\/implanmorelia.org\/site\/wp-json\/wp\/v2\/comments?post=253"}],"version-history":[{"count":4,"href":"https:\/\/implanmorelia.org\/site\/wp-json\/wp\/v2\/pages\/253\/revisions"}],"predecessor-version":[{"id":3927,"href":"https:\/\/implanmorelia.org\/site\/wp-json\/wp\/v2\/pages\/253\/revisions\/3927"}],"wp:attachment":[{"href":"https:\/\/implanmorelia.org\/site\/wp-json\/wp\/v2\/media?parent=253"}],"curies":[{"name":"wp","href":"https:\/\/api.w.org\/{rel}","templated":true}]}}