{"id":2638,"date":"2022-08-03T16:11:03","date_gmt":"2022-08-03T16:11:03","guid":{"rendered":"https:\/\/implanmorelia.org\/site\/?page_id=2638"},"modified":"2022-11-25T18:09:30","modified_gmt":"2022-11-25T18:09:30","slug":"atlas-de-riesgos-geologicos-morelia-2011","status":"publish","type":"page","link":"https:\/\/implanmorelia.org\/site\/atlas-de-riesgos-geologicos-morelia-2011\/","title":{"rendered":"ATLAS DE RIESGOS GEOL\u00d3GICOS MORELIA 2011"},"content":{"rendered":"\n<p>Este instrumento se encuentra integrado al Atlas Nacional de Riesgos del Centro Nacional de Prevenci\u00f3n de Desastres (CENAPRED) del Gobierno de M\u00e9xico.<\/p>\n\n\n\n<!DOCTYPE html>\n<html>\n<head>\n<meta name=\"viewport\" content=\"width=device-width, initial-scale=1\">\n<style>\n* {\n  box-sizing: border-box;\n\n}\n\nfont{\n    font-size: 15px;\n}\n\n#myInput {\n  background-image: url('\/css\/searchicon.png');\n  background-position: 10px 10px;\n  background-repeat: no-repeat;\n  width: 100%;\n  font-size: 16px;\n  padding: 12px 20px 12px 40px;\n  border: 1px solid #ddd;\n  margin-bottom: 12px;\n}\n\n#myTable {\n  border-collapse: collapse;\n  width: 100%;\n  border: 1px solid #ddd;\n  font-size: 18px;\n}\n\n#myTable th, #myTable td {\n  text-align:left;\n  padding: 12px;\n}\n\nth{\n\tfont-size: 16px; \n}\n#myTable tr {\n  border-bottom: 1px solid #ddd;\n}\n\n#myTable tr.header, #myTable tr:hover {\n  background-color: #f1f1f1;\n}\n<\/style>\n<\/head>\n<body>\n\n<input type=\"text\" id=\"myInput\" onkeyup=\"myFunction()\" placeholder=\"Buscar archivo...\" title=\"Type in a name\">\n\n<table id=\"myTable\">\n  <tr class=\"header\">\n    <!-- <th style=\"width:30%;text-align:left;\">Ejercicio<\/th> -->\n    <th style=\"width:70%;text-align:left;\">Descripci\u00f3n del documento<\/th>\n    <th style=\"width:30%;\">Archivo<\/th>\n  <\/tr>\n\n  <tr>\n    \n    <!-- <td><font size=4;color=#808080;>2022<\/font><\/td> -->\n \n    <td><font size=4;color=#808080;>Atlas de Riesgos Geol\u00f3gicos Morelia 2011<\/font><\/td>\n \n    <td><a title=\"pdf\" href=\"https:\/\/implanmorelia.org\/site\/wp-content\/uploads\/2022\/08\/ATLAS_RIESGOS_GEOLOGICOS_MORELIA_MICH_2011.pdf\" target=\"_blank\" rel=\"noopener noreferrer\"><img decoding=\"async\" src=\"https:\/\/implanmorelia.org\/site\/wp-content\/uploads\/2022\/11\/ICONO_PDFF.png\" &ensp; style=\"width:10%;min-height:16px\"><\/td>\n \n   <\/tr>\n\n<\/table>\n\n<script>\nfunction myFunction() {\n  var input, filter, table, tr, td, i;\n  input = document.getElementById(\"myInput\");\n  filter = input.value.toUpperCase();\n  table = document.getElementById(\"myTable\");\n  tr = table.getElementsByTagName(\"tr\");\n  for (i = 0; i < tr.length; i++) {\n    td = tr[i].getElementsByTagName(\"td\")[0];\n    if (td) {\n      if (td.innerHTML.toUpperCase().indexOf(filter) > -1) {\n        tr[i].style.display = \"\";\n      } else {\n        tr[i].style.display = \"none\";\n      }\n    }       \n  }\n}\n<\/script>\n\n<\/body>\n<\/html>\n\n\n<style>.wp-block-kadence-spacer.kt-block-spacer-_8f4ed5-5a .kt-block-spacer{height:120px;}.wp-block-kadence-spacer.kt-block-spacer-_8f4ed5-5a .kt-divider{border-top-width:1px;height:1px;border-top-color:#eee;width:80%;border-top-style:solid;}<\/style>\n<div class=\"wp-block-kadence-spacer aligncenter kt-block-spacer-_8f4ed5-5a\"><div class=\"kt-block-spacer kt-block-spacer-halign-center\" style=\"height:120px\"><hr class=\"kt-divider\" style=\"border-top-color:rgba(238, 238, 238, 1);border-top-width:1px;width:80%;border-top-style:solid\"\/><\/div><\/div>\n","protected":false},"excerpt":{"rendered":"<p>Este instrumento se encuentra integrado al Atlas Nacional de Riesgos del Centro Nacional de Prevenci\u00f3n de Desastres (CENAPRED) del Gobierno de M\u00e9xico. Descripci\u00f3n del documento Archivo Atlas de Riesgos","protected":false},"author":1,"featured_media":0,"parent":0,"menu_order":0,"comment_status":"closed","ping_status":"closed","template":"","meta":{"_acf_changed":false,"inline_featured_image":false,"footnotes":""},"class_list":["post-2638","page","type-page","status-publish","hentry"],"acf":[],"yoast_head":"<!-- This site is optimized with the Yoast SEO plugin v24.2 - https:\/\/yoast.com\/wordpress\/plugins\/seo\/ -->\n<title>ATLAS DE RIESGOS GEOL\u00d3GICOS MORELIA 2011 - IMPLAN Morelia<\/title>\n<meta name=\"robots\" content=\"index, follow, max-snippet:-1, max-image-preview:large, max-video-preview:-1\" \/>\n<link rel=\"canonical\" href=\"https:\/\/implanmorelia.org\/site\/atlas-de-riesgos-geologicos-morelia-2011\/\" \/>\n<meta property=\"og:locale\" content=\"es_MX\" \/>\n<meta property=\"og:type\" content=\"article\" \/>\n<meta property=\"og:title\" content=\"ATLAS DE RIESGOS GEOL\u00d3GICOS MORELIA 2011 - IMPLAN Morelia\" \/>\n<meta property=\"og:description\" content=\"Este instrumento se encuentra integrado al Atlas Nacional de Riesgos del Centro Nacional de Prevenci\u00f3n de Desastres (CENAPRED) del Gobierno de M\u00e9xico. Descripci\u00f3n del documento Archivo Atlas de Riesgos Geol\u00f3gicos Morelia 2011\" \/>\n<meta property=\"og:url\" content=\"https:\/\/implanmorelia.org\/site\/atlas-de-riesgos-geologicos-morelia-2011\/\" \/>\n<meta property=\"og:site_name\" content=\"IMPLAN Morelia\" \/>\n<meta property=\"article:publisher\" content=\"https:\/\/www.facebook.com\/IMPLANmorelia\/\" \/>\n<meta property=\"article:modified_time\" content=\"2022-11-25T18:09:30+00:00\" \/>\n<meta property=\"og:image\" content=\"https:\/\/implanmorelia.org\/site\/wp-content\/uploads\/2022\/11\/ICONO_PDFF.png\" \/>\n<meta name=\"twitter:card\" content=\"summary_large_image\" \/>\n<meta name=\"twitter:site\" content=\"@implanmorelia\" \/>\n<script type=\"application\/ld+json\" class=\"yoast-schema-graph\">{\"@context\":\"https:\/\/schema.org\",\"@graph\":[{\"@type\":\"WebPage\",\"@id\":\"https:\/\/implanmorelia.org\/site\/atlas-de-riesgos-geologicos-morelia-2011\/\",\"url\":\"https:\/\/implanmorelia.org\/site\/atlas-de-riesgos-geologicos-morelia-2011\/\",\"name\":\"ATLAS DE RIESGOS GEOL\u00d3GICOS MORELIA 2011 - IMPLAN Morelia\",\"isPartOf\":{\"@id\":\"https:\/\/implanmorelia.org\/site\/#website\"},\"primaryImageOfPage\":{\"@id\":\"https:\/\/implanmorelia.org\/site\/atlas-de-riesgos-geologicos-morelia-2011\/#primaryimage\"},\"image\":{\"@id\":\"https:\/\/implanmorelia.org\/site\/atlas-de-riesgos-geologicos-morelia-2011\/#primaryimage\"},\"thumbnailUrl\":\"https:\/\/implanmorelia.org\/site\/wp-content\/uploads\/2022\/11\/ICONO_PDFF.png\",\"datePublished\":\"2022-08-03T16:11:03+00:00\",\"dateModified\":\"2022-11-25T18:09:30+00:00\",\"breadcrumb\":{\"@id\":\"https:\/\/implanmorelia.org\/site\/atlas-de-riesgos-geologicos-morelia-2011\/#breadcrumb\"},\"inLanguage\":\"es\",\"potentialAction\":[{\"@type\":\"ReadAction\",\"target\":[\"https:\/\/implanmorelia.org\/site\/atlas-de-riesgos-geologicos-morelia-2011\/\"]}]},{\"@type\":\"ImageObject\",\"inLanguage\":\"es\",\"@id\":\"https:\/\/implanmorelia.org\/site\/atlas-de-riesgos-geologicos-morelia-2011\/#primaryimage\",\"url\":\"https:\/\/implanmorelia.org\/site\/wp-content\/uploads\/2022\/11\/ICONO_PDFF.png\",\"contentUrl\":\"https:\/\/implanmorelia.org\/site\/wp-content\/uploads\/2022\/11\/ICONO_PDFF.png\",\"width\":147,\"height\":168},{\"@type\":\"BreadcrumbList\",\"@id\":\"https:\/\/implanmorelia.org\/site\/atlas-de-riesgos-geologicos-morelia-2011\/#breadcrumb\",\"itemListElement\":[{\"@type\":\"ListItem\",\"position\":1,\"name\":\"Inicio\",\"item\":\"https:\/\/implanmorelia.org\/site\/\"},{\"@type\":\"ListItem\",\"position\":2,\"name\":\"ATLAS DE RIESGOS GEOL\u00d3GICOS MORELIA 2011\"}]},{\"@type\":\"WebSite\",\"@id\":\"https:\/\/implanmorelia.org\/site\/#website\",\"url\":\"https:\/\/implanmorelia.org\/site\/\",\"name\":\"IMPLAN Morelia\",\"description\":\"Instituto Municipal de Planeci\u00f3n Morelia\",\"publisher\":{\"@id\":\"https:\/\/implanmorelia.org\/site\/#organization\"},\"potentialAction\":[{\"@type\":\"SearchAction\",\"target\":{\"@type\":\"EntryPoint\",\"urlTemplate\":\"https:\/\/implanmorelia.org\/site\/?s={search_term_string}\"},\"query-input\":{\"@type\":\"PropertyValueSpecification\",\"valueRequired\":true,\"valueName\":\"search_term_string\"}}],\"inLanguage\":\"es\"},{\"@type\":\"Organization\",\"@id\":\"https:\/\/implanmorelia.org\/site\/#organization\",\"name\":\"Instituto Municipal de Planeaci\u00f3n Morelia\",\"url\":\"https:\/\/implanmorelia.org\/site\/\",\"logo\":{\"@type\":\"ImageObject\",\"inLanguage\":\"es\",\"@id\":\"https:\/\/implanmorelia.org\/site\/#\/schema\/logo\/image\/\",\"url\":\"https:\/\/implanmorelia.org\/site\/wp-content\/uploads\/2020\/03\/IMPLAN-color.png\",\"contentUrl\":\"https:\/\/implanmorelia.org\/site\/wp-content\/uploads\/2020\/03\/IMPLAN-color.png\",\"width\":719,\"height\":381,\"caption\":\"Instituto Municipal de Planeaci\u00f3n Morelia\"},\"image\":{\"@id\":\"https:\/\/implanmorelia.org\/site\/#\/schema\/logo\/image\/\"},\"sameAs\":[\"https:\/\/www.facebook.com\/IMPLANmorelia\/\",\"https:\/\/x.com\/implanmorelia\",\"https:\/\/www.youtube.com\/channel\/UCfGOm_ex__MURcsr5L5JAwQ\"]}]}<\/script>\n<!-- \/ Yoast SEO plugin. -->","yoast_head_json":{"title":"ATLAS DE RIESGOS GEOL\u00d3GICOS MORELIA 2011 - IMPLAN Morelia","robots":{"index":"index","follow":"follow","max-snippet":"max-snippet:-1","max-image-preview":"max-image-preview:large","max-video-preview":"max-video-preview:-1"},"canonical":"https:\/\/implanmorelia.org\/site\/atlas-de-riesgos-geologicos-morelia-2011\/","og_locale":"es_MX","og_type":"article","og_title":"ATLAS DE RIESGOS GEOL\u00d3GICOS MORELIA 2011 - IMPLAN Morelia","og_description":"Este instrumento se encuentra integrado al Atlas Nacional de Riesgos del Centro Nacional de Prevenci\u00f3n de Desastres (CENAPRED) del Gobierno de M\u00e9xico. Descripci\u00f3n del documento Archivo Atlas de Riesgos Geol\u00f3gicos Morelia 2011","og_url":"https:\/\/implanmorelia.org\/site\/atlas-de-riesgos-geologicos-morelia-2011\/","og_site_name":"IMPLAN Morelia","article_publisher":"https:\/\/www.facebook.com\/IMPLANmorelia\/","article_modified_time":"2022-11-25T18:09:30+00:00","og_image":[{"url":"https:\/\/implanmorelia.org\/site\/wp-content\/uploads\/2022\/11\/ICONO_PDFF.png","type":"","width":"","height":""}],"twitter_card":"summary_large_image","twitter_site":"@implanmorelia","schema":{"@context":"https:\/\/schema.org","@graph":[{"@type":"WebPage","@id":"https:\/\/implanmorelia.org\/site\/atlas-de-riesgos-geologicos-morelia-2011\/","url":"https:\/\/implanmorelia.org\/site\/atlas-de-riesgos-geologicos-morelia-2011\/","name":"ATLAS DE RIESGOS GEOL\u00d3GICOS MORELIA 2011 - IMPLAN Morelia","isPartOf":{"@id":"https:\/\/implanmorelia.org\/site\/#website"},"primaryImageOfPage":{"@id":"https:\/\/implanmorelia.org\/site\/atlas-de-riesgos-geologicos-morelia-2011\/#primaryimage"},"image":{"@id":"https:\/\/implanmorelia.org\/site\/atlas-de-riesgos-geologicos-morelia-2011\/#primaryimage"},"thumbnailUrl":"https:\/\/implanmorelia.org\/site\/wp-content\/uploads\/2022\/11\/ICONO_PDFF.png","datePublished":"2022-08-03T16:11:03+00:00","dateModified":"2022-11-25T18:09:30+00:00","breadcrumb":{"@id":"https:\/\/implanmorelia.org\/site\/atlas-de-riesgos-geologicos-morelia-2011\/#breadcrumb"},"inLanguage":"es","potentialAction":[{"@type":"ReadAction","target":["https:\/\/implanmorelia.org\/site\/atlas-de-riesgos-geologicos-morelia-2011\/"]}]},{"@type":"ImageObject","inLanguage":"es","@id":"https:\/\/implanmorelia.org\/site\/atlas-de-riesgos-geologicos-morelia-2011\/#primaryimage","url":"https:\/\/implanmorelia.org\/site\/wp-content\/uploads\/2022\/11\/ICONO_PDFF.png","contentUrl":"https:\/\/implanmorelia.org\/site\/wp-content\/uploads\/2022\/11\/ICONO_PDFF.png","width":147,"height":168},{"@type":"BreadcrumbList","@id":"https:\/\/implanmorelia.org\/site\/atlas-de-riesgos-geologicos-morelia-2011\/#breadcrumb","itemListElement":[{"@type":"ListItem","position":1,"name":"Inicio","item":"https:\/\/implanmorelia.org\/site\/"},{"@type":"ListItem","position":2,"name":"ATLAS DE RIESGOS GEOL\u00d3GICOS MORELIA 2011"}]},{"@type":"WebSite","@id":"https:\/\/implanmorelia.org\/site\/#website","url":"https:\/\/implanmorelia.org\/site\/","name":"IMPLAN Morelia","description":"Instituto Municipal de Planeci\u00f3n Morelia","publisher":{"@id":"https:\/\/implanmorelia.org\/site\/#organization"},"potentialAction":[{"@type":"SearchAction","target":{"@type":"EntryPoint","urlTemplate":"https:\/\/implanmorelia.org\/site\/?s={search_term_string}"},"query-input":{"@type":"PropertyValueSpecification","valueRequired":true,"valueName":"search_term_string"}}],"inLanguage":"es"},{"@type":"Organization","@id":"https:\/\/implanmorelia.org\/site\/#organization","name":"Instituto Municipal de Planeaci\u00f3n Morelia","url":"https:\/\/implanmorelia.org\/site\/","logo":{"@type":"ImageObject","inLanguage":"es","@id":"https:\/\/implanmorelia.org\/site\/#\/schema\/logo\/image\/","url":"https:\/\/implanmorelia.org\/site\/wp-content\/uploads\/2020\/03\/IMPLAN-color.png","contentUrl":"https:\/\/implanmorelia.org\/site\/wp-content\/uploads\/2020\/03\/IMPLAN-color.png","width":719,"height":381,"caption":"Instituto Municipal de Planeaci\u00f3n Morelia"},"image":{"@id":"https:\/\/implanmorelia.org\/site\/#\/schema\/logo\/image\/"},"sameAs":["https:\/\/www.facebook.com\/IMPLANmorelia\/","https:\/\/x.com\/implanmorelia","https:\/\/www.youtube.com\/channel\/UCfGOm_ex__MURcsr5L5JAwQ"]}]}},"_links":{"self":[{"href":"https:\/\/implanmorelia.org\/site\/wp-json\/wp\/v2\/pages\/2638","targetHints":{"allow":["GET"]}}],"collection":[{"href":"https:\/\/implanmorelia.org\/site\/wp-json\/wp\/v2\/pages"}],"about":[{"href":"https:\/\/implanmorelia.org\/site\/wp-json\/wp\/v2\/types\/page"}],"author":[{"embeddable":true,"href":"https:\/\/implanmorelia.org\/site\/wp-json\/wp\/v2\/users\/1"}],"replies":[{"embeddable":true,"href":"https:\/\/implanmorelia.org\/site\/wp-json\/wp\/v2\/comments?post=2638"}],"version-history":[{"count":5,"href":"https:\/\/implanmorelia.org\/site\/wp-json\/wp\/v2\/pages\/2638\/revisions"}],"predecessor-version":[{"id":7952,"href":"https:\/\/implanmorelia.org\/site\/wp-json\/wp\/v2\/pages\/2638\/revisions\/7952"}],"wp:attachment":[{"href":"https:\/\/implanmorelia.org\/site\/wp-json\/wp\/v2\/media?parent=2638"}],"curies":[{"name":"wp","href":"https:\/\/api.w.org\/{rel}","templated":true}]}}