{"id":326,"date":"2020-02-24T18:23:11","date_gmt":"2020-02-24T18:23:11","guid":{"rendered":"https:\/\/implanmorelia.org\/site\/?page_id=326"},"modified":"2022-03-31T19:31:31","modified_gmt":"2022-03-31T19:31:31","slug":"mapa-interactivo","status":"publish","type":"page","link":"https:\/\/implanmorelia.org\/site\/mapa-interactivo\/","title":{"rendered":"Mapa Interactivo"},"content":{"rendered":"\n<p class=\"has-text-color has-text-align-left has-medium-font-size has-very-dark-gray-color\">El Mapa Interactivo de Morelia es una herramienta digital dise\u00f1ada en el marco del Sistema de Informaci\u00f3n Geogr\u00e1fica y Estad\u00edstica de Morelia (SIGEM), este mismo integra diversos servicios para la consulta de datos e informaci\u00f3n geogr\u00e1fica, los cuales, cumplen con la normatividad t\u00e9cnica del Sistema Nacional de Informaci\u00f3n Estad\u00edstica y Geogr\u00e1fica (SNIEG).<strong> <\/strong><\/p>\n\n\n<style>.wp-block-kadence-spacer.kt-block-spacer-_23c840-a8 .kt-block-spacer{height:20px;}.wp-block-kadence-spacer.kt-block-spacer-_23c840-a8 .kt-divider{border-top-width:1px;height:1px;border-top-color:#eee;width:80%;border-top-style:solid;}<\/style>\n<div class=\"wp-block-kadence-spacer aligncenter kt-block-spacer-_23c840-a8\"><div class=\"kt-block-spacer kt-block-spacer-halign-center\" style=\"height:20px\"><hr class=\"kt-divider\" style=\"border-top-color:rgba(238, 238, 238, 1);border-top-width:1px;width:80%;border-top-style:solid\"\/><\/div><\/div>\n\n\n\n<p class=\"has-medium-font-size\">Este Sistema de Informaci\u00f3n Geogr\u00e1fica (SIG) en l\u00ednea, est\u00e1 dise\u00f1ado tanto para el p\u00fablico en general como para especialistas, sus caracter\u00edsticas principales son: recuperar, almacenar, descargar y distribuir informaci\u00f3n \u00fatil, para la toma de decisiones encaminadas a la correcta planeaci\u00f3n en el territorio municipal.<\/p>\n\n\n\n<p><\/p>\n\n\n\n<p><\/p>\n\n\n\n<div style=\"height:23px\" aria-hidden=\"true\" class=\"wp-block-spacer\"><\/div>\n\n\n\n<div class=\"wp-block-group\"><div class=\"wp-block-group__inner-container is-layout-flow wp-block-group-is-layout-flow\">\n<figure class=\"wp-block-image size-large\"><img loading=\"lazy\" decoding=\"async\" width=\"1024\" height=\"539\" src=\"https:\/\/implanmorelia.org\/site\/wp-content\/uploads\/2020\/03\/MI1-1024x539.png\" alt=\"\" class=\"wp-image-820\" srcset=\"https:\/\/implanmorelia.org\/site\/wp-content\/uploads\/2020\/03\/MI1-1024x539.png 1024w, https:\/\/implanmorelia.org\/site\/wp-content\/uploads\/2020\/03\/MI1-300x158.png 300w, https:\/\/implanmorelia.org\/site\/wp-content\/uploads\/2020\/03\/MI1-768x404.png 768w, https:\/\/implanmorelia.org\/site\/wp-content\/uploads\/2020\/03\/MI1-1536x809.png 1536w, https:\/\/implanmorelia.org\/site\/wp-content\/uploads\/2020\/03\/MI1.png 1669w\" sizes=\"auto, (max-width: 1024px) 100vw, 1024px\" \/><\/figure>\n<\/div><\/div>\n\n\n\n<div style=\"height:23px\" aria-hidden=\"true\" class=\"wp-block-spacer\"><\/div>\n\n\n\n<p class=\"has-medium-font-size\">El Mapa Interactivo de Morelia cuenta con una amplia clasificaci\u00f3n de informaci\u00f3n geogr\u00e1fica, destacando principalmente las siguientes tem\u00e1ticas:<\/p>\n\n\n\n<div style=\"height:23px\" aria-hidden=\"true\" class=\"wp-block-spacer\"><\/div>\n\n\n\n<p class=\"has-medium-font-size\"><strong>1. Informaci\u00f3n b\u00e1sica del territorio<\/strong><\/p>\n\n\n\n<p class=\"has-text-align-left has-medium-font-size\"><strong>2.  Informaci\u00f3n socio-demogr\u00e1fica del a\u00f1o 2020 <\/strong><\/p>\n\n\n\n<p class=\"has-medium-font-size\"><strong>3. Informaci\u00f3n econ\u00f3mica<\/strong><\/p>\n\n\n\n<p class=\"has-medium-font-size\"><strong>4. Instrumentos de planeaci\u00f3n<\/strong><\/p>\n\n\n\n<div style=\"height:23px\" aria-hidden=\"true\" class=\"wp-block-spacer\"><\/div>\n\n\n\n<div style=\"height:23px\" aria-hidden=\"true\" class=\"wp-block-spacer\"><\/div>\n\n\n\n<p style=\"font-size:18px\">Te invitamos a conocer el Mapa interactivo de Morelia, no olvides leer el <strong><a href=\"https:\/\/implanmorelia.org\/site\/wp-content\/uploads\/2022\/03\/MANUAL-DE-USUARIO-MAPA-INTERACTIVO.pdf\" target=\"_blank\" rel=\"noreferrer noopener\" aria-label=\" (abre en una nueva pesta\u00f1a)\">Manual de usuario <\/a><\/strong>y aceptar los t\u00e9rminos y condiciones de uso.<\/p>\n","protected":false},"excerpt":{"rendered":"<p>El Mapa Interactivo de Morelia es una herramienta digital dise\u00f1ada en el marco del Sistema de Informaci\u00f3n Geogr\u00e1fica y Estad\u00edstica de Morelia (SIGEM), este mismo integra diversos servicios para","protected":false},"author":1,"featured_media":0,"parent":0,"menu_order":0,"comment_status":"closed","ping_status":"closed","template":"","meta":{"_acf_changed":false,"inline_featured_image":false,"footnotes":""},"class_list":["post-326","page","type-page","status-publish","hentry"],"acf":[],"yoast_head":"<!-- This site is optimized with the Yoast SEO plugin v24.2 - https:\/\/yoast.com\/wordpress\/plugins\/seo\/ -->\n<title>Mapa Interactivo - IMPLAN Morelia<\/title>\n<meta name=\"robots\" content=\"index, follow, max-snippet:-1, max-image-preview:large, max-video-preview:-1\" \/>\n<link rel=\"canonical\" href=\"https:\/\/implanmorelia.org\/site\/mapa-interactivo\/\" \/>\n<meta property=\"og:locale\" content=\"es_MX\" \/>\n<meta property=\"og:type\" content=\"article\" \/>\n<meta property=\"og:title\" content=\"Mapa Interactivo - IMPLAN Morelia\" \/>\n<meta property=\"og:description\" content=\"El Mapa Interactivo de Morelia es una herramienta digital dise\u00f1ada en el marco del Sistema de Informaci\u00f3n Geogr\u00e1fica y Estad\u00edstica de Morelia (SIGEM), este mismo integra diversos servicios para la consulta de datos e informaci\u00f3n geogr\u00e1fica, los cuales, cumplen con la normatividad t\u00e9cnica del Sistema Nacional de Informaci\u00f3n Estad\u00edstica y Geogr\u00e1fica (SNIEG). Este Sistema de [&hellip;]\" \/>\n<meta property=\"og:url\" content=\"https:\/\/implanmorelia.org\/site\/mapa-interactivo\/\" \/>\n<meta property=\"og:site_name\" content=\"IMPLAN Morelia\" \/>\n<meta property=\"article:publisher\" content=\"https:\/\/www.facebook.com\/IMPLANmorelia\/\" \/>\n<meta property=\"article:modified_time\" content=\"2022-03-31T19:31:31+00:00\" \/>\n<meta property=\"og:image\" content=\"https:\/\/implanmorelia.org\/site\/wp-content\/uploads\/2020\/03\/MI1.png\" \/>\n\t<meta property=\"og:image:width\" content=\"1669\" \/>\n\t<meta property=\"og:image:height\" content=\"879\" \/>\n\t<meta property=\"og:image:type\" content=\"image\/png\" \/>\n<meta name=\"twitter:card\" content=\"summary_large_image\" \/>\n<meta name=\"twitter:site\" content=\"@implanmorelia\" \/>\n<meta name=\"twitter:label1\" content=\"Tiempo de lectura\" \/>\n\t<meta name=\"twitter:data1\" content=\"1 minuto\" \/>\n<script type=\"application\/ld+json\" class=\"yoast-schema-graph\">{\"@context\":\"https:\/\/schema.org\",\"@graph\":[{\"@type\":\"WebPage\",\"@id\":\"https:\/\/implanmorelia.org\/site\/mapa-interactivo\/\",\"url\":\"https:\/\/implanmorelia.org\/site\/mapa-interactivo\/\",\"name\":\"Mapa Interactivo - IMPLAN Morelia\",\"isPartOf\":{\"@id\":\"https:\/\/implanmorelia.org\/site\/#website\"},\"primaryImageOfPage\":{\"@id\":\"https:\/\/implanmorelia.org\/site\/mapa-interactivo\/#primaryimage\"},\"image\":{\"@id\":\"https:\/\/implanmorelia.org\/site\/mapa-interactivo\/#primaryimage\"},\"thumbnailUrl\":\"https:\/\/implanmorelia.org\/site\/wp-content\/uploads\/2020\/03\/MI1-1024x539.png\",\"datePublished\":\"2020-02-24T18:23:11+00:00\",\"dateModified\":\"2022-03-31T19:31:31+00:00\",\"breadcrumb\":{\"@id\":\"https:\/\/implanmorelia.org\/site\/mapa-interactivo\/#breadcrumb\"},\"inLanguage\":\"es\",\"potentialAction\":[{\"@type\":\"ReadAction\",\"target\":[\"https:\/\/implanmorelia.org\/site\/mapa-interactivo\/\"]}]},{\"@type\":\"ImageObject\",\"inLanguage\":\"es\",\"@id\":\"https:\/\/implanmorelia.org\/site\/mapa-interactivo\/#primaryimage\",\"url\":\"https:\/\/implanmorelia.org\/site\/wp-content\/uploads\/2020\/03\/MI1.png\",\"contentUrl\":\"https:\/\/implanmorelia.org\/site\/wp-content\/uploads\/2020\/03\/MI1.png\",\"width\":1669,\"height\":879},{\"@type\":\"BreadcrumbList\",\"@id\":\"https:\/\/implanmorelia.org\/site\/mapa-interactivo\/#breadcrumb\",\"itemListElement\":[{\"@type\":\"ListItem\",\"position\":1,\"name\":\"Inicio\",\"item\":\"https:\/\/implanmorelia.org\/site\/\"},{\"@type\":\"ListItem\",\"position\":2,\"name\":\"Mapa Interactivo\"}]},{\"@type\":\"WebSite\",\"@id\":\"https:\/\/implanmorelia.org\/site\/#website\",\"url\":\"https:\/\/implanmorelia.org\/site\/\",\"name\":\"IMPLAN Morelia\",\"description\":\"Instituto Municipal de Planeci\u00f3n Morelia\",\"publisher\":{\"@id\":\"https:\/\/implanmorelia.org\/site\/#organization\"},\"potentialAction\":[{\"@type\":\"SearchAction\",\"target\":{\"@type\":\"EntryPoint\",\"urlTemplate\":\"https:\/\/implanmorelia.org\/site\/?s={search_term_string}\"},\"query-input\":{\"@type\":\"PropertyValueSpecification\",\"valueRequired\":true,\"valueName\":\"search_term_string\"}}],\"inLanguage\":\"es\"},{\"@type\":\"Organization\",\"@id\":\"https:\/\/implanmorelia.org\/site\/#organization\",\"name\":\"Instituto Municipal de Planeaci\u00f3n Morelia\",\"url\":\"https:\/\/implanmorelia.org\/site\/\",\"logo\":{\"@type\":\"ImageObject\",\"inLanguage\":\"es\",\"@id\":\"https:\/\/implanmorelia.org\/site\/#\/schema\/logo\/image\/\",\"url\":\"https:\/\/implanmorelia.org\/site\/wp-content\/uploads\/2020\/03\/IMPLAN-color.png\",\"contentUrl\":\"https:\/\/implanmorelia.org\/site\/wp-content\/uploads\/2020\/03\/IMPLAN-color.png\",\"width\":719,\"height\":381,\"caption\":\"Instituto Municipal de Planeaci\u00f3n Morelia\"},\"image\":{\"@id\":\"https:\/\/implanmorelia.org\/site\/#\/schema\/logo\/image\/\"},\"sameAs\":[\"https:\/\/www.facebook.com\/IMPLANmorelia\/\",\"https:\/\/x.com\/implanmorelia\",\"https:\/\/www.youtube.com\/channel\/UCfGOm_ex__MURcsr5L5JAwQ\"]}]}<\/script>\n<!-- \/ Yoast SEO plugin. -->","yoast_head_json":{"title":"Mapa Interactivo - IMPLAN Morelia","robots":{"index":"index","follow":"follow","max-snippet":"max-snippet:-1","max-image-preview":"max-image-preview:large","max-video-preview":"max-video-preview:-1"},"canonical":"https:\/\/implanmorelia.org\/site\/mapa-interactivo\/","og_locale":"es_MX","og_type":"article","og_title":"Mapa Interactivo - IMPLAN Morelia","og_description":"El Mapa Interactivo de Morelia es una herramienta digital dise\u00f1ada en el marco del Sistema de Informaci\u00f3n Geogr\u00e1fica y Estad\u00edstica de Morelia (SIGEM), este mismo integra diversos servicios para la consulta de datos e informaci\u00f3n geogr\u00e1fica, los cuales, cumplen con la normatividad t\u00e9cnica del Sistema Nacional de Informaci\u00f3n Estad\u00edstica y Geogr\u00e1fica (SNIEG). Este Sistema de [&hellip;]","og_url":"https:\/\/implanmorelia.org\/site\/mapa-interactivo\/","og_site_name":"IMPLAN Morelia","article_publisher":"https:\/\/www.facebook.com\/IMPLANmorelia\/","article_modified_time":"2022-03-31T19:31:31+00:00","og_image":[{"width":1669,"height":879,"url":"https:\/\/implanmorelia.org\/site\/wp-content\/uploads\/2020\/03\/MI1.png","type":"image\/png"}],"twitter_card":"summary_large_image","twitter_site":"@implanmorelia","twitter_misc":{"Tiempo de lectura":"1 minuto"},"schema":{"@context":"https:\/\/schema.org","@graph":[{"@type":"WebPage","@id":"https:\/\/implanmorelia.org\/site\/mapa-interactivo\/","url":"https:\/\/implanmorelia.org\/site\/mapa-interactivo\/","name":"Mapa Interactivo - IMPLAN Morelia","isPartOf":{"@id":"https:\/\/implanmorelia.org\/site\/#website"},"primaryImageOfPage":{"@id":"https:\/\/implanmorelia.org\/site\/mapa-interactivo\/#primaryimage"},"image":{"@id":"https:\/\/implanmorelia.org\/site\/mapa-interactivo\/#primaryimage"},"thumbnailUrl":"https:\/\/implanmorelia.org\/site\/wp-content\/uploads\/2020\/03\/MI1-1024x539.png","datePublished":"2020-02-24T18:23:11+00:00","dateModified":"2022-03-31T19:31:31+00:00","breadcrumb":{"@id":"https:\/\/implanmorelia.org\/site\/mapa-interactivo\/#breadcrumb"},"inLanguage":"es","potentialAction":[{"@type":"ReadAction","target":["https:\/\/implanmorelia.org\/site\/mapa-interactivo\/"]}]},{"@type":"ImageObject","inLanguage":"es","@id":"https:\/\/implanmorelia.org\/site\/mapa-interactivo\/#primaryimage","url":"https:\/\/implanmorelia.org\/site\/wp-content\/uploads\/2020\/03\/MI1.png","contentUrl":"https:\/\/implanmorelia.org\/site\/wp-content\/uploads\/2020\/03\/MI1.png","width":1669,"height":879},{"@type":"BreadcrumbList","@id":"https:\/\/implanmorelia.org\/site\/mapa-interactivo\/#breadcrumb","itemListElement":[{"@type":"ListItem","position":1,"name":"Inicio","item":"https:\/\/implanmorelia.org\/site\/"},{"@type":"ListItem","position":2,"name":"Mapa Interactivo"}]},{"@type":"WebSite","@id":"https:\/\/implanmorelia.org\/site\/#website","url":"https:\/\/implanmorelia.org\/site\/","name":"IMPLAN Morelia","description":"Instituto Municipal de Planeci\u00f3n Morelia","publisher":{"@id":"https:\/\/implanmorelia.org\/site\/#organization"},"potentialAction":[{"@type":"SearchAction","target":{"@type":"EntryPoint","urlTemplate":"https:\/\/implanmorelia.org\/site\/?s={search_term_string}"},"query-input":{"@type":"PropertyValueSpecification","valueRequired":true,"valueName":"search_term_string"}}],"inLanguage":"es"},{"@type":"Organization","@id":"https:\/\/implanmorelia.org\/site\/#organization","name":"Instituto Municipal de Planeaci\u00f3n Morelia","url":"https:\/\/implanmorelia.org\/site\/","logo":{"@type":"ImageObject","inLanguage":"es","@id":"https:\/\/implanmorelia.org\/site\/#\/schema\/logo\/image\/","url":"https:\/\/implanmorelia.org\/site\/wp-content\/uploads\/2020\/03\/IMPLAN-color.png","contentUrl":"https:\/\/implanmorelia.org\/site\/wp-content\/uploads\/2020\/03\/IMPLAN-color.png","width":719,"height":381,"caption":"Instituto Municipal de Planeaci\u00f3n Morelia"},"image":{"@id":"https:\/\/implanmorelia.org\/site\/#\/schema\/logo\/image\/"},"sameAs":["https:\/\/www.facebook.com\/IMPLANmorelia\/","https:\/\/x.com\/implanmorelia","https:\/\/www.youtube.com\/channel\/UCfGOm_ex__MURcsr5L5JAwQ"]}]}},"_links":{"self":[{"href":"https:\/\/implanmorelia.org\/site\/wp-json\/wp\/v2\/pages\/326","targetHints":{"allow":["GET"]}}],"collection":[{"href":"https:\/\/implanmorelia.org\/site\/wp-json\/wp\/v2\/pages"}],"about":[{"href":"https:\/\/implanmorelia.org\/site\/wp-json\/wp\/v2\/types\/page"}],"author":[{"embeddable":true,"href":"https:\/\/implanmorelia.org\/site\/wp-json\/wp\/v2\/users\/1"}],"replies":[{"embeddable":true,"href":"https:\/\/implanmorelia.org\/site\/wp-json\/wp\/v2\/comments?post=326"}],"version-history":[{"count":4,"href":"https:\/\/implanmorelia.org\/site\/wp-json\/wp\/v2\/pages\/326\/revisions"}],"predecessor-version":[{"id":2108,"href":"https:\/\/implanmorelia.org\/site\/wp-json\/wp\/v2\/pages\/326\/revisions\/2108"}],"wp:attachment":[{"href":"https:\/\/implanmorelia.org\/site\/wp-json\/wp\/v2\/media?parent=326"}],"curies":[{"name":"wp","href":"https:\/\/api.w.org\/{rel}","templated":true}]}}