{"id":328,"date":"2020-02-24T18:51:12","date_gmt":"2020-02-24T18:51:12","guid":{"rendered":"https:\/\/implanmorelia.org\/site\/?page_id=328"},"modified":"2022-06-17T16:48:04","modified_gmt":"2022-06-17T16:48:04","slug":"ovie-morelia","status":"publish","type":"page","link":"https:\/\/implanmorelia.org\/site\/ovie-morelia\/","title":{"rendered":"OVIE Morelia"},"content":{"rendered":"\n<p class=\"has-medium-font-size\"> La Oficina Virtual de Informaci\u00f3n Econ\u00f3mica (OVIE) es una herramienta digital dise\u00f1ada y desarrollada por el INEGI, esta plataforma gratuita de an\u00e1lisis territorial busca servir de gu\u00eda para fundamentar decisiones econ\u00f3micas. A trav\u00e9s de esta plataforma, podr\u00e1s acceder al mapa econ\u00f3mico de Morelia y conocer, cuadra por cuadra, el contexto social y econ\u00f3mico, as\u00ed como informaci\u00f3n relevante para los m\u00e1s de 900 tipos de unidades econ\u00f3micas que existen en las zonas urbanas del municipio. <\/p>\n\n\n\n<div style=\"height:30px\" aria-hidden=\"true\" class=\"wp-block-spacer\"><\/div>\n\n\n\n<iframe loading=\"lazy\" width=\"100%\" height=\"315\" src=\"https:\/\/www.youtube.com\/embed\/N7xe4EniNko\" frameborder=\"0\" allow=\"accelerometer; autoplay; encrypted-media; gyroscope; picture-in-picture\" allowfullscreen=\"\"><\/iframe>\n\n\n\n<div style=\"height:30px\" aria-hidden=\"true\" class=\"wp-block-spacer\"><\/div>\n\n\n\n<div style=\"height:30px\" aria-hidden=\"true\" class=\"wp-block-spacer\"><\/div>\n\n\n\n<p class=\"has-medium-font-size\">Las estad\u00edsticas presentadas en este sitio son resultado del procesamiento de informaci\u00f3n de distintas fuentes de la administraci\u00f3n p\u00fablica federal y local, con base en la disponibilidad de informaci\u00f3n en tiempo y espacio, informaci\u00f3n sujeta a una actualizaci\u00f3n continua. <\/p>\n\n\n\n<p class=\"has-medium-font-size\">La OVIE es un esfuerzo por poner a tu alcance una caja de herramientas con informaci\u00f3n \u00fatil para iniciar, expandir o consolidar tu negocio. Quien arriesga su patrimonio para el desarrollo econ\u00f3mico de Morelia debe contar con la mayor informaci\u00f3n que le ayude a tomar decisiones. <\/p>\n\n\n\n<div style=\"height:34px\" aria-hidden=\"true\" class=\"wp-block-spacer\"><\/div>\n\n\n\n<div style=\"height:30px\" aria-hidden=\"true\" class=\"wp-block-spacer\"><\/div>\n\n\n\n<div class=\"wp-block-columns is-layout-flex wp-container-core-columns-is-layout-9d6595d7 wp-block-columns-is-layout-flex\">\n<div class=\"wp-block-column is-layout-flow wp-block-column-is-layout-flow\">\n<div class=\"wp-block-image\"><figure class=\"aligncenter size-large is-resized\"><a href=\"https:\/\/implanmorelia.org\/site\/\"><img loading=\"lazy\" decoding=\"async\" src=\"https:\/\/implanmorelia.org\/site\/wp-content\/uploads\/2020\/03\/Logo-IMPLAN-1024x991.png\" alt=\"\" class=\"wp-image-854\" width=\"141\" height=\"137\" srcset=\"https:\/\/implanmorelia.org\/site\/wp-content\/uploads\/2020\/03\/Logo-IMPLAN-1024x991.png 1024w, https:\/\/implanmorelia.org\/site\/wp-content\/uploads\/2020\/03\/Logo-IMPLAN-300x290.png 300w, https:\/\/implanmorelia.org\/site\/wp-content\/uploads\/2020\/03\/Logo-IMPLAN-768x743.png 768w, https:\/\/implanmorelia.org\/site\/wp-content\/uploads\/2020\/03\/Logo-IMPLAN.png 1221w\" sizes=\"auto, (max-width: 141px) 100vw, 141px\" \/><\/a><\/figure><\/div>\n<\/div>\n\n\n\n<div class=\"wp-block-column is-layout-flow wp-block-column-is-layout-flow\">\n<div style=\"height:41px\" aria-hidden=\"true\" class=\"wp-block-spacer\"><\/div>\n\n\n\n<div class=\"wp-block-image\"><figure class=\"aligncenter size-large\"><a href=\"http:\/\/sefeco.morelia.gob.mx\/\"><img loading=\"lazy\" decoding=\"async\" width=\"1024\" height=\"478\" src=\"https:\/\/implanmorelia.org\/site\/wp-content\/uploads\/2022\/02\/P_POPUP_MIM-1024x478.png\" alt=\"\" class=\"wp-image-2102\" srcset=\"https:\/\/implanmorelia.org\/site\/wp-content\/uploads\/2022\/02\/P_POPUP_MIM-1024x478.png 1024w, https:\/\/implanmorelia.org\/site\/wp-content\/uploads\/2022\/02\/P_POPUP_MIM-300x140.png 300w, https:\/\/implanmorelia.org\/site\/wp-content\/uploads\/2022\/02\/P_POPUP_MIM-768x359.png 768w, https:\/\/implanmorelia.org\/site\/wp-content\/uploads\/2022\/02\/P_POPUP_MIM.png 1250w\" sizes=\"auto, (max-width: 1024px) 100vw, 1024px\" \/><\/a><\/figure><\/div>\n<\/div>\n\n\n\n<div class=\"wp-block-column is-layout-flow wp-block-column-is-layout-flow\">\n<div style=\"height:30px\" aria-hidden=\"true\" class=\"wp-block-spacer\"><\/div>\n\n\n\n<div class=\"wp-block-image is-style-default\"><figure class=\"aligncenter size-large is-resized\"><a href=\"https:\/\/inegi.org.mx\/\"><img loading=\"lazy\" decoding=\"async\" src=\"https:\/\/implanmorelia.org\/site\/wp-content\/uploads\/2020\/03\/INEGI.png\" alt=\"\" class=\"wp-image-856\" width=\"64\" height=\"64\" srcset=\"https:\/\/implanmorelia.org\/site\/wp-content\/uploads\/2020\/03\/INEGI.png 833w, https:\/\/implanmorelia.org\/site\/wp-content\/uploads\/2020\/03\/INEGI-300x300.png 300w, https:\/\/implanmorelia.org\/site\/wp-content\/uploads\/2020\/03\/INEGI-150x150.png 150w, https:\/\/implanmorelia.org\/site\/wp-content\/uploads\/2020\/03\/INEGI-768x768.png 768w\" sizes=\"auto, (max-width: 64px) 100vw, 64px\" \/><\/a><\/figure><\/div>\n<\/div>\n<\/div>\n","protected":false},"excerpt":{"rendered":"<p>La Oficina Virtual de Informaci\u00f3n Econ\u00f3mica (OVIE) es una herramienta digital dise\u00f1ada y desarrollada por el INEGI, esta plataforma gratuita de an\u00e1lisis territorial busca servir de gu\u00eda para fundamentar","protected":false},"author":1,"featured_media":0,"parent":0,"menu_order":0,"comment_status":"closed","ping_status":"closed","template":"","meta":{"_acf_changed":false,"inline_featured_image":false,"footnotes":""},"class_list":["post-328","page","type-page","status-publish","hentry"],"acf":[],"yoast_head":"<!-- This site is optimized with the Yoast SEO plugin v24.2 - https:\/\/yoast.com\/wordpress\/plugins\/seo\/ -->\n<title>OVIE Morelia - IMPLAN Morelia<\/title>\n<meta name=\"robots\" content=\"index, follow, max-snippet:-1, max-image-preview:large, max-video-preview:-1\" \/>\n<link rel=\"canonical\" href=\"https:\/\/implanmorelia.org\/site\/ovie-morelia\/\" \/>\n<meta property=\"og:locale\" content=\"es_MX\" \/>\n<meta property=\"og:type\" content=\"article\" \/>\n<meta property=\"og:title\" content=\"OVIE Morelia - IMPLAN Morelia\" \/>\n<meta property=\"og:description\" content=\"La Oficina Virtual de Informaci\u00f3n Econ\u00f3mica (OVIE) es una herramienta digital dise\u00f1ada y desarrollada por el INEGI, esta plataforma gratuita de an\u00e1lisis territorial busca servir de gu\u00eda para fundamentar decisiones econ\u00f3micas. A trav\u00e9s de esta plataforma, podr\u00e1s acceder al mapa econ\u00f3mico de Morelia y conocer, cuadra por cuadra, el contexto social y econ\u00f3mico, as\u00ed como [&hellip;]\" \/>\n<meta property=\"og:url\" content=\"https:\/\/implanmorelia.org\/site\/ovie-morelia\/\" \/>\n<meta property=\"og:site_name\" content=\"IMPLAN Morelia\" \/>\n<meta property=\"article:publisher\" content=\"https:\/\/www.facebook.com\/IMPLANmorelia\/\" \/>\n<meta property=\"article:modified_time\" content=\"2022-06-17T16:48:04+00:00\" \/>\n<meta property=\"og:image\" content=\"https:\/\/implanmorelia.org\/site\/wp-content\/uploads\/2020\/03\/Logo-IMPLAN.png\" \/>\n\t<meta property=\"og:image:width\" content=\"1221\" \/>\n\t<meta property=\"og:image:height\" content=\"1182\" \/>\n\t<meta property=\"og:image:type\" content=\"image\/png\" \/>\n<meta name=\"twitter:card\" content=\"summary_large_image\" \/>\n<meta name=\"twitter:site\" content=\"@implanmorelia\" \/>\n<meta name=\"twitter:label1\" content=\"Tiempo de lectura\" \/>\n\t<meta name=\"twitter:data1\" content=\"1 minuto\" \/>\n<script type=\"application\/ld+json\" class=\"yoast-schema-graph\">{\"@context\":\"https:\/\/schema.org\",\"@graph\":[{\"@type\":\"WebPage\",\"@id\":\"https:\/\/implanmorelia.org\/site\/ovie-morelia\/\",\"url\":\"https:\/\/implanmorelia.org\/site\/ovie-morelia\/\",\"name\":\"OVIE Morelia - IMPLAN Morelia\",\"isPartOf\":{\"@id\":\"https:\/\/implanmorelia.org\/site\/#website\"},\"primaryImageOfPage\":{\"@id\":\"https:\/\/implanmorelia.org\/site\/ovie-morelia\/#primaryimage\"},\"image\":{\"@id\":\"https:\/\/implanmorelia.org\/site\/ovie-morelia\/#primaryimage\"},\"thumbnailUrl\":\"https:\/\/implanmorelia.org\/site\/wp-content\/uploads\/2020\/03\/Logo-IMPLAN-1024x991.png\",\"datePublished\":\"2020-02-24T18:51:12+00:00\",\"dateModified\":\"2022-06-17T16:48:04+00:00\",\"breadcrumb\":{\"@id\":\"https:\/\/implanmorelia.org\/site\/ovie-morelia\/#breadcrumb\"},\"inLanguage\":\"es\",\"potentialAction\":[{\"@type\":\"ReadAction\",\"target\":[\"https:\/\/implanmorelia.org\/site\/ovie-morelia\/\"]}]},{\"@type\":\"ImageObject\",\"inLanguage\":\"es\",\"@id\":\"https:\/\/implanmorelia.org\/site\/ovie-morelia\/#primaryimage\",\"url\":\"https:\/\/implanmorelia.org\/site\/wp-content\/uploads\/2020\/03\/Logo-IMPLAN.png\",\"contentUrl\":\"https:\/\/implanmorelia.org\/site\/wp-content\/uploads\/2020\/03\/Logo-IMPLAN.png\",\"width\":1221,\"height\":1182},{\"@type\":\"BreadcrumbList\",\"@id\":\"https:\/\/implanmorelia.org\/site\/ovie-morelia\/#breadcrumb\",\"itemListElement\":[{\"@type\":\"ListItem\",\"position\":1,\"name\":\"Inicio\",\"item\":\"https:\/\/implanmorelia.org\/site\/\"},{\"@type\":\"ListItem\",\"position\":2,\"name\":\"OVIE Morelia\"}]},{\"@type\":\"WebSite\",\"@id\":\"https:\/\/implanmorelia.org\/site\/#website\",\"url\":\"https:\/\/implanmorelia.org\/site\/\",\"name\":\"IMPLAN Morelia\",\"description\":\"Instituto Municipal de Planeci\u00f3n Morelia\",\"publisher\":{\"@id\":\"https:\/\/implanmorelia.org\/site\/#organization\"},\"potentialAction\":[{\"@type\":\"SearchAction\",\"target\":{\"@type\":\"EntryPoint\",\"urlTemplate\":\"https:\/\/implanmorelia.org\/site\/?s={search_term_string}\"},\"query-input\":{\"@type\":\"PropertyValueSpecification\",\"valueRequired\":true,\"valueName\":\"search_term_string\"}}],\"inLanguage\":\"es\"},{\"@type\":\"Organization\",\"@id\":\"https:\/\/implanmorelia.org\/site\/#organization\",\"name\":\"Instituto Municipal de Planeaci\u00f3n Morelia\",\"url\":\"https:\/\/implanmorelia.org\/site\/\",\"logo\":{\"@type\":\"ImageObject\",\"inLanguage\":\"es\",\"@id\":\"https:\/\/implanmorelia.org\/site\/#\/schema\/logo\/image\/\",\"url\":\"https:\/\/implanmorelia.org\/site\/wp-content\/uploads\/2020\/03\/IMPLAN-color.png\",\"contentUrl\":\"https:\/\/implanmorelia.org\/site\/wp-content\/uploads\/2020\/03\/IMPLAN-color.png\",\"width\":719,\"height\":381,\"caption\":\"Instituto Municipal de Planeaci\u00f3n Morelia\"},\"image\":{\"@id\":\"https:\/\/implanmorelia.org\/site\/#\/schema\/logo\/image\/\"},\"sameAs\":[\"https:\/\/www.facebook.com\/IMPLANmorelia\/\",\"https:\/\/x.com\/implanmorelia\",\"https:\/\/www.youtube.com\/channel\/UCfGOm_ex__MURcsr5L5JAwQ\"]}]}<\/script>\n<!-- \/ Yoast SEO plugin. -->","yoast_head_json":{"title":"OVIE Morelia - IMPLAN Morelia","robots":{"index":"index","follow":"follow","max-snippet":"max-snippet:-1","max-image-preview":"max-image-preview:large","max-video-preview":"max-video-preview:-1"},"canonical":"https:\/\/implanmorelia.org\/site\/ovie-morelia\/","og_locale":"es_MX","og_type":"article","og_title":"OVIE Morelia - IMPLAN Morelia","og_description":"La Oficina Virtual de Informaci\u00f3n Econ\u00f3mica (OVIE) es una herramienta digital dise\u00f1ada y desarrollada por el INEGI, esta plataforma gratuita de an\u00e1lisis territorial busca servir de gu\u00eda para fundamentar decisiones econ\u00f3micas. A trav\u00e9s de esta plataforma, podr\u00e1s acceder al mapa econ\u00f3mico de Morelia y conocer, cuadra por cuadra, el contexto social y econ\u00f3mico, as\u00ed como [&hellip;]","og_url":"https:\/\/implanmorelia.org\/site\/ovie-morelia\/","og_site_name":"IMPLAN Morelia","article_publisher":"https:\/\/www.facebook.com\/IMPLANmorelia\/","article_modified_time":"2022-06-17T16:48:04+00:00","og_image":[{"width":1221,"height":1182,"url":"https:\/\/implanmorelia.org\/site\/wp-content\/uploads\/2020\/03\/Logo-IMPLAN.png","type":"image\/png"}],"twitter_card":"summary_large_image","twitter_site":"@implanmorelia","twitter_misc":{"Tiempo de lectura":"1 minuto"},"schema":{"@context":"https:\/\/schema.org","@graph":[{"@type":"WebPage","@id":"https:\/\/implanmorelia.org\/site\/ovie-morelia\/","url":"https:\/\/implanmorelia.org\/site\/ovie-morelia\/","name":"OVIE Morelia - IMPLAN Morelia","isPartOf":{"@id":"https:\/\/implanmorelia.org\/site\/#website"},"primaryImageOfPage":{"@id":"https:\/\/implanmorelia.org\/site\/ovie-morelia\/#primaryimage"},"image":{"@id":"https:\/\/implanmorelia.org\/site\/ovie-morelia\/#primaryimage"},"thumbnailUrl":"https:\/\/implanmorelia.org\/site\/wp-content\/uploads\/2020\/03\/Logo-IMPLAN-1024x991.png","datePublished":"2020-02-24T18:51:12+00:00","dateModified":"2022-06-17T16:48:04+00:00","breadcrumb":{"@id":"https:\/\/implanmorelia.org\/site\/ovie-morelia\/#breadcrumb"},"inLanguage":"es","potentialAction":[{"@type":"ReadAction","target":["https:\/\/implanmorelia.org\/site\/ovie-morelia\/"]}]},{"@type":"ImageObject","inLanguage":"es","@id":"https:\/\/implanmorelia.org\/site\/ovie-morelia\/#primaryimage","url":"https:\/\/implanmorelia.org\/site\/wp-content\/uploads\/2020\/03\/Logo-IMPLAN.png","contentUrl":"https:\/\/implanmorelia.org\/site\/wp-content\/uploads\/2020\/03\/Logo-IMPLAN.png","width":1221,"height":1182},{"@type":"BreadcrumbList","@id":"https:\/\/implanmorelia.org\/site\/ovie-morelia\/#breadcrumb","itemListElement":[{"@type":"ListItem","position":1,"name":"Inicio","item":"https:\/\/implanmorelia.org\/site\/"},{"@type":"ListItem","position":2,"name":"OVIE Morelia"}]},{"@type":"WebSite","@id":"https:\/\/implanmorelia.org\/site\/#website","url":"https:\/\/implanmorelia.org\/site\/","name":"IMPLAN Morelia","description":"Instituto Municipal de Planeci\u00f3n Morelia","publisher":{"@id":"https:\/\/implanmorelia.org\/site\/#organization"},"potentialAction":[{"@type":"SearchAction","target":{"@type":"EntryPoint","urlTemplate":"https:\/\/implanmorelia.org\/site\/?s={search_term_string}"},"query-input":{"@type":"PropertyValueSpecification","valueRequired":true,"valueName":"search_term_string"}}],"inLanguage":"es"},{"@type":"Organization","@id":"https:\/\/implanmorelia.org\/site\/#organization","name":"Instituto Municipal de Planeaci\u00f3n Morelia","url":"https:\/\/implanmorelia.org\/site\/","logo":{"@type":"ImageObject","inLanguage":"es","@id":"https:\/\/implanmorelia.org\/site\/#\/schema\/logo\/image\/","url":"https:\/\/implanmorelia.org\/site\/wp-content\/uploads\/2020\/03\/IMPLAN-color.png","contentUrl":"https:\/\/implanmorelia.org\/site\/wp-content\/uploads\/2020\/03\/IMPLAN-color.png","width":719,"height":381,"caption":"Instituto Municipal de Planeaci\u00f3n Morelia"},"image":{"@id":"https:\/\/implanmorelia.org\/site\/#\/schema\/logo\/image\/"},"sameAs":["https:\/\/www.facebook.com\/IMPLANmorelia\/","https:\/\/x.com\/implanmorelia","https:\/\/www.youtube.com\/channel\/UCfGOm_ex__MURcsr5L5JAwQ"]}]}},"_links":{"self":[{"href":"https:\/\/implanmorelia.org\/site\/wp-json\/wp\/v2\/pages\/328","targetHints":{"allow":["GET"]}}],"collection":[{"href":"https:\/\/implanmorelia.org\/site\/wp-json\/wp\/v2\/pages"}],"about":[{"href":"https:\/\/implanmorelia.org\/site\/wp-json\/wp\/v2\/types\/page"}],"author":[{"embeddable":true,"href":"https:\/\/implanmorelia.org\/site\/wp-json\/wp\/v2\/users\/1"}],"replies":[{"embeddable":true,"href":"https:\/\/implanmorelia.org\/site\/wp-json\/wp\/v2\/comments?post=328"}],"version-history":[{"count":4,"href":"https:\/\/implanmorelia.org\/site\/wp-json\/wp\/v2\/pages\/328\/revisions"}],"predecessor-version":[{"id":2478,"href":"https:\/\/implanmorelia.org\/site\/wp-json\/wp\/v2\/pages\/328\/revisions\/2478"}],"wp:attachment":[{"href":"https:\/\/implanmorelia.org\/site\/wp-json\/wp\/v2\/media?parent=328"}],"curies":[{"name":"wp","href":"https:\/\/api.w.org\/{rel}","templated":true}]}}