{"id":4075,"date":"2023-01-19T22:20:07","date_gmt":"2023-01-19T22:20:07","guid":{"rendered":"https:\/\/implanmorelia.org\/site\/?page_id=4075"},"modified":"2023-01-20T20:06:52","modified_gmt":"2023-01-20T20:06:52","slug":"parque-lineal-rc","status":"publish","type":"page","link":"https:\/\/implanmorelia.org\/site\/parque-lineal-rc\/","title":{"rendered":"ELABORACI\u00d3N DEL PROYECTO PARQUE LINEAL R\u00cdO CHIQUITO"},"content":{"rendered":"\n<div class=\"wp-block-image\"><figure class=\"aligncenter size-large\"><img loading=\"lazy\" decoding=\"async\" width=\"813\" height=\"815\" src=\"https:\/\/implanmorelia.org\/site\/wp-content\/uploads\/2023\/01\/WhatsApp-Image-2023-01-20-at-2.04.37-PM.jpeg\" alt=\"\" class=\"wp-image-4105\" srcset=\"https:\/\/implanmorelia.org\/site\/wp-content\/uploads\/2023\/01\/WhatsApp-Image-2023-01-20-at-2.04.37-PM.jpeg 813w, https:\/\/implanmorelia.org\/site\/wp-content\/uploads\/2023\/01\/WhatsApp-Image-2023-01-20-at-2.04.37-PM-300x300.jpeg 300w, https:\/\/implanmorelia.org\/site\/wp-content\/uploads\/2023\/01\/WhatsApp-Image-2023-01-20-at-2.04.37-PM-150x150.jpeg 150w, https:\/\/implanmorelia.org\/site\/wp-content\/uploads\/2023\/01\/WhatsApp-Image-2023-01-20-at-2.04.37-PM-768x770.jpeg 768w\" sizes=\"auto, (max-width: 813px) 100vw, 813px\" \/><\/figure><\/div>\n\n\n<style>.wp-block-kadence-spacer.kt-block-spacer-_3c5e78-d1 .kt-block-spacer{height:20px;}.wp-block-kadence-spacer.kt-block-spacer-_3c5e78-d1 .kt-divider{border-top-width:1px;height:1px;border-top-color:#eee;width:80%;border-top-style:solid;}<\/style>\n<div class=\"wp-block-kadence-spacer aligncenter kt-block-spacer-_3c5e78-d1\"><div class=\"kt-block-spacer kt-block-spacer-halign-center\" style=\"height:20px\"><hr class=\"kt-divider\" style=\"border-top-color:rgba(238, 238, 238, 1);border-top-width:1px;width:0%;border-top-style:solid\"\/><\/div><\/div>\n\n\n<style>.wp-block-kadence-spacer.kt-block-spacer-_e249c7-2f .kt-block-spacer{height:20px;}.wp-block-kadence-spacer.kt-block-spacer-_e249c7-2f .kt-divider{border-top-width:1px;height:1px;border-top-color:#eee;width:80%;border-top-style:solid;}<\/style>\n<div class=\"wp-block-kadence-spacer aligncenter kt-block-spacer-_e249c7-2f\"><div class=\"kt-block-spacer kt-block-spacer-halign-center\" style=\"height:20px\"><hr class=\"kt-divider\" style=\"border-top-color:rgba(238, 238, 238, 1);border-top-width:1px;width:0%;border-top-style:solid\"\/><\/div><\/div>\n\n\n\n<p><strong>Objetivo del proyecto<\/strong>:<\/p>\n\n\n\n<p>Dise\u00f1ar y presentar tres propuestas conceptuales que, tras su selecci\u00f3n, una de ellas podr\u00e1 ser desarrollada en proyecto ejecutivo. Todas ellas por medio de adjudicaci\u00f3n directa para el proyecto del Parque Lineal R\u00edo Chiquito: tramo Av. Camelinas- Blvr. Sans\u00f3n Flores.<\/p>\n\n\n<style>.wp-block-kadence-spacer.kt-block-spacer-_53aebb-da .kt-block-spacer{height:20px;}.wp-block-kadence-spacer.kt-block-spacer-_53aebb-da .kt-divider{border-top-width:1px;height:1px;border-top-color:#eee;width:80%;border-top-style:solid;}<\/style>\n<div class=\"wp-block-kadence-spacer aligncenter kt-block-spacer-_53aebb-da\"><div class=\"kt-block-spacer kt-block-spacer-halign-center\" style=\"height:20px\"><hr class=\"kt-divider\" style=\"border-top-color:rgba(238, 238, 238, 1);border-top-width:1px;width:0%;border-top-style:solid\"\/><\/div><\/div>\n\n\n\n<p><strong> Reglamento de la adjudicaci\u00f3n<\/strong>:<\/p>\n\n\n\n<p>Se trata de una adjudicaci\u00f3n directa en dos fases a nivel municipal, NO vinculante con la ejecuci\u00f3n de su obra p\u00fablica, pero S\u00cd a la contrataci\u00f3n de servicios profesionales para el desarrollo del proyecto ejecutivo con quien presente la propuesta m\u00e1s adecuada, previa determinaci\u00f3n por el jurado evaluador. As\u00ed tambi\u00e9n, la adjudicaci\u00f3n reconoce a tres propuestas conceptuales que cumplan con todos los requisitos.<\/p>\n\n\n\n<p><br><strong> Participantes<\/strong>:<\/p>\n\n\n\n<p>Podr\u00e1n participar personas f\u00edsicas o morales, as\u00ed como grupos de trabajo de profesionistas que demuestren tener la capacidad de elaborar el proyecto ejecutivo. Las personas interesada podr\u00e1n participar de forma individual o formar equipos multidisciplinarios en los que se integren los siguientes perfiles profesionales: personas especializadas y con experiencia en arquitectura, ing. civil, paisaje, biolog\u00eda, ecolog\u00eda, medio ambiente, dise\u00f1o industrial, iluminaci\u00f3n, estructuras, instalaciones, equipamiento esc\u00e9nico, as\u00ed como artistas, historiadores, gestores del patrimonio cultural, antrop\u00f3logos, fil\u00f3sofos, entre otras, justificando debidamente su participaci\u00f3n. Se realiza un solo registro por grupo de trabajo participante. No podr\u00e1n participar los miembros del Consejo Directivo del IMPLAN, ni las personas con lazo consangu\u00edneos a ellos, tampoco sus c\u00f3nyuges ni aquellas con quienes mantengan relaciones formales de trabajos relacionados a la adjudicaci\u00f3n.<br> Se proh\u00edbe a los participantes, y a los miembros del jurado, tener comunicaci\u00f3n de cualquier<br> tipo entre ellos durante la vigencia de la presente y hasta que no sea entregado la contrataci\u00f3n de la propuesta m\u00e1s adecuada.<\/p>\n\n\n\n<p><br><\/p>\n\n\n<style>.wp-block-kadence-spacer.kt-block-spacer-_d01dd4-6f .kt-block-spacer{height:20px;}.wp-block-kadence-spacer.kt-block-spacer-_d01dd4-6f .kt-divider{border-top-width:1px;height:1px;border-top-color:#eee;width:1%;border-top-style:solid;}<\/style>\n<div class=\"wp-block-kadence-spacer aligncenter kt-block-spacer-_d01dd4-6f\"><div class=\"kt-block-spacer kt-block-spacer-halign-center\" style=\"height:20px\"><hr class=\"kt-divider\" style=\"border-top-color:rgba(238, 238, 238, 1);border-top-width:1px;width:1%;border-top-style:solid\"\/><\/div><\/div>\n\n\n\n<p class=\"has-text-align-center\"><strong>Descarga los formatos correspondientes a la convocatoria:<\/strong><\/p>\n\n\n<style>.wp-block-kadence-spacer.kt-block-spacer-_d44a3a-4a .kt-block-spacer{height:30px;}.wp-block-kadence-spacer.kt-block-spacer-_d44a3a-4a .kt-divider{border-top-width:1px;height:1px;border-top-color:#eee;width:80%;border-top-style:solid;}<\/style>\n<div class=\"wp-block-kadence-spacer aligncenter kt-block-spacer-_d44a3a-4a\"><div class=\"kt-block-spacer kt-block-spacer-halign-center\" style=\"height:30px\"><hr class=\"kt-divider\" style=\"border-top-color:rgba(238, 238, 238, 1);border-top-width:1px;width:0%;border-top-style:solid\"\/><\/div><\/div>\n\n\n\n<div class=\"wp-block-columns is-layout-flex wp-container-core-columns-is-layout-9d6595d7 wp-block-columns-is-layout-flex\">\n<div class=\"wp-block-column is-layout-flow wp-block-column-is-layout-flow\">\n<div class=\"wp-block-image\"><figure class=\"aligncenter size-large\"><a href=\"https:\/\/implanmorelia.org\/site\/wp-content\/uploads\/2023\/01\/BASES_PROYECTO.pdf\" target=\"_blank\" rel=\"noreferrer noopener\"><img loading=\"lazy\" decoding=\"async\" width=\"147\" height=\"168\" src=\"https:\/\/implanmorelia.org\/site\/wp-content\/uploads\/2023\/01\/ICONO_PDF.png\" alt=\"\" class=\"wp-image-4099\"\/><\/a><figcaption><strong><a href=\"https:\/\/implanmorelia.org\/site\/wp-content\/uploads\/2023\/01\/BASES_PROYECTO.pdf\" target=\"_blank\" rel=\"noreferrer noopener\" aria-label=\"Descargar Bases (abre en una nueva pesta\u00f1a)\">Descargar Bases<\/a><\/strong><\/figcaption><\/figure><\/div>\n<\/div>\n\n\n\n<div class=\"wp-block-column is-layout-flow wp-block-column-is-layout-flow\">\n<div class=\"wp-block-image\"><figure class=\"aligncenter size-large\"><a href=\"https:\/\/implanmorelia.org\/site\/wp-content\/uploads\/2023\/01\/ANEXOS_PROYECTOS.zip\" target=\"_blank\" rel=\"noreferrer noopener\"><img loading=\"lazy\" decoding=\"async\" width=\"147\" height=\"168\" src=\"https:\/\/implanmorelia.org\/site\/wp-content\/uploads\/2023\/01\/ICONO_ZIP.png\" alt=\"\" class=\"wp-image-4097\"\/><\/a><figcaption><strong><a href=\"https:\/\/implanmorelia.org\/site\/wp-content\/uploads\/2023\/01\/ANEXOS_PROYECTOS.zip\" target=\"_blank\" rel=\"noreferrer noopener\" aria-label=\"Descargar Anexos (abre en una nueva pesta\u00f1a)\">Descargar Anexos<\/a><\/strong><\/figcaption><\/figure><\/div>\n<\/div>\n<\/div>\n\n\n<style>.wp-block-kadence-spacer.kt-block-spacer-_fbdb39-83 .kt-block-spacer{height:150px;}.wp-block-kadence-spacer.kt-block-spacer-_fbdb39-83 .kt-divider{border-top-width:1px;height:1px;border-top-color:#eee;width:80%;border-top-style:solid;}<\/style>\n<div class=\"wp-block-kadence-spacer aligncenter kt-block-spacer-_fbdb39-83\"><div class=\"kt-block-spacer kt-block-spacer-halign-center\" style=\"height:150px\"><hr class=\"kt-divider\" style=\"border-top-color:rgba(238, 238, 238, 1);border-top-width:1px;width:0%;border-top-style:solid\"\/><\/div><\/div>\n","protected":false},"excerpt":{"rendered":"<p>Objetivo del proyecto: Dise\u00f1ar y presentar tres propuestas conceptuales que, tras su selecci\u00f3n, una de ellas podr\u00e1 ser desarrollada en proyecto ejecutivo. Todas ellas por medio de adjudicaci\u00f3n directa","protected":false},"author":1,"featured_media":0,"parent":0,"menu_order":0,"comment_status":"closed","ping_status":"closed","template":"","meta":{"_acf_changed":false,"inline_featured_image":false,"footnotes":""},"class_list":["post-4075","page","type-page","status-publish","hentry"],"acf":[],"yoast_head":"<!-- This site is optimized with the Yoast SEO plugin v24.2 - https:\/\/yoast.com\/wordpress\/plugins\/seo\/ -->\n<title>ELABORACI\u00d3N DEL PROYECTO PARQUE LINEAL R\u00cdO CHIQUITO - IMPLAN Morelia<\/title>\n<meta name=\"robots\" content=\"index, follow, max-snippet:-1, max-image-preview:large, max-video-preview:-1\" \/>\n<link rel=\"canonical\" href=\"https:\/\/implanmorelia.org\/site\/parque-lineal-rc\/\" \/>\n<meta property=\"og:locale\" content=\"es_MX\" \/>\n<meta property=\"og:type\" content=\"article\" \/>\n<meta property=\"og:title\" content=\"ELABORACI\u00d3N DEL PROYECTO PARQUE LINEAL R\u00cdO CHIQUITO - IMPLAN Morelia\" \/>\n<meta property=\"og:description\" content=\"Objetivo del proyecto: Dise\u00f1ar y presentar tres propuestas conceptuales que, tras su selecci\u00f3n, una de ellas podr\u00e1 ser desarrollada en proyecto ejecutivo. Todas ellas por medio de adjudicaci\u00f3n directa para el proyecto del Parque Lineal R\u00edo Chiquito: tramo Av. Camelinas- Blvr. Sans\u00f3n Flores. Reglamento de la adjudicaci\u00f3n: Se trata de una adjudicaci\u00f3n directa en dos [&hellip;]\" \/>\n<meta property=\"og:url\" content=\"https:\/\/implanmorelia.org\/site\/parque-lineal-rc\/\" \/>\n<meta property=\"og:site_name\" content=\"IMPLAN Morelia\" \/>\n<meta property=\"article:publisher\" content=\"https:\/\/www.facebook.com\/IMPLANmorelia\/\" \/>\n<meta property=\"article:modified_time\" content=\"2023-01-20T20:06:52+00:00\" \/>\n<meta property=\"og:image\" content=\"https:\/\/implanmorelia.org\/site\/wp-content\/uploads\/2023\/01\/WhatsApp-Image-2023-01-20-at-2.04.37-PM.jpeg\" \/>\n\t<meta property=\"og:image:width\" content=\"813\" \/>\n\t<meta property=\"og:image:height\" content=\"815\" \/>\n\t<meta property=\"og:image:type\" content=\"image\/jpeg\" \/>\n<meta name=\"twitter:card\" content=\"summary_large_image\" \/>\n<meta name=\"twitter:site\" content=\"@implanmorelia\" \/>\n<meta name=\"twitter:label1\" content=\"Tiempo de lectura\" \/>\n\t<meta name=\"twitter:data1\" content=\"2 minutos\" \/>\n<script type=\"application\/ld+json\" class=\"yoast-schema-graph\">{\"@context\":\"https:\/\/schema.org\",\"@graph\":[{\"@type\":\"WebPage\",\"@id\":\"https:\/\/implanmorelia.org\/site\/parque-lineal-rc\/\",\"url\":\"https:\/\/implanmorelia.org\/site\/parque-lineal-rc\/\",\"name\":\"ELABORACI\u00d3N DEL PROYECTO PARQUE LINEAL R\u00cdO CHIQUITO - IMPLAN Morelia\",\"isPartOf\":{\"@id\":\"https:\/\/implanmorelia.org\/site\/#website\"},\"primaryImageOfPage\":{\"@id\":\"https:\/\/implanmorelia.org\/site\/parque-lineal-rc\/#primaryimage\"},\"image\":{\"@id\":\"https:\/\/implanmorelia.org\/site\/parque-lineal-rc\/#primaryimage\"},\"thumbnailUrl\":\"https:\/\/implanmorelia.org\/site\/wp-content\/uploads\/2023\/01\/WhatsApp-Image-2023-01-20-at-2.04.37-PM.jpeg\",\"datePublished\":\"2023-01-19T22:20:07+00:00\",\"dateModified\":\"2023-01-20T20:06:52+00:00\",\"breadcrumb\":{\"@id\":\"https:\/\/implanmorelia.org\/site\/parque-lineal-rc\/#breadcrumb\"},\"inLanguage\":\"es\",\"potentialAction\":[{\"@type\":\"ReadAction\",\"target\":[\"https:\/\/implanmorelia.org\/site\/parque-lineal-rc\/\"]}]},{\"@type\":\"ImageObject\",\"inLanguage\":\"es\",\"@id\":\"https:\/\/implanmorelia.org\/site\/parque-lineal-rc\/#primaryimage\",\"url\":\"https:\/\/implanmorelia.org\/site\/wp-content\/uploads\/2023\/01\/WhatsApp-Image-2023-01-20-at-2.04.37-PM.jpeg\",\"contentUrl\":\"https:\/\/implanmorelia.org\/site\/wp-content\/uploads\/2023\/01\/WhatsApp-Image-2023-01-20-at-2.04.37-PM.jpeg\",\"width\":813,\"height\":815},{\"@type\":\"BreadcrumbList\",\"@id\":\"https:\/\/implanmorelia.org\/site\/parque-lineal-rc\/#breadcrumb\",\"itemListElement\":[{\"@type\":\"ListItem\",\"position\":1,\"name\":\"Inicio\",\"item\":\"https:\/\/implanmorelia.org\/site\/\"},{\"@type\":\"ListItem\",\"position\":2,\"name\":\"ELABORACI\u00d3N DEL PROYECTO PARQUE LINEAL R\u00cdO CHIQUITO\"}]},{\"@type\":\"WebSite\",\"@id\":\"https:\/\/implanmorelia.org\/site\/#website\",\"url\":\"https:\/\/implanmorelia.org\/site\/\",\"name\":\"IMPLAN Morelia\",\"description\":\"Instituto Municipal de Planeci\u00f3n Morelia\",\"publisher\":{\"@id\":\"https:\/\/implanmorelia.org\/site\/#organization\"},\"potentialAction\":[{\"@type\":\"SearchAction\",\"target\":{\"@type\":\"EntryPoint\",\"urlTemplate\":\"https:\/\/implanmorelia.org\/site\/?s={search_term_string}\"},\"query-input\":{\"@type\":\"PropertyValueSpecification\",\"valueRequired\":true,\"valueName\":\"search_term_string\"}}],\"inLanguage\":\"es\"},{\"@type\":\"Organization\",\"@id\":\"https:\/\/implanmorelia.org\/site\/#organization\",\"name\":\"Instituto Municipal de Planeaci\u00f3n Morelia\",\"url\":\"https:\/\/implanmorelia.org\/site\/\",\"logo\":{\"@type\":\"ImageObject\",\"inLanguage\":\"es\",\"@id\":\"https:\/\/implanmorelia.org\/site\/#\/schema\/logo\/image\/\",\"url\":\"https:\/\/implanmorelia.org\/site\/wp-content\/uploads\/2020\/03\/IMPLAN-color.png\",\"contentUrl\":\"https:\/\/implanmorelia.org\/site\/wp-content\/uploads\/2020\/03\/IMPLAN-color.png\",\"width\":719,\"height\":381,\"caption\":\"Instituto Municipal de Planeaci\u00f3n Morelia\"},\"image\":{\"@id\":\"https:\/\/implanmorelia.org\/site\/#\/schema\/logo\/image\/\"},\"sameAs\":[\"https:\/\/www.facebook.com\/IMPLANmorelia\/\",\"https:\/\/x.com\/implanmorelia\",\"https:\/\/www.youtube.com\/channel\/UCfGOm_ex__MURcsr5L5JAwQ\"]}]}<\/script>\n<!-- \/ Yoast SEO plugin. -->","yoast_head_json":{"title":"ELABORACI\u00d3N DEL PROYECTO PARQUE LINEAL R\u00cdO CHIQUITO - IMPLAN Morelia","robots":{"index":"index","follow":"follow","max-snippet":"max-snippet:-1","max-image-preview":"max-image-preview:large","max-video-preview":"max-video-preview:-1"},"canonical":"https:\/\/implanmorelia.org\/site\/parque-lineal-rc\/","og_locale":"es_MX","og_type":"article","og_title":"ELABORACI\u00d3N DEL PROYECTO PARQUE LINEAL R\u00cdO CHIQUITO - IMPLAN Morelia","og_description":"Objetivo del proyecto: Dise\u00f1ar y presentar tres propuestas conceptuales que, tras su selecci\u00f3n, una de ellas podr\u00e1 ser desarrollada en proyecto ejecutivo. Todas ellas por medio de adjudicaci\u00f3n directa para el proyecto del Parque Lineal R\u00edo Chiquito: tramo Av. Camelinas- Blvr. Sans\u00f3n Flores. Reglamento de la adjudicaci\u00f3n: Se trata de una adjudicaci\u00f3n directa en dos [&hellip;]","og_url":"https:\/\/implanmorelia.org\/site\/parque-lineal-rc\/","og_site_name":"IMPLAN Morelia","article_publisher":"https:\/\/www.facebook.com\/IMPLANmorelia\/","article_modified_time":"2023-01-20T20:06:52+00:00","og_image":[{"width":813,"height":815,"url":"https:\/\/implanmorelia.org\/site\/wp-content\/uploads\/2023\/01\/WhatsApp-Image-2023-01-20-at-2.04.37-PM.jpeg","type":"image\/jpeg"}],"twitter_card":"summary_large_image","twitter_site":"@implanmorelia","twitter_misc":{"Tiempo de lectura":"2 minutos"},"schema":{"@context":"https:\/\/schema.org","@graph":[{"@type":"WebPage","@id":"https:\/\/implanmorelia.org\/site\/parque-lineal-rc\/","url":"https:\/\/implanmorelia.org\/site\/parque-lineal-rc\/","name":"ELABORACI\u00d3N DEL PROYECTO PARQUE LINEAL R\u00cdO CHIQUITO - IMPLAN Morelia","isPartOf":{"@id":"https:\/\/implanmorelia.org\/site\/#website"},"primaryImageOfPage":{"@id":"https:\/\/implanmorelia.org\/site\/parque-lineal-rc\/#primaryimage"},"image":{"@id":"https:\/\/implanmorelia.org\/site\/parque-lineal-rc\/#primaryimage"},"thumbnailUrl":"https:\/\/implanmorelia.org\/site\/wp-content\/uploads\/2023\/01\/WhatsApp-Image-2023-01-20-at-2.04.37-PM.jpeg","datePublished":"2023-01-19T22:20:07+00:00","dateModified":"2023-01-20T20:06:52+00:00","breadcrumb":{"@id":"https:\/\/implanmorelia.org\/site\/parque-lineal-rc\/#breadcrumb"},"inLanguage":"es","potentialAction":[{"@type":"ReadAction","target":["https:\/\/implanmorelia.org\/site\/parque-lineal-rc\/"]}]},{"@type":"ImageObject","inLanguage":"es","@id":"https:\/\/implanmorelia.org\/site\/parque-lineal-rc\/#primaryimage","url":"https:\/\/implanmorelia.org\/site\/wp-content\/uploads\/2023\/01\/WhatsApp-Image-2023-01-20-at-2.04.37-PM.jpeg","contentUrl":"https:\/\/implanmorelia.org\/site\/wp-content\/uploads\/2023\/01\/WhatsApp-Image-2023-01-20-at-2.04.37-PM.jpeg","width":813,"height":815},{"@type":"BreadcrumbList","@id":"https:\/\/implanmorelia.org\/site\/parque-lineal-rc\/#breadcrumb","itemListElement":[{"@type":"ListItem","position":1,"name":"Inicio","item":"https:\/\/implanmorelia.org\/site\/"},{"@type":"ListItem","position":2,"name":"ELABORACI\u00d3N DEL PROYECTO PARQUE LINEAL R\u00cdO CHIQUITO"}]},{"@type":"WebSite","@id":"https:\/\/implanmorelia.org\/site\/#website","url":"https:\/\/implanmorelia.org\/site\/","name":"IMPLAN Morelia","description":"Instituto Municipal de Planeci\u00f3n Morelia","publisher":{"@id":"https:\/\/implanmorelia.org\/site\/#organization"},"potentialAction":[{"@type":"SearchAction","target":{"@type":"EntryPoint","urlTemplate":"https:\/\/implanmorelia.org\/site\/?s={search_term_string}"},"query-input":{"@type":"PropertyValueSpecification","valueRequired":true,"valueName":"search_term_string"}}],"inLanguage":"es"},{"@type":"Organization","@id":"https:\/\/implanmorelia.org\/site\/#organization","name":"Instituto Municipal de Planeaci\u00f3n Morelia","url":"https:\/\/implanmorelia.org\/site\/","logo":{"@type":"ImageObject","inLanguage":"es","@id":"https:\/\/implanmorelia.org\/site\/#\/schema\/logo\/image\/","url":"https:\/\/implanmorelia.org\/site\/wp-content\/uploads\/2020\/03\/IMPLAN-color.png","contentUrl":"https:\/\/implanmorelia.org\/site\/wp-content\/uploads\/2020\/03\/IMPLAN-color.png","width":719,"height":381,"caption":"Instituto Municipal de Planeaci\u00f3n Morelia"},"image":{"@id":"https:\/\/implanmorelia.org\/site\/#\/schema\/logo\/image\/"},"sameAs":["https:\/\/www.facebook.com\/IMPLANmorelia\/","https:\/\/x.com\/implanmorelia","https:\/\/www.youtube.com\/channel\/UCfGOm_ex__MURcsr5L5JAwQ"]}]}},"_links":{"self":[{"href":"https:\/\/implanmorelia.org\/site\/wp-json\/wp\/v2\/pages\/4075","targetHints":{"allow":["GET"]}}],"collection":[{"href":"https:\/\/implanmorelia.org\/site\/wp-json\/wp\/v2\/pages"}],"about":[{"href":"https:\/\/implanmorelia.org\/site\/wp-json\/wp\/v2\/types\/page"}],"author":[{"embeddable":true,"href":"https:\/\/implanmorelia.org\/site\/wp-json\/wp\/v2\/users\/1"}],"replies":[{"embeddable":true,"href":"https:\/\/implanmorelia.org\/site\/wp-json\/wp\/v2\/comments?post=4075"}],"version-history":[{"count":6,"href":"https:\/\/implanmorelia.org\/site\/wp-json\/wp\/v2\/pages\/4075\/revisions"}],"predecessor-version":[{"id":4107,"href":"https:\/\/implanmorelia.org\/site\/wp-json\/wp\/v2\/pages\/4075\/revisions\/4107"}],"wp:attachment":[{"href":"https:\/\/implanmorelia.org\/site\/wp-json\/wp\/v2\/media?parent=4075"}],"curies":[{"name":"wp","href":"https:\/\/api.w.org\/{rel}","templated":true}]}}