{"id":73,"date":"2020-01-15T18:18:16","date_gmt":"2020-01-15T18:18:16","guid":{"rendered":"https:\/\/implanmorelia.org\/site\/?page_id=73"},"modified":"2020-03-10T22:49:52","modified_gmt":"2020-03-10T22:49:52","slug":"pagina-principal","status":"publish","type":"page","link":"https:\/\/implanmorelia.org\/site\/","title":{"rendered":"Instituto Municipal de Planeaci\u00f3n Morelia"},"content":{"rendered":"","protected":false},"excerpt":{"rendered":"","protected":false},"author":1,"featured_media":0,"parent":0,"menu_order":0,"comment_status":"closed","ping_status":"closed","template":"","meta":{"_acf_changed":false,"inline_featured_image":false,"footnotes":""},"class_list":["post-73","page","type-page","status-publish","hentry"],"acf":[],"yoast_head":"<!-- This site is optimized with the Yoast SEO plugin v24.2 - https:\/\/yoast.com\/wordpress\/plugins\/seo\/ -->\n<title>Instituto Municipal de Planeaci\u00f3n Morelia - IMPLAN Morelia<\/title>\n<meta name=\"description\" content=\"El Instituto Municipal de Planeaci\u00f3n de Morelia es el organismo responsable de coordinar el proceso de planeaci\u00f3n del desarrollo integral del municipio, incluyendo a los sectores p\u00fablico, social y privado en la construcci\u00f3n de una visi\u00f3n de largo plazo y mediante el impulso de la sustentabilidad y competitividad, con el prop\u00f3sito de mejorar la calidad de vida de los morelianos.\" \/>\n<meta name=\"robots\" content=\"index, follow, max-snippet:-1, max-image-preview:large, max-video-preview:-1\" \/>\n<link rel=\"canonical\" href=\"https:\/\/implanmorelia.org\/site\/\" \/>\n<meta property=\"og:locale\" content=\"es_MX\" \/>\n<meta property=\"og:type\" content=\"article\" \/>\n<meta property=\"og:title\" content=\"Instituto Municipal de Planeaci\u00f3n Morelia - IMPLAN Morelia\" \/>\n<meta property=\"og:description\" content=\"El Instituto Municipal de Planeaci\u00f3n de Morelia es el organismo responsable de coordinar el proceso de planeaci\u00f3n del desarrollo integral del municipio, incluyendo a los sectores p\u00fablico, social y privado en la construcci\u00f3n de una visi\u00f3n de largo plazo y mediante el impulso de la sustentabilidad y competitividad, con el prop\u00f3sito de mejorar la calidad de vida de los morelianos.\" \/>\n<meta property=\"og:url\" content=\"https:\/\/implanmorelia.org\/site\/\" \/>\n<meta property=\"og:site_name\" content=\"IMPLAN Morelia\" \/>\n<meta property=\"article:publisher\" content=\"https:\/\/www.facebook.com\/IMPLANmorelia\/\" \/>\n<meta property=\"article:modified_time\" content=\"2020-03-10T22:49:52+00:00\" \/>\n<meta name=\"twitter:card\" content=\"summary_large_image\" \/>\n<meta name=\"twitter:site\" content=\"@implanmorelia\" \/>\n<script type=\"application\/ld+json\" class=\"yoast-schema-graph\">{\"@context\":\"https:\/\/schema.org\",\"@graph\":[{\"@type\":\"WebPage\",\"@id\":\"https:\/\/implanmorelia.org\/site\/\",\"url\":\"https:\/\/implanmorelia.org\/site\/\",\"name\":\"Instituto Municipal de Planeaci\u00f3n Morelia - IMPLAN Morelia\",\"isPartOf\":{\"@id\":\"https:\/\/implanmorelia.org\/site\/#website\"},\"datePublished\":\"2020-01-15T18:18:16+00:00\",\"dateModified\":\"2020-03-10T22:49:52+00:00\",\"description\":\"El Instituto Municipal de Planeaci\u00f3n de Morelia es el organismo responsable de coordinar el proceso de planeaci\u00f3n del desarrollo integral del municipio, incluyendo a los sectores p\u00fablico, social y privado en la construcci\u00f3n de una visi\u00f3n de largo plazo y mediante el impulso de la sustentabilidad y competitividad, con el prop\u00f3sito de mejorar la calidad de vida de los morelianos.\",\"breadcrumb\":{\"@id\":\"https:\/\/implanmorelia.org\/site\/#breadcrumb\"},\"inLanguage\":\"es\",\"potentialAction\":[{\"@type\":\"ReadAction\",\"target\":[\"https:\/\/implanmorelia.org\/site\/\"]}]},{\"@type\":\"BreadcrumbList\",\"@id\":\"https:\/\/implanmorelia.org\/site\/#breadcrumb\",\"itemListElement\":[{\"@type\":\"ListItem\",\"position\":1,\"name\":\"Inicio\",\"item\":\"https:\/\/implanmorelia.org\/site\/\"},{\"@type\":\"ListItem\",\"position\":2,\"name\":\"Instituto Municipal de Planeaci\u00f3n Morelia\"}]},{\"@type\":\"WebSite\",\"@id\":\"https:\/\/implanmorelia.org\/site\/#website\",\"url\":\"https:\/\/implanmorelia.org\/site\/\",\"name\":\"IMPLAN Morelia\",\"description\":\"Instituto Municipal de Planeci\u00f3n Morelia\",\"publisher\":{\"@id\":\"https:\/\/implanmorelia.org\/site\/#organization\"},\"potentialAction\":[{\"@type\":\"SearchAction\",\"target\":{\"@type\":\"EntryPoint\",\"urlTemplate\":\"https:\/\/implanmorelia.org\/site\/?s={search_term_string}\"},\"query-input\":{\"@type\":\"PropertyValueSpecification\",\"valueRequired\":true,\"valueName\":\"search_term_string\"}}],\"inLanguage\":\"es\"},{\"@type\":\"Organization\",\"@id\":\"https:\/\/implanmorelia.org\/site\/#organization\",\"name\":\"Instituto Municipal de Planeaci\u00f3n Morelia\",\"url\":\"https:\/\/implanmorelia.org\/site\/\",\"logo\":{\"@type\":\"ImageObject\",\"inLanguage\":\"es\",\"@id\":\"https:\/\/implanmorelia.org\/site\/#\/schema\/logo\/image\/\",\"url\":\"https:\/\/implanmorelia.org\/site\/wp-content\/uploads\/2020\/03\/IMPLAN-color.png\",\"contentUrl\":\"https:\/\/implanmorelia.org\/site\/wp-content\/uploads\/2020\/03\/IMPLAN-color.png\",\"width\":719,\"height\":381,\"caption\":\"Instituto Municipal de Planeaci\u00f3n Morelia\"},\"image\":{\"@id\":\"https:\/\/implanmorelia.org\/site\/#\/schema\/logo\/image\/\"},\"sameAs\":[\"https:\/\/www.facebook.com\/IMPLANmorelia\/\",\"https:\/\/x.com\/implanmorelia\",\"https:\/\/www.youtube.com\/channel\/UCfGOm_ex__MURcsr5L5JAwQ\"]}]}<\/script>\n<!-- \/ Yoast SEO plugin. -->","yoast_head_json":{"title":"Instituto Municipal de Planeaci\u00f3n Morelia - IMPLAN Morelia","description":"El Instituto Municipal de Planeaci\u00f3n de Morelia es el organismo responsable de coordinar el proceso de planeaci\u00f3n del desarrollo integral del municipio, incluyendo a los sectores p\u00fablico, social y privado en la construcci\u00f3n de una visi\u00f3n de largo plazo y mediante el impulso de la sustentabilidad y competitividad, con el prop\u00f3sito de mejorar la calidad de vida de los morelianos.","robots":{"index":"index","follow":"follow","max-snippet":"max-snippet:-1","max-image-preview":"max-image-preview:large","max-video-preview":"max-video-preview:-1"},"canonical":"https:\/\/implanmorelia.org\/site\/","og_locale":"es_MX","og_type":"article","og_title":"Instituto Municipal de Planeaci\u00f3n Morelia - IMPLAN Morelia","og_description":"El Instituto Municipal de Planeaci\u00f3n de Morelia es el organismo responsable de coordinar el proceso de planeaci\u00f3n del desarrollo integral del municipio, incluyendo a los sectores p\u00fablico, social y privado en la construcci\u00f3n de una visi\u00f3n de largo plazo y mediante el impulso de la sustentabilidad y competitividad, con el prop\u00f3sito de mejorar la calidad de vida de los morelianos.","og_url":"https:\/\/implanmorelia.org\/site\/","og_site_name":"IMPLAN Morelia","article_publisher":"https:\/\/www.facebook.com\/IMPLANmorelia\/","article_modified_time":"2020-03-10T22:49:52+00:00","twitter_card":"summary_large_image","twitter_site":"@implanmorelia","schema":{"@context":"https:\/\/schema.org","@graph":[{"@type":"WebPage","@id":"https:\/\/implanmorelia.org\/site\/","url":"https:\/\/implanmorelia.org\/site\/","name":"Instituto Municipal de Planeaci\u00f3n Morelia - IMPLAN Morelia","isPartOf":{"@id":"https:\/\/implanmorelia.org\/site\/#website"},"datePublished":"2020-01-15T18:18:16+00:00","dateModified":"2020-03-10T22:49:52+00:00","description":"El Instituto Municipal de Planeaci\u00f3n de Morelia es el organismo responsable de coordinar el proceso de planeaci\u00f3n del desarrollo integral del municipio, incluyendo a los sectores p\u00fablico, social y privado en la construcci\u00f3n de una visi\u00f3n de largo plazo y mediante el impulso de la sustentabilidad y competitividad, con el prop\u00f3sito de mejorar la calidad de vida de los morelianos.","breadcrumb":{"@id":"https:\/\/implanmorelia.org\/site\/#breadcrumb"},"inLanguage":"es","potentialAction":[{"@type":"ReadAction","target":["https:\/\/implanmorelia.org\/site\/"]}]},{"@type":"BreadcrumbList","@id":"https:\/\/implanmorelia.org\/site\/#breadcrumb","itemListElement":[{"@type":"ListItem","position":1,"name":"Inicio","item":"https:\/\/implanmorelia.org\/site\/"},{"@type":"ListItem","position":2,"name":"Instituto Municipal de Planeaci\u00f3n Morelia"}]},{"@type":"WebSite","@id":"https:\/\/implanmorelia.org\/site\/#website","url":"https:\/\/implanmorelia.org\/site\/","name":"IMPLAN Morelia","description":"Instituto Municipal de Planeci\u00f3n Morelia","publisher":{"@id":"https:\/\/implanmorelia.org\/site\/#organization"},"potentialAction":[{"@type":"SearchAction","target":{"@type":"EntryPoint","urlTemplate":"https:\/\/implanmorelia.org\/site\/?s={search_term_string}"},"query-input":{"@type":"PropertyValueSpecification","valueRequired":true,"valueName":"search_term_string"}}],"inLanguage":"es"},{"@type":"Organization","@id":"https:\/\/implanmorelia.org\/site\/#organization","name":"Instituto Municipal de Planeaci\u00f3n Morelia","url":"https:\/\/implanmorelia.org\/site\/","logo":{"@type":"ImageObject","inLanguage":"es","@id":"https:\/\/implanmorelia.org\/site\/#\/schema\/logo\/image\/","url":"https:\/\/implanmorelia.org\/site\/wp-content\/uploads\/2020\/03\/IMPLAN-color.png","contentUrl":"https:\/\/implanmorelia.org\/site\/wp-content\/uploads\/2020\/03\/IMPLAN-color.png","width":719,"height":381,"caption":"Instituto Municipal de Planeaci\u00f3n Morelia"},"image":{"@id":"https:\/\/implanmorelia.org\/site\/#\/schema\/logo\/image\/"},"sameAs":["https:\/\/www.facebook.com\/IMPLANmorelia\/","https:\/\/x.com\/implanmorelia","https:\/\/www.youtube.com\/channel\/UCfGOm_ex__MURcsr5L5JAwQ"]}]}},"_links":{"self":[{"href":"https:\/\/implanmorelia.org\/site\/wp-json\/wp\/v2\/pages\/73","targetHints":{"allow":["GET"]}}],"collection":[{"href":"https:\/\/implanmorelia.org\/site\/wp-json\/wp\/v2\/pages"}],"about":[{"href":"https:\/\/implanmorelia.org\/site\/wp-json\/wp\/v2\/types\/page"}],"author":[{"embeddable":true,"href":"https:\/\/implanmorelia.org\/site\/wp-json\/wp\/v2\/users\/1"}],"replies":[{"embeddable":true,"href":"https:\/\/implanmorelia.org\/site\/wp-json\/wp\/v2\/comments?post=73"}],"version-history":[{"count":3,"href":"https:\/\/implanmorelia.org\/site\/wp-json\/wp\/v2\/pages\/73\/revisions"}],"predecessor-version":[{"id":1157,"href":"https:\/\/implanmorelia.org\/site\/wp-json\/wp\/v2\/pages\/73\/revisions\/1157"}],"wp:attachment":[{"href":"https:\/\/implanmorelia.org\/site\/wp-json\/wp\/v2\/media?parent=73"}],"curies":[{"name":"wp","href":"https:\/\/api.w.org\/{rel}","templated":true}]}}