{"id":8738,"date":"2026-01-14T17:53:42","date_gmt":"2026-01-14T17:53:42","guid":{"rendered":"https:\/\/implanmorelia.org\/site\/?page_id=8738"},"modified":"2026-01-28T15:06:27","modified_gmt":"2026-01-28T15:06:27","slug":"tableros-interactivos-morelia","status":"publish","type":"page","link":"https:\/\/implanmorelia.org\/site\/tableros-interactivos-morelia\/","title":{"rendered":"Tableros Interactivos Morelia"},"content":{"rendered":"<style>.wp-block-kadence-spacer.kt-block-spacer-8738_377218-4a .kt-block-spacer{height:60px;}.wp-block-kadence-spacer.kt-block-spacer-8738_377218-4a .kt-divider{border-top-width:1px;height:1px;border-top-color:#eee;width:80%;border-top-style:solid;}<\/style>\n<div class=\"wp-block-kadence-spacer aligncenter kt-block-spacer-8738_377218-4a\"><div class=\"kt-block-spacer kt-block-spacer-halign-center\"><hr class=\"kt-divider\"\/><\/div><\/div>\n\n\n\n<div class=\"wp-block-columns is-layout-flex wp-container-core-columns-is-layout-9d6595d7 wp-block-columns-is-layout-flex\">\n<div class=\"wp-block-column is-layout-flow wp-block-column-is-layout-flow\">\n<p class=\"has-text-align-center has-very-light-gray-color has-text-color has-background has-normal-font-size\" style=\"background-color:#6c1b70\"><strong>SI1. Demogr\u00e1fico y Social<\/strong><\/p>\n\n\n\n<figure class=\"wp-block-image size-large\"><img loading=\"lazy\" decoding=\"async\" width=\"700\" height=\"700\" src=\"https:\/\/implanmorelia.org\/site\/wp-content\/uploads\/2021\/08\/Demogr\u2020ficos-y-sociales.png\" alt=\"\" class=\"wp-image-1425\" srcset=\"https:\/\/implanmorelia.org\/site\/wp-content\/uploads\/2021\/08\/Demogr\u2020ficos-y-sociales.png 700w, https:\/\/implanmorelia.org\/site\/wp-content\/uploads\/2021\/08\/Demogr\u2020ficos-y-sociales-300x300.png 300w, https:\/\/implanmorelia.org\/site\/wp-content\/uploads\/2021\/08\/Demogr\u2020ficos-y-sociales-150x150.png 150w\" sizes=\"auto, (max-width: 700px) 100vw, 700px\" \/><\/figure>\n\n\n<style>.wp-block-kadence-iconlist.kt-svg-icon-list-items8738_dcb970-f1:not(.this-stops-third-party-issues){margin-top:0px;margin-bottom:0px;}.wp-block-kadence-iconlist.kt-svg-icon-list-items8738_dcb970-f1 ul.kt-svg-icon-list:not(.this-prevents-issues):not(.this-stops-third-party-issues):not(.tijsloc){margin-top:0px;margin-right:0px;margin-bottom:10px;margin-left:0px;}.wp-block-kadence-iconlist.kt-svg-icon-list-items8738_dcb970-f1 ul.kt-svg-icon-list{grid-row-gap:5px;}.wp-block-kadence-iconlist.kt-svg-icon-list-items8738_dcb970-f1 ul.kt-svg-icon-list .kt-svg-icon-list-item-wrap .kt-svg-icon-list-single{margin-right:10px;}.kt-svg-icon-list-items8738_dcb970-f1 ul.kt-svg-icon-list .kt-svg-icon-list-item-wrap, .kt-svg-icon-list-items8738_dcb970-f1 ul.kt-svg-icon-list .kt-svg-icon-list-item-wrap a{color:#6c1b70;color:#6c1b70;}<\/style>\n<div class=\"wp-block-kadence-iconlist kt-svg-icon-list-items kt-svg-icon-list-items8738_dcb970-f1 kt-svg-icon-list-columns-1 alignleft\"><ul class=\"kt-svg-icon-list\"><style>.kt-svg-icon-list-item-8738_84d0f6-b3 .kt-svg-icon-list-single{font-size:20px !important;color:#6c1b70 !important;}.kt-svg-icon-list-item-8738_84d0f6-b3 .kt-svg-icon-list-text mark.kt-highlight{background-color:unset;font-style:normal;color:#f76a0c;-webkit-box-decoration-break:clone;box-decoration-break:clone;padding-top:0px;padding-right:0px;padding-bottom:0px;padding-left:0px;}<\/style>\n<li class=\"wp-block-kadence-listitem kt-svg-icon-list-item-wrap kt-svg-icon-list-item-8738_84d0f6-b3 kt-svg-icon-list-style-default\"><span class=\"kb-svg-icon-wrap kb-svg-icon-fe_arrowRight kt-svg-icon-list-single\"><svg viewBox=\"0 0 24 24\"  fill=\"none\" stroke=\"currentColor\" stroke-width=\"2\" stroke-linecap=\"round\" stroke-linejoin=\"round\" xmlns=\"http:\/\/www.w3.org\/2000\/svg\"  aria-hidden=\"true\"><line x1=\"5\" y1=\"12\" x2=\"19\" y2=\"12\"\/><polyline points=\"12 5 19 12 12 19\"\/><\/svg><\/span><span class=\"kt-svg-icon-list-text\"> <a href=\"https:\/\/public.tableau.com\/views\/DASH_LOCALIDADES_v4\/Dashpoblacin?:language=es-ES&amp;:sid=&amp;:redirect=auth&amp;:display_count=n&amp;:origin=viz_share_link\" target=\"_blank\" rel=\"noreferrer noopener\"><strong>SI1.1.  Tablero interactivo de consultas sociodemogr\u00e1ficas por localidad<\/strong> <\/a><\/span><\/li>\n\n\n<style>.kt-svg-icon-list-item-8738_26d771-f1 .kt-svg-icon-list-single{font-size:20px !important;color:#6c1b70 !important;}.kt-svg-icon-list-item-8738_26d771-f1 .kt-svg-icon-list-text mark.kt-highlight{background-color:unset;font-style:normal;color:#f76a0c;-webkit-box-decoration-break:clone;box-decoration-break:clone;padding-top:0px;padding-right:0px;padding-bottom:0px;padding-left:0px;}<\/style>\n<li class=\"wp-block-kadence-listitem kt-svg-icon-list-item-wrap kt-svg-icon-list-item-8738_26d771-f1 kt-svg-icon-list-style-default\"><span class=\"kb-svg-icon-wrap kb-svg-icon-fe_arrowRight kt-svg-icon-list-single\"><svg viewBox=\"0 0 24 24\"  fill=\"none\" stroke=\"currentColor\" stroke-width=\"2\" stroke-linecap=\"round\" stroke-linejoin=\"round\" xmlns=\"http:\/\/www.w3.org\/2000\/svg\"  aria-hidden=\"true\"><line x1=\"5\" y1=\"12\" x2=\"19\" y2=\"12\"\/><polyline points=\"12 5 19 12 12 19\"\/><\/svg><\/span><span class=\"kt-svg-icon-list-text\"> <strong><a href=\"https:\/\/public.tableau.com\/views\/censo_economicoRegionCuitzeo_17640859484010\/Dashboard1?:language=es-ES&amp;:sid=&amp;:redirect=auth&amp;:display_count=n&amp;:origin=viz_share_link\" target=\"_blank\" rel=\"noreferrer noopener\">S<\/a><\/strong><a href=\"https:\/\/public.tableau.com\/views\/Tablero_Colonias_Morelia\/Dashboardcolonias?:language=es-ES&amp;:sid=&amp;:redirect=auth&amp;:display_count=n&amp;:origin=viz_share_link\" target=\"_blank\" rel=\"noreferrer noopener\"><strong>I1.2.  Tablero interactivo de consultas sociodemogr\u00e1ficas por colonias  <\/strong> <\/a><\/span><\/li>\n<\/ul><\/div>\n\n\n\n<p class=\"has-text-align-left has-text-color\" style=\"color:#6c1b70\"><\/p>\n<\/div>\n\n\n\n<div class=\"wp-block-column is-layout-flow wp-block-column-is-layout-flow\">\n<p class=\"has-text-align-center has-very-light-gray-color has-text-color has-background has-normal-font-size\" style=\"background-color:#d91c5c\"><strong>SI2. Econ\u00f3mico <\/strong><\/p>\n\n\n\n<figure class=\"wp-block-image size-large\"><img loading=\"lazy\" decoding=\"async\" width=\"700\" height=\"700\" src=\"https:\/\/implanmorelia.org\/site\/wp-content\/uploads\/2021\/08\/Econ\u00a2micos.png\" alt=\"\" class=\"wp-image-1426\" srcset=\"https:\/\/implanmorelia.org\/site\/wp-content\/uploads\/2021\/08\/Econ\u00a2micos.png 700w, https:\/\/implanmorelia.org\/site\/wp-content\/uploads\/2021\/08\/Econ\u00a2micos-300x300.png 300w, https:\/\/implanmorelia.org\/site\/wp-content\/uploads\/2021\/08\/Econ\u00a2micos-150x150.png 150w\" sizes=\"auto, (max-width: 700px) 100vw, 700px\" \/><\/figure>\n\n\n<style>.wp-block-kadence-iconlist.kt-svg-icon-list-items8738_e5bf57-e5:not(.this-stops-third-party-issues){margin-top:0px;margin-bottom:0px;}.wp-block-kadence-iconlist.kt-svg-icon-list-items8738_e5bf57-e5 ul.kt-svg-icon-list:not(.this-prevents-issues):not(.this-stops-third-party-issues):not(.tijsloc){margin-top:0px;margin-right:0px;margin-bottom:10px;margin-left:0px;}.wp-block-kadence-iconlist.kt-svg-icon-list-items8738_e5bf57-e5 ul.kt-svg-icon-list{grid-row-gap:5px;}.wp-block-kadence-iconlist.kt-svg-icon-list-items8738_e5bf57-e5 ul.kt-svg-icon-list .kt-svg-icon-list-item-wrap .kt-svg-icon-list-single{margin-right:10px;}.kt-svg-icon-list-items8738_e5bf57-e5 ul.kt-svg-icon-list .kt-svg-icon-list-item-wrap, .kt-svg-icon-list-items8738_e5bf57-e5 ul.kt-svg-icon-list .kt-svg-icon-list-item-wrap a{color:#d91c5c;color:#d91c5c;}<\/style>\n<div class=\"wp-block-kadence-iconlist kt-svg-icon-list-items kt-svg-icon-list-items8738_e5bf57-e5 kt-svg-icon-list-columns-1 alignleft\"><ul class=\"kt-svg-icon-list\"><style>.kt-svg-icon-list-item-8738_a634b1-9d .kt-svg-icon-list-single{font-size:20px !important;color:#d91c5c !important;}.kt-svg-icon-list-item-8738_a634b1-9d .kt-svg-icon-list-text mark.kt-highlight{background-color:unset;font-style:normal;color:#f76a0c;-webkit-box-decoration-break:clone;box-decoration-break:clone;padding-top:0px;padding-right:0px;padding-bottom:0px;padding-left:0px;}<\/style>\n<li class=\"wp-block-kadence-listitem kt-svg-icon-list-item-wrap kt-svg-icon-list-item-8738_a634b1-9d kt-svg-icon-list-style-default\"><span class=\"kb-svg-icon-wrap kb-svg-icon-fe_arrowRight kt-svg-icon-list-single\"><svg viewBox=\"0 0 24 24\"  fill=\"none\" stroke=\"currentColor\" stroke-width=\"2\" stroke-linecap=\"round\" stroke-linejoin=\"round\" xmlns=\"http:\/\/www.w3.org\/2000\/svg\"  aria-hidden=\"true\"><line x1=\"5\" y1=\"12\" x2=\"19\" y2=\"12\"\/><polyline points=\"12 5 19 12 12 19\"\/><\/svg><\/span><span class=\"kt-svg-icon-list-text\"> <strong><a href=\"https:\/\/public.tableau.com\/views\/censo_economicoRegionCuitzeo_17640859484010\/Dashboard1?:language=es-ES&amp;:sid=&amp;:redirect=auth&amp;:display_count=n&amp;:origin=viz_share_link\" target=\"_blank\" rel=\"noreferrer noopener\">S<\/a><\/strong><a href=\"https:\/\/public.tableau.com\/views\/censo_economicoRegionCuitzeo_17640859484010\/Dashboard1?:language=es-ES&amp;:sid=&amp;:redirect=auth&amp;:display_count=n&amp;:origin=viz_share_link\" target=\"_blank\" rel=\"noreferrer noopener\"><strong>I2.1. Tablero interactivo de informaci\u00f3n econ\u00f3mica de la regi\u00f3n Cuitzeo<\/strong><\/a><\/span><\/li>\n<\/ul><\/div>\n<\/div>\n\n\n\n<div class=\"wp-block-column is-layout-flow wp-block-column-is-layout-flow\">\n<p class=\"has-text-align-center has-very-light-gray-color has-text-color has-background\" style=\"background-color:#1fe0b9\"> <strong>SI3. Administrativo y de Gobierno<\/strong> <\/p>\n\n\n\n<figure class=\"wp-block-image size-large\"><img loading=\"lazy\" decoding=\"async\" width=\"700\" height=\"700\" src=\"https:\/\/implanmorelia.org\/site\/wp-content\/uploads\/2021\/08\/Administrativos-y-de-gobierno.png\" alt=\"\" class=\"wp-image-1424\" srcset=\"https:\/\/implanmorelia.org\/site\/wp-content\/uploads\/2021\/08\/Administrativos-y-de-gobierno.png 700w, https:\/\/implanmorelia.org\/site\/wp-content\/uploads\/2021\/08\/Administrativos-y-de-gobierno-300x300.png 300w, https:\/\/implanmorelia.org\/site\/wp-content\/uploads\/2021\/08\/Administrativos-y-de-gobierno-150x150.png 150w\" sizes=\"auto, (max-width: 700px) 100vw, 700px\" \/><\/figure>\n\n\n<style>.wp-block-kadence-iconlist.kt-svg-icon-list-items8738_f77c7d-a6:not(.this-stops-third-party-issues){margin-top:0px;margin-bottom:0px;}.wp-block-kadence-iconlist.kt-svg-icon-list-items8738_f77c7d-a6 ul.kt-svg-icon-list:not(.this-prevents-issues):not(.this-stops-third-party-issues):not(.tijsloc){margin-top:0px;margin-right:0px;margin-bottom:10px;margin-left:0px;}.wp-block-kadence-iconlist.kt-svg-icon-list-items8738_f77c7d-a6 ul.kt-svg-icon-list{grid-row-gap:5px;}.wp-block-kadence-iconlist.kt-svg-icon-list-items8738_f77c7d-a6 ul.kt-svg-icon-list .kt-svg-icon-list-item-wrap .kt-svg-icon-list-single{margin-right:10px;}.kt-svg-icon-list-items8738_f77c7d-a6 ul.kt-svg-icon-list .kt-svg-icon-list-item-wrap, .kt-svg-icon-list-items8738_f77c7d-a6 ul.kt-svg-icon-list .kt-svg-icon-list-item-wrap a{color:#1fe0b9;color:#1fe0b9;}<\/style>\n<div class=\"wp-block-kadence-iconlist kt-svg-icon-list-items kt-svg-icon-list-items8738_f77c7d-a6 kt-svg-icon-list-columns-1 alignnone\"><ul class=\"kt-svg-icon-list\"><style>.kt-svg-icon-list-item-8738_69e6cd-bb .kt-svg-icon-list-single{font-size:20px !important;color:#1fe0b9 !important;}.kt-svg-icon-list-item-8738_69e6cd-bb .kt-svg-icon-list-text mark.kt-highlight{background-color:unset;font-style:normal;color:#f76a0c;-webkit-box-decoration-break:clone;box-decoration-break:clone;padding-top:0px;padding-right:0px;padding-bottom:0px;padding-left:0px;}<\/style>\n<li class=\"wp-block-kadence-listitem kt-svg-icon-list-item-wrap kt-svg-icon-list-item-8738_69e6cd-bb kt-svg-icon-list-style-default\"><span class=\"kb-svg-icon-wrap kb-svg-icon-fe_arrowRight kt-svg-icon-list-single\"><svg viewBox=\"0 0 24 24\"  fill=\"none\" stroke=\"currentColor\" stroke-width=\"2\" stroke-linecap=\"round\" stroke-linejoin=\"round\" xmlns=\"http:\/\/www.w3.org\/2000\/svg\"  aria-hidden=\"true\"><line x1=\"5\" y1=\"12\" x2=\"19\" y2=\"12\"\/><polyline points=\"12 5 19 12 12 19\"\/><\/svg><\/span><span class=\"kt-svg-icon-list-text\"> <strong><a href=\"https:\/\/public.tableau.com\/views\/PruebaCOEPRAV1\/Dashfinal?:language=es-ES&amp;:sid=&amp;:redirect=auth&amp;:display_count=n&amp;:origin=viz_share_link\" target=\"_blank\" rel=\"noreferrer noopener\">SI3.1. Tablero interactivo accidentes viales<\/a><\/strong><\/span><\/li>\n\n\n<style>.kt-svg-icon-list-item-8738_438110-fb .kt-svg-icon-list-single{font-size:20px !important;color:#1fe0b9 !important;}.kt-svg-icon-list-item-8738_438110-fb .kt-svg-icon-list-text mark.kt-highlight{background-color:unset;font-style:normal;color:#f76a0c;-webkit-box-decoration-break:clone;box-decoration-break:clone;padding-top:0px;padding-right:0px;padding-bottom:0px;padding-left:0px;}<\/style>\n<li class=\"wp-block-kadence-listitem kt-svg-icon-list-item-wrap kt-svg-icon-list-item-8738_438110-fb kt-svg-icon-list-style-default\"><span class=\"kb-svg-icon-wrap kb-svg-icon-fe_arrowRight kt-svg-icon-list-single\"><svg viewBox=\"0 0 24 24\"  fill=\"none\" stroke=\"currentColor\" stroke-width=\"2\" stroke-linecap=\"round\" stroke-linejoin=\"round\" xmlns=\"http:\/\/www.w3.org\/2000\/svg\"  aria-hidden=\"true\"><line x1=\"5\" y1=\"12\" x2=\"19\" y2=\"12\"\/><polyline points=\"12 5 19 12 12 19\"\/><\/svg><\/span><span class=\"kt-svg-icon-list-text\"><strong><strong><a href=\"https:\/\/public.tableau.com\/views\/SeguimientoPMDMorelia2024-2027\/Historia1?:language=es-ES&amp;:sid=&amp;:redirect=auth&amp;:display_count=n&amp;:origin=viz_share_link\" target=\"_blank\" rel=\"noreferrer noopener\">SI3.2. Tablero interactivo de seguimiento al Programa Municipal de Desarrollo de Morelia<\/a><\/strong><\/strong><\/span><\/li>\n<\/ul><\/div>\n<\/div>\n<\/div>\n\n\n<style>.wp-block-kadence-spacer.kt-block-spacer-8738_fdf8d0-3a .kt-block-spacer{height:60px;}.wp-block-kadence-spacer.kt-block-spacer-8738_fdf8d0-3a .kt-divider{border-top-width:1px;height:1px;border-top-color:#eee;width:80%;border-top-style:solid;}<\/style>\n<div class=\"wp-block-kadence-spacer aligncenter kt-block-spacer-8738_fdf8d0-3a\"><div class=\"kt-block-spacer kt-block-spacer-halign-center\"><hr class=\"kt-divider\"\/><\/div><\/div>\n\n\n\n<p><\/p>\n","protected":false},"excerpt":{"rendered":"<p>SI1. Demogr\u00e1fico y Social SI2. Econ\u00f3mico SI3. Administrativo y de Gobierno<\/p>\n","protected":false},"author":1,"featured_media":0,"parent":0,"menu_order":0,"comment_status":"closed","ping_status":"closed","template":"","meta":{"_acf_changed":false,"inline_featured_image":false,"footnotes":""},"class_list":["post-8738","page","type-page","status-publish","hentry"],"acf":[],"yoast_head":"<!-- This site is optimized with the Yoast SEO plugin v24.2 - https:\/\/yoast.com\/wordpress\/plugins\/seo\/ -->\n<title>Tableros Interactivos Morelia - IMPLAN Morelia<\/title>\n<meta name=\"robots\" content=\"index, follow, max-snippet:-1, max-image-preview:large, max-video-preview:-1\" \/>\n<link rel=\"canonical\" href=\"https:\/\/implanmorelia.org\/site\/tableros-interactivos-morelia\/\" \/>\n<meta property=\"og:locale\" content=\"es_MX\" \/>\n<meta property=\"og:type\" content=\"article\" \/>\n<meta property=\"og:title\" content=\"Tableros Interactivos Morelia - IMPLAN Morelia\" \/>\n<meta property=\"og:description\" content=\"SI1. Demogr\u00e1fico y Social SI2. Econ\u00f3mico SI3. Administrativo y de Gobierno\" \/>\n<meta property=\"og:url\" content=\"https:\/\/implanmorelia.org\/site\/tableros-interactivos-morelia\/\" \/>\n<meta property=\"og:site_name\" content=\"IMPLAN Morelia\" \/>\n<meta property=\"article:publisher\" content=\"https:\/\/www.facebook.com\/IMPLANmorelia\/\" \/>\n<meta property=\"article:modified_time\" content=\"2026-01-28T15:06:27+00:00\" \/>\n<meta property=\"og:image\" content=\"https:\/\/implanmorelia.org\/site\/wp-content\/uploads\/2021\/08\/Administrativos-y-de-gobierno.png\" \/>\n<meta name=\"twitter:card\" content=\"summary_large_image\" \/>\n<meta name=\"twitter:site\" content=\"@implanmorelia\" \/>\n<meta name=\"twitter:label1\" content=\"Tiempo de lectura\" \/>\n\t<meta name=\"twitter:data1\" content=\"1 minuto\" \/>\n<script type=\"application\/ld+json\" class=\"yoast-schema-graph\">{\"@context\":\"https:\/\/schema.org\",\"@graph\":[{\"@type\":\"WebPage\",\"@id\":\"https:\/\/implanmorelia.org\/site\/tableros-interactivos-morelia\/\",\"url\":\"https:\/\/implanmorelia.org\/site\/tableros-interactivos-morelia\/\",\"name\":\"Tableros Interactivos Morelia - IMPLAN Morelia\",\"isPartOf\":{\"@id\":\"https:\/\/implanmorelia.org\/site\/#website\"},\"primaryImageOfPage\":{\"@id\":\"https:\/\/implanmorelia.org\/site\/tableros-interactivos-morelia\/#primaryimage\"},\"image\":{\"@id\":\"https:\/\/implanmorelia.org\/site\/tableros-interactivos-morelia\/#primaryimage\"},\"thumbnailUrl\":\"https:\/\/implanmorelia.org\/site\/wp-content\/uploads\/2021\/08\/Administrativos-y-de-gobierno.png\",\"datePublished\":\"2026-01-14T17:53:42+00:00\",\"dateModified\":\"2026-01-28T15:06:27+00:00\",\"breadcrumb\":{\"@id\":\"https:\/\/implanmorelia.org\/site\/tableros-interactivos-morelia\/#breadcrumb\"},\"inLanguage\":\"es\",\"potentialAction\":[{\"@type\":\"ReadAction\",\"target\":[\"https:\/\/implanmorelia.org\/site\/tableros-interactivos-morelia\/\"]}]},{\"@type\":\"ImageObject\",\"inLanguage\":\"es\",\"@id\":\"https:\/\/implanmorelia.org\/site\/tableros-interactivos-morelia\/#primaryimage\",\"url\":\"https:\/\/implanmorelia.org\/site\/wp-content\/uploads\/2021\/08\/Administrativos-y-de-gobierno.png\",\"contentUrl\":\"https:\/\/implanmorelia.org\/site\/wp-content\/uploads\/2021\/08\/Administrativos-y-de-gobierno.png\",\"width\":700,\"height\":700,\"caption\":\"5\"},{\"@type\":\"BreadcrumbList\",\"@id\":\"https:\/\/implanmorelia.org\/site\/tableros-interactivos-morelia\/#breadcrumb\",\"itemListElement\":[{\"@type\":\"ListItem\",\"position\":1,\"name\":\"Inicio\",\"item\":\"https:\/\/implanmorelia.org\/site\/\"},{\"@type\":\"ListItem\",\"position\":2,\"name\":\"Tableros Interactivos Morelia\"}]},{\"@type\":\"WebSite\",\"@id\":\"https:\/\/implanmorelia.org\/site\/#website\",\"url\":\"https:\/\/implanmorelia.org\/site\/\",\"name\":\"IMPLAN Morelia\",\"description\":\"Instituto Municipal de Planeci\u00f3n Morelia\",\"publisher\":{\"@id\":\"https:\/\/implanmorelia.org\/site\/#organization\"},\"potentialAction\":[{\"@type\":\"SearchAction\",\"target\":{\"@type\":\"EntryPoint\",\"urlTemplate\":\"https:\/\/implanmorelia.org\/site\/?s={search_term_string}\"},\"query-input\":{\"@type\":\"PropertyValueSpecification\",\"valueRequired\":true,\"valueName\":\"search_term_string\"}}],\"inLanguage\":\"es\"},{\"@type\":\"Organization\",\"@id\":\"https:\/\/implanmorelia.org\/site\/#organization\",\"name\":\"Instituto Municipal de Planeaci\u00f3n Morelia\",\"url\":\"https:\/\/implanmorelia.org\/site\/\",\"logo\":{\"@type\":\"ImageObject\",\"inLanguage\":\"es\",\"@id\":\"https:\/\/implanmorelia.org\/site\/#\/schema\/logo\/image\/\",\"url\":\"https:\/\/implanmorelia.org\/site\/wp-content\/uploads\/2020\/03\/IMPLAN-color.png\",\"contentUrl\":\"https:\/\/implanmorelia.org\/site\/wp-content\/uploads\/2020\/03\/IMPLAN-color.png\",\"width\":719,\"height\":381,\"caption\":\"Instituto Municipal de Planeaci\u00f3n Morelia\"},\"image\":{\"@id\":\"https:\/\/implanmorelia.org\/site\/#\/schema\/logo\/image\/\"},\"sameAs\":[\"https:\/\/www.facebook.com\/IMPLANmorelia\/\",\"https:\/\/x.com\/implanmorelia\",\"https:\/\/www.youtube.com\/channel\/UCfGOm_ex__MURcsr5L5JAwQ\"]}]}<\/script>\n<!-- \/ Yoast SEO plugin. -->","yoast_head_json":{"title":"Tableros Interactivos Morelia - IMPLAN Morelia","robots":{"index":"index","follow":"follow","max-snippet":"max-snippet:-1","max-image-preview":"max-image-preview:large","max-video-preview":"max-video-preview:-1"},"canonical":"https:\/\/implanmorelia.org\/site\/tableros-interactivos-morelia\/","og_locale":"es_MX","og_type":"article","og_title":"Tableros Interactivos Morelia - IMPLAN Morelia","og_description":"SI1. Demogr\u00e1fico y Social SI2. Econ\u00f3mico SI3. Administrativo y de Gobierno","og_url":"https:\/\/implanmorelia.org\/site\/tableros-interactivos-morelia\/","og_site_name":"IMPLAN Morelia","article_publisher":"https:\/\/www.facebook.com\/IMPLANmorelia\/","article_modified_time":"2026-01-28T15:06:27+00:00","og_image":[{"url":"https:\/\/implanmorelia.org\/site\/wp-content\/uploads\/2021\/08\/Administrativos-y-de-gobierno.png","type":"","width":"","height":""}],"twitter_card":"summary_large_image","twitter_site":"@implanmorelia","twitter_misc":{"Tiempo de lectura":"1 minuto"},"schema":{"@context":"https:\/\/schema.org","@graph":[{"@type":"WebPage","@id":"https:\/\/implanmorelia.org\/site\/tableros-interactivos-morelia\/","url":"https:\/\/implanmorelia.org\/site\/tableros-interactivos-morelia\/","name":"Tableros Interactivos Morelia - IMPLAN Morelia","isPartOf":{"@id":"https:\/\/implanmorelia.org\/site\/#website"},"primaryImageOfPage":{"@id":"https:\/\/implanmorelia.org\/site\/tableros-interactivos-morelia\/#primaryimage"},"image":{"@id":"https:\/\/implanmorelia.org\/site\/tableros-interactivos-morelia\/#primaryimage"},"thumbnailUrl":"https:\/\/implanmorelia.org\/site\/wp-content\/uploads\/2021\/08\/Administrativos-y-de-gobierno.png","datePublished":"2026-01-14T17:53:42+00:00","dateModified":"2026-01-28T15:06:27+00:00","breadcrumb":{"@id":"https:\/\/implanmorelia.org\/site\/tableros-interactivos-morelia\/#breadcrumb"},"inLanguage":"es","potentialAction":[{"@type":"ReadAction","target":["https:\/\/implanmorelia.org\/site\/tableros-interactivos-morelia\/"]}]},{"@type":"ImageObject","inLanguage":"es","@id":"https:\/\/implanmorelia.org\/site\/tableros-interactivos-morelia\/#primaryimage","url":"https:\/\/implanmorelia.org\/site\/wp-content\/uploads\/2021\/08\/Administrativos-y-de-gobierno.png","contentUrl":"https:\/\/implanmorelia.org\/site\/wp-content\/uploads\/2021\/08\/Administrativos-y-de-gobierno.png","width":700,"height":700,"caption":"5"},{"@type":"BreadcrumbList","@id":"https:\/\/implanmorelia.org\/site\/tableros-interactivos-morelia\/#breadcrumb","itemListElement":[{"@type":"ListItem","position":1,"name":"Inicio","item":"https:\/\/implanmorelia.org\/site\/"},{"@type":"ListItem","position":2,"name":"Tableros Interactivos Morelia"}]},{"@type":"WebSite","@id":"https:\/\/implanmorelia.org\/site\/#website","url":"https:\/\/implanmorelia.org\/site\/","name":"IMPLAN Morelia","description":"Instituto Municipal de Planeci\u00f3n Morelia","publisher":{"@id":"https:\/\/implanmorelia.org\/site\/#organization"},"potentialAction":[{"@type":"SearchAction","target":{"@type":"EntryPoint","urlTemplate":"https:\/\/implanmorelia.org\/site\/?s={search_term_string}"},"query-input":{"@type":"PropertyValueSpecification","valueRequired":true,"valueName":"search_term_string"}}],"inLanguage":"es"},{"@type":"Organization","@id":"https:\/\/implanmorelia.org\/site\/#organization","name":"Instituto Municipal de Planeaci\u00f3n Morelia","url":"https:\/\/implanmorelia.org\/site\/","logo":{"@type":"ImageObject","inLanguage":"es","@id":"https:\/\/implanmorelia.org\/site\/#\/schema\/logo\/image\/","url":"https:\/\/implanmorelia.org\/site\/wp-content\/uploads\/2020\/03\/IMPLAN-color.png","contentUrl":"https:\/\/implanmorelia.org\/site\/wp-content\/uploads\/2020\/03\/IMPLAN-color.png","width":719,"height":381,"caption":"Instituto Municipal de Planeaci\u00f3n Morelia"},"image":{"@id":"https:\/\/implanmorelia.org\/site\/#\/schema\/logo\/image\/"},"sameAs":["https:\/\/www.facebook.com\/IMPLANmorelia\/","https:\/\/x.com\/implanmorelia","https:\/\/www.youtube.com\/channel\/UCfGOm_ex__MURcsr5L5JAwQ"]}]}},"_links":{"self":[{"href":"https:\/\/implanmorelia.org\/site\/wp-json\/wp\/v2\/pages\/8738","targetHints":{"allow":["GET"]}}],"collection":[{"href":"https:\/\/implanmorelia.org\/site\/wp-json\/wp\/v2\/pages"}],"about":[{"href":"https:\/\/implanmorelia.org\/site\/wp-json\/wp\/v2\/types\/page"}],"author":[{"embeddable":true,"href":"https:\/\/implanmorelia.org\/site\/wp-json\/wp\/v2\/users\/1"}],"replies":[{"embeddable":true,"href":"https:\/\/implanmorelia.org\/site\/wp-json\/wp\/v2\/comments?post=8738"}],"version-history":[{"count":5,"href":"https:\/\/implanmorelia.org\/site\/wp-json\/wp\/v2\/pages\/8738\/revisions"}],"predecessor-version":[{"id":8761,"href":"https:\/\/implanmorelia.org\/site\/wp-json\/wp\/v2\/pages\/8738\/revisions\/8761"}],"wp:attachment":[{"href":"https:\/\/implanmorelia.org\/site\/wp-json\/wp\/v2\/media?parent=8738"}],"curies":[{"name":"wp","href":"https:\/\/api.w.org\/{rel}","templated":true}]}}